{"id":8596,"date":"2022-11-09T13:51:54","date_gmt":"2022-11-09T12:51:54","guid":{"rendered":"https:\/\/www.valaz.es\/producto\/mitigeur-pour-lavabo-encastre-rond-monocommande-acier-brosse-serie-jucar\/"},"modified":"2022-11-09T13:51:54","modified_gmt":"2022-11-09T12:51:54","slug":"grifo-de-lavabo-empotrado-redondo-monomando-acero-cepillado-serie-jucar","status":"publish","type":"product","link":"https:\/\/www.valaz.es\/fr\/produit\/grifo-de-lavabo-empotrado-redondo-monomando-acero-cepillado-serie-jucar\/","title":{"rendered":"Mitigeur pour lavabo encastr\u00e9 rond monocommande acier bross\u00e9 Serie Jucar"},"content":{"rendered":"<p>Comprend: Corps du robinet laiton, cartouche en c\u00e9ramique, mitigeur d&#8217;eau froide et chaude. Bec 21 cm.<\/p>\n<p><span class=\"a-list-item\">Finitions: acier bross\u00e9<\/span><\/p>\n","protected":false},"excerpt":{"rendered":"<p>La s\u00e9rie J\u00facar aux lignes courbes et rondes offre confort, \u00e9l\u00e9gance et bien-\u00eatre, parfaite pour tous les types de salles de bains. Actuellement nous avons diff\u00e9rentes finitions chrom\u00e9es, acier bross\u00e9, dor\u00e9 bross\u00e9, or vieilli, noir mat, blanc. C&#8217;est l&#8217;une de nos s\u00e9ries les plus compl\u00e8tes: Douche encastrable o\u00f9 vous pouvez ajouter un bec, robinet de lavabo, de bidet, et une robinet pour baignoire encastr\u00e9 avec totem autoportante. Tous nos mod\u00e8les de robinetterie \u00e0 encastrer comprennent le coffret avec cartouche et s\u00e9lecteur monocommande, le support de douche, le flexible et la douchette ainsi que le pommeau de douche.<\/p>\n<p>La garantie de tous nos produits est de 3 ans, pour le fonctionnement, la dur\u00e9e de l&#8217;\u00e9maillage et l&#8217;anti-corrosion.<\/p>\n<p>Nous recommandons un entretien correct pour \u00e9viter la d\u00e9t\u00e9rioration due \u00e0 l&#8217;utilisation. S\u00e9chez les gouttes d&#8217;eau apr\u00e8s utilisation, en \u00e9vitant qu&#8217;elles ne se d\u00e9posent sur la surface et d\u00e9t\u00e9riorent la finition N&#8217;utilisez pas d&#8217;\u00e9ponges qui peuvent rayer les robinets et utilisez des nettoyants tels que du vinaigre de nettoyage, de l&#8217;eau chaude et du savon au pH neutre.<\/p>\n<p>&nbsp;<\/p>\n<p><strong>Notre service technique dispose de guides pour tous nos mod\u00e8les encastrables.Si vous avez des questions sur l&#8217;installation, contactez-nous par t\u00e9l\u00e9phone, WhatsApp ou par e-mail.<strong><\/strong><\/strong><\/p>\n<p><strong>N&#8217;oubliez pas qu&#8217;une fois le corps encastrable du robinet est install\u00e9, vous devez v\u00e9rifier son bon fonctionnement (passage d&#8217;eau, cartouche&#8230;), si vous d\u00e9tectez une anomalie, contactez-nous pour vous aider, ne continuez pas avec l&#8217;installation.<\/strong><\/p>\n","protected":false},"featured_media":1929,"template":"","meta":[],"product_brand":[],"product_cat":[276,273],"product_tag":[],"serie":[164],"manual-de-instalacion":[222],"color":[283],"class_list":{"0":"post-8596","1":"product","2":"type-product","3":"status-publish","4":"has-post-thumbnail","6":"product_cat-robinets-de-bassin","7":"product_cat-robinets-de-bassin-integres","8":"serie-jucar-fr","9":"manual-de-instalacion-guia-instalacion-grifo-lavabo-empotrado-con-caja-fr","10":"color-acero-cepillado-fr","12":"first","13":"instock","14":"taxable","15":"shipping-taxable","16":"product-type-simple"},"_links":{"self":[{"href":"https:\/\/www.valaz.es\/fr\/wp-json\/wp\/v2\/product\/8596","targetHints":{"allow":["GET"]}}],"collection":[{"href":"https:\/\/www.valaz.es\/fr\/wp-json\/wp\/v2\/product"}],"about":[{"href":"https:\/\/www.valaz.es\/fr\/wp-json\/wp\/v2\/types\/product"}],"wp:featuredmedia":[{"embeddable":true,"href":"https:\/\/www.valaz.es\/fr\/wp-json\/wp\/v2\/media\/1929"}],"wp:attachment":[{"href":"https:\/\/www.valaz.es\/fr\/wp-json\/wp\/v2\/media?parent=8596"}],"wp:term":[{"taxonomy":"product_brand","embeddable":true,"href":"https:\/\/www.valaz.es\/fr\/wp-json\/wp\/v2\/product_brand?post=8596"},{"taxonomy":"product_cat","embeddable":true,"href":"https:\/\/www.valaz.es\/fr\/wp-json\/wp\/v2\/product_cat?post=8596"},{"taxonomy":"product_tag","embeddable":true,"href":"https:\/\/www.valaz.es\/fr\/wp-json\/wp\/v2\/product_tag?post=8596"},{"taxonomy":"serie","embeddable":true,"href":"https:\/\/www.valaz.es\/fr\/wp-json\/wp\/v2\/serie?post=8596"},{"taxonomy":"manual-de-instalacion","embeddable":true,"href":"https:\/\/www.valaz.es\/fr\/wp-json\/wp\/v2\/manual-de-instalacion?post=8596"},{"taxonomy":"color","embeddable":true,"href":"https:\/\/www.valaz.es\/fr\/wp-json\/wp\/v2\/color?post=8596"}],"curies":[{"name":"wp","href":"https:\/\/api.w.org\/{rel}","templated":true}]}}