{"id":8592,"date":"2022-11-14T15:30:45","date_gmt":"2022-11-14T14:30:45","guid":{"rendered":"https:\/\/www.valaz.es\/producto\/douche-encastre-monocommande-carre-avec-cascade-et-pluie-noir-mat-serie-niagara\/"},"modified":"2022-11-14T15:30:45","modified_gmt":"2022-11-14T14:30:45","slug":"ducha-empotrada-monomando-cuadrada-cascada-y-lluvia-negro-mate-serie-niagara","status":"publish","type":"product","link":"https:\/\/www.valaz.es\/fr\/produit\/ducha-empotrada-monomando-cuadrada-cascada-y-lluvia-negro-mate-serie-niagara\/","title":{"rendered":"Douche encastr\u00e9 monocommande carr\u00e9 avec cascade et pluie noir mat serie Niagara."},"content":{"rendered":"<p>Comprend: monocommande 3 voies, pommeau de douche avec cascade et pluie, douchette et support.<\/p>\n<p>Materiaux: Corps du robinet en laiton, pommeau de douche, support douchette et flexible en acier inoxydable. Douchette en PVC<\/p>\n<p>Fonctions: 3 sorties d&#8217;eau 1. Sortie effet pluie (pommeau de douche) 2. Sortie effet cascade (pommeau de douche) 3. Sortie douchette<\/p>\n","protected":false},"excerpt":{"rendered":"<p>La s\u00e9rie Niagara se d\u00e9marque par ses lignes carr\u00e9es, elle est diff\u00e9rente puisqu&#8217;elle poss\u00e8de une pomme de douche avec deux fonctions cascade et pluie.Nous avons actuellement deux finitions noir mat et chrome. Pour la douche nous avons la finition noir mat et chrom\u00e9 , tandis que pour les robinets les finitions sont noires, chrom\u00e9es et dor\u00e9es bross\u00e9.<\/p>\n<p>La garantie de tous nos produits est de 3 ans, pour le fonctionnement, la dur\u00e9e de l&#8217;\u00e9maillage et l&#8217;anti-corrosion.<\/p>\n<p>Nous recommandons un entretien correct pour \u00e9viter la d\u00e9t\u00e9rioration due \u00e0 l&#8217;utilisation. S\u00e9chez les gouttes d&#8217;eau apr\u00e8s utilisation, en \u00e9vitant qu&#8217;elles ne se d\u00e9posent sur la surface et d\u00e9t\u00e9riorent la finition N&#8217;utilisez pas d&#8217;\u00e9ponges qui peuvent rayer les robinets et utilisez des nettoyants tels que du vinaigre de nettoyage, de l&#8217;eau chaude et du savon au pH neutre.<\/p>\n<p>&nbsp;<\/p>\n<p><strong>Notre service technique dispose de guides pour tous nos mod\u00e8les encastrables.Si vous avez des questions sur l&#8217;installation, contactez-nous par t\u00e9l\u00e9phone, WhatsApp ou par e-mail.<strong><\/strong><\/strong><\/p>\n<p><strong>N&#8217;oubliez pas qu&#8217;une fois le corps encastrable du robinet est install\u00e9, vous devez v\u00e9rifier son bon fonctionnement (passage d&#8217;eau, cartouche&#8230;), si vous d\u00e9tectez une anomalie, contactez-nous pour vous aider, ne continuez pas avec l&#8217;installation.<\/strong><\/p>\n","protected":false},"featured_media":2469,"template":"","meta":[],"product_brand":[],"product_cat":[262,258],"product_tag":[],"serie":[180],"manual-de-instalacion":[354],"color":[308],"class_list":{"0":"post-8592","1":"product","2":"type-product","3":"status-publish","4":"has-post-thumbnail","6":"product_cat-douches-a-litalienne","7":"product_cat-douches","8":"serie-niagara-fr","9":"manual-de-instalacion-guide-dinstallation-de-douche-cascade-monocommande","10":"color-negro-mate-fr","12":"first","13":"instock","14":"taxable","15":"shipping-taxable","16":"product-type-simple"},"_links":{"self":[{"href":"https:\/\/www.valaz.es\/fr\/wp-json\/wp\/v2\/product\/8592","targetHints":{"allow":["GET"]}}],"collection":[{"href":"https:\/\/www.valaz.es\/fr\/wp-json\/wp\/v2\/product"}],"about":[{"href":"https:\/\/www.valaz.es\/fr\/wp-json\/wp\/v2\/types\/product"}],"wp:featuredmedia":[{"embeddable":true,"href":"https:\/\/www.valaz.es\/fr\/wp-json\/wp\/v2\/media\/2469"}],"wp:attachment":[{"href":"https:\/\/www.valaz.es\/fr\/wp-json\/wp\/v2\/media?parent=8592"}],"wp:term":[{"taxonomy":"product_brand","embeddable":true,"href":"https:\/\/www.valaz.es\/fr\/wp-json\/wp\/v2\/product_brand?post=8592"},{"taxonomy":"product_cat","embeddable":true,"href":"https:\/\/www.valaz.es\/fr\/wp-json\/wp\/v2\/product_cat?post=8592"},{"taxonomy":"product_tag","embeddable":true,"href":"https:\/\/www.valaz.es\/fr\/wp-json\/wp\/v2\/product_tag?post=8592"},{"taxonomy":"serie","embeddable":true,"href":"https:\/\/www.valaz.es\/fr\/wp-json\/wp\/v2\/serie?post=8592"},{"taxonomy":"manual-de-instalacion","embeddable":true,"href":"https:\/\/www.valaz.es\/fr\/wp-json\/wp\/v2\/manual-de-instalacion?post=8592"},{"taxonomy":"color","embeddable":true,"href":"https:\/\/www.valaz.es\/fr\/wp-json\/wp\/v2\/color?post=8592"}],"curies":[{"name":"wp","href":"https:\/\/api.w.org\/{rel}","templated":true}]}}