{"id":8589,"date":"2023-09-29T11:58:11","date_gmt":"2023-09-29T09:58:11","guid":{"rendered":"https:\/\/www.valaz.es\/producto\/mitigeur-pour-lavabo-encastre-carre-avec-bec-courbe-dore-brosse-serie-niagara\/"},"modified":"2023-09-29T11:58:11","modified_gmt":"2023-09-29T09:58:11","slug":"grifo-de-lavabo-empotrado-cuadrado-cano-curvo-dorado-cepillado-serie-niagara","status":"publish","type":"product","link":"https:\/\/www.valaz.es\/fr\/produit\/grifo-de-lavabo-empotrado-cuadrado-cano-curvo-dorado-cepillado-serie-niagara\/","title":{"rendered":"Mitigeur pour lavabo encastr\u00e9 carr\u00e9 avec bec courb\u00e9 dor\u00e9 bross\u00e9 serie Niagara"},"content":{"rendered":"<p>Comprend: Corps du robinet laiton, cartouche en c\u00e9ramique, mitigeur d&#8217;eau froide et chaude. Bec 21 cm.<\/p>\n<p><span class=\"a-list-item\">Finition: Dor\u00e9 bross\u00e9<\/span><\/p>\n","protected":false},"excerpt":{"rendered":"<p>Comprend: Corps du robinet laiton, cartouche en c\u00e9ramique, mitigeur d&#8217;eau  [&#8230;]<\/p>\n","protected":false},"featured_media":8472,"template":"","meta":[],"product_brand":[],"product_cat":[273],"product_tag":[],"serie":[180],"manual-de-instalacion":[222],"color":[],"class_list":{"0":"post-8589","1":"product","2":"type-product","3":"status-publish","4":"has-post-thumbnail","6":"product_cat-robinets-de-bassin-integres","7":"serie-niagara-fr","8":"manual-de-instalacion-guia-instalacion-grifo-lavabo-empotrado-con-caja-fr","10":"first","11":"instock","12":"taxable","13":"shipping-taxable","14":"product-type-simple"},"_links":{"self":[{"href":"https:\/\/www.valaz.es\/fr\/wp-json\/wp\/v2\/product\/8589","targetHints":{"allow":["GET"]}}],"collection":[{"href":"https:\/\/www.valaz.es\/fr\/wp-json\/wp\/v2\/product"}],"about":[{"href":"https:\/\/www.valaz.es\/fr\/wp-json\/wp\/v2\/types\/product"}],"wp:featuredmedia":[{"embeddable":true,"href":"https:\/\/www.valaz.es\/fr\/wp-json\/wp\/v2\/media\/8472"}],"wp:attachment":[{"href":"https:\/\/www.valaz.es\/fr\/wp-json\/wp\/v2\/media?parent=8589"}],"wp:term":[{"taxonomy":"product_brand","embeddable":true,"href":"https:\/\/www.valaz.es\/fr\/wp-json\/wp\/v2\/product_brand?post=8589"},{"taxonomy":"product_cat","embeddable":true,"href":"https:\/\/www.valaz.es\/fr\/wp-json\/wp\/v2\/product_cat?post=8589"},{"taxonomy":"product_tag","embeddable":true,"href":"https:\/\/www.valaz.es\/fr\/wp-json\/wp\/v2\/product_tag?post=8589"},{"taxonomy":"serie","embeddable":true,"href":"https:\/\/www.valaz.es\/fr\/wp-json\/wp\/v2\/serie?post=8589"},{"taxonomy":"manual-de-instalacion","embeddable":true,"href":"https:\/\/www.valaz.es\/fr\/wp-json\/wp\/v2\/manual-de-instalacion?post=8589"},{"taxonomy":"color","embeddable":true,"href":"https:\/\/www.valaz.es\/fr\/wp-json\/wp\/v2\/color?post=8589"}],"curies":[{"name":"wp","href":"https:\/\/api.w.org\/{rel}","templated":true}]}}