{"id":8561,"date":"2023-08-21T14:17:35","date_gmt":"2023-08-21T12:17:35","guid":{"rendered":"https:\/\/www.valaz.es\/producto\/mitigeur-pour-bidet-monocommande-carre-dore-brosse-serie-segura\/"},"modified":"2023-08-21T14:17:35","modified_gmt":"2023-08-21T12:17:35","slug":"grifo-bidet-monomando-cuadrado-dorado-cepillado-serie-segura","status":"publish","type":"product","link":"https:\/\/www.valaz.es\/fr\/produit\/grifo-bidet-monomando-cuadrado-dorado-cepillado-serie-segura\/","title":{"rendered":"Mitigeur pour bidet monocommande carr\u00e9 dor\u00e9 bross\u00e9 serie Segura"},"content":{"rendered":"<p>Mitigeur pour bidet<\/p>\n<p>Corps du robinet laiton. Couleur dor\u00e9 bross\u00e9<br \/>\nCartouche c\u00e9ramique de 35 mm.<br \/>\nFlexible d&#8217;alimentation 3\/8<\/p>\n","protected":false},"excerpt":{"rendered":"<p>Mitigeur pour bidet Corps du robinet laiton. Couleur dor\u00e9 bross\u00e9  [&#8230;]<\/p>\n","protected":false},"featured_media":9524,"template":"","meta":[],"product_brand":[],"product_cat":[267],"product_tag":[],"serie":[190],"manual-de-instalacion":[216],"color":[297],"class_list":{"0":"post-8561","1":"product","2":"type-product","3":"status-publish","4":"has-post-thumbnail","6":"product_cat-robinets-de-bidet","7":"serie-segura-fr","8":"manual-de-instalacion-guia-instalacion-grifo-superficie-fr","9":"color-dorado-cepillado-fr","11":"first","12":"instock","13":"taxable","14":"shipping-taxable","15":"product-type-simple"},"_links":{"self":[{"href":"https:\/\/www.valaz.es\/fr\/wp-json\/wp\/v2\/product\/8561","targetHints":{"allow":["GET"]}}],"collection":[{"href":"https:\/\/www.valaz.es\/fr\/wp-json\/wp\/v2\/product"}],"about":[{"href":"https:\/\/www.valaz.es\/fr\/wp-json\/wp\/v2\/types\/product"}],"wp:featuredmedia":[{"embeddable":true,"href":"https:\/\/www.valaz.es\/fr\/wp-json\/wp\/v2\/media\/9524"}],"wp:attachment":[{"href":"https:\/\/www.valaz.es\/fr\/wp-json\/wp\/v2\/media?parent=8561"}],"wp:term":[{"taxonomy":"product_brand","embeddable":true,"href":"https:\/\/www.valaz.es\/fr\/wp-json\/wp\/v2\/product_brand?post=8561"},{"taxonomy":"product_cat","embeddable":true,"href":"https:\/\/www.valaz.es\/fr\/wp-json\/wp\/v2\/product_cat?post=8561"},{"taxonomy":"product_tag","embeddable":true,"href":"https:\/\/www.valaz.es\/fr\/wp-json\/wp\/v2\/product_tag?post=8561"},{"taxonomy":"serie","embeddable":true,"href":"https:\/\/www.valaz.es\/fr\/wp-json\/wp\/v2\/serie?post=8561"},{"taxonomy":"manual-de-instalacion","embeddable":true,"href":"https:\/\/www.valaz.es\/fr\/wp-json\/wp\/v2\/manual-de-instalacion?post=8561"},{"taxonomy":"color","embeddable":true,"href":"https:\/\/www.valaz.es\/fr\/wp-json\/wp\/v2\/color?post=8561"}],"curies":[{"name":"wp","href":"https:\/\/api.w.org\/{rel}","templated":true}]}}