{"id":8558,"date":"2023-08-21T14:17:16","date_gmt":"2023-08-21T12:17:16","guid":{"rendered":"https:\/\/www.valaz.es\/producto\/mitigeur-pour-vasque-a-poser-monocommande-carre-dore-brosse-serie-segura\/"},"modified":"2023-08-21T14:17:16","modified_gmt":"2023-08-21T12:17:16","slug":"grifo-lavado-monomando-cuadrado-dorado-cepillado-serie-segura-2","status":"publish","type":"product","link":"https:\/\/www.valaz.es\/fr\/produit\/grifo-lavado-monomando-cuadrado-dorado-cepillado-serie-segura-2\/","title":{"rendered":"Mitigeur pour vasque \u00e0 poser monocommande carr\u00e9 dor\u00e9 bross\u00e9 serie Segura."},"content":{"rendered":"<p>Mitigeur pour vasque \u00e0 poser<br \/>\nCouleur or rose bross\u00e9<br \/>\nCartouche c\u00e9ramique de 35 mm.<br \/>\nFlexible d&#8217;alimentation 3\/8 compris<\/p>\n","protected":false},"excerpt":{"rendered":"<p>Mitigeur pour vasque \u00e0 poser Couleur or rose bross\u00e9 Cartouche  [&#8230;]<\/p>\n","protected":false},"featured_media":9520,"template":"","meta":[],"product_brand":[],"product_cat":[276],"product_tag":[],"serie":[190],"manual-de-instalacion":[216],"color":[297],"class_list":{"0":"post-8558","1":"product","2":"type-product","3":"status-publish","4":"has-post-thumbnail","6":"product_cat-robinets-de-bassin","7":"serie-segura-fr","8":"manual-de-instalacion-guia-instalacion-grifo-superficie-fr","9":"color-dorado-cepillado-fr","11":"first","12":"instock","13":"taxable","14":"shipping-taxable","15":"product-type-simple"},"_links":{"self":[{"href":"https:\/\/www.valaz.es\/fr\/wp-json\/wp\/v2\/product\/8558","targetHints":{"allow":["GET"]}}],"collection":[{"href":"https:\/\/www.valaz.es\/fr\/wp-json\/wp\/v2\/product"}],"about":[{"href":"https:\/\/www.valaz.es\/fr\/wp-json\/wp\/v2\/types\/product"}],"wp:featuredmedia":[{"embeddable":true,"href":"https:\/\/www.valaz.es\/fr\/wp-json\/wp\/v2\/media\/9520"}],"wp:attachment":[{"href":"https:\/\/www.valaz.es\/fr\/wp-json\/wp\/v2\/media?parent=8558"}],"wp:term":[{"taxonomy":"product_brand","embeddable":true,"href":"https:\/\/www.valaz.es\/fr\/wp-json\/wp\/v2\/product_brand?post=8558"},{"taxonomy":"product_cat","embeddable":true,"href":"https:\/\/www.valaz.es\/fr\/wp-json\/wp\/v2\/product_cat?post=8558"},{"taxonomy":"product_tag","embeddable":true,"href":"https:\/\/www.valaz.es\/fr\/wp-json\/wp\/v2\/product_tag?post=8558"},{"taxonomy":"serie","embeddable":true,"href":"https:\/\/www.valaz.es\/fr\/wp-json\/wp\/v2\/serie?post=8558"},{"taxonomy":"manual-de-instalacion","embeddable":true,"href":"https:\/\/www.valaz.es\/fr\/wp-json\/wp\/v2\/manual-de-instalacion?post=8558"},{"taxonomy":"color","embeddable":true,"href":"https:\/\/www.valaz.es\/fr\/wp-json\/wp\/v2\/color?post=8558"}],"curies":[{"name":"wp","href":"https:\/\/api.w.org\/{rel}","templated":true}]}}