{"id":8528,"date":"2023-07-19T13:33:21","date_gmt":"2023-07-19T11:33:21","guid":{"rendered":"https:\/\/www.valaz.es\/producto\/mitigeur-pour-douche-baignoire-monocommande-dore-brosse-serie-palancia\/"},"modified":"2023-07-19T13:33:21","modified_gmt":"2023-07-19T11:33:21","slug":"grifo-de-banera-ducha-monomando-dorado-cepillado-serie-palancia","status":"publish","type":"product","link":"https:\/\/www.valaz.es\/fr\/produit\/grifo-de-banera-ducha-monomando-dorado-cepillado-serie-palancia\/","title":{"rendered":"Mitigeur pour douche\/baignoire monocommande dor\u00e9 bross\u00e9 serie Palancia"},"content":{"rendered":"<p>Comprend: corps du robinet en laiton, bec pour baignoire, cartouche c\u00e9ramique, flexible en acier inoxydable, douchette ABS<\/p>\n<p>Finitions: dor\u00e9 bross\u00e9.<\/p>\n","protected":false},"excerpt":{"rendered":"<p>Comprend: corps du robinet en laiton, bec pour baignoire, cartouche  [&#8230;]<\/p>\n","protected":false},"featured_media":15385,"template":"","meta":[],"product_brand":[],"product_cat":[353],"product_tag":[],"serie":[185],"manual-de-instalacion":[],"color":[355],"class_list":{"0":"post-8528","1":"product","2":"type-product","3":"status-publish","4":"has-post-thumbnail","6":"product_cat-mitigeur-de-douche-baignoire","7":"serie-palancia-fr","8":"color-oro-mate-cepillado-fr","10":"first","11":"outofstock","12":"taxable","13":"shipping-taxable","14":"product-type-simple"},"_links":{"self":[{"href":"https:\/\/www.valaz.es\/fr\/wp-json\/wp\/v2\/product\/8528","targetHints":{"allow":["GET"]}}],"collection":[{"href":"https:\/\/www.valaz.es\/fr\/wp-json\/wp\/v2\/product"}],"about":[{"href":"https:\/\/www.valaz.es\/fr\/wp-json\/wp\/v2\/types\/product"}],"wp:featuredmedia":[{"embeddable":true,"href":"https:\/\/www.valaz.es\/fr\/wp-json\/wp\/v2\/media\/15385"}],"wp:attachment":[{"href":"https:\/\/www.valaz.es\/fr\/wp-json\/wp\/v2\/media?parent=8528"}],"wp:term":[{"taxonomy":"product_brand","embeddable":true,"href":"https:\/\/www.valaz.es\/fr\/wp-json\/wp\/v2\/product_brand?post=8528"},{"taxonomy":"product_cat","embeddable":true,"href":"https:\/\/www.valaz.es\/fr\/wp-json\/wp\/v2\/product_cat?post=8528"},{"taxonomy":"product_tag","embeddable":true,"href":"https:\/\/www.valaz.es\/fr\/wp-json\/wp\/v2\/product_tag?post=8528"},{"taxonomy":"serie","embeddable":true,"href":"https:\/\/www.valaz.es\/fr\/wp-json\/wp\/v2\/serie?post=8528"},{"taxonomy":"manual-de-instalacion","embeddable":true,"href":"https:\/\/www.valaz.es\/fr\/wp-json\/wp\/v2\/manual-de-instalacion?post=8528"},{"taxonomy":"color","embeddable":true,"href":"https:\/\/www.valaz.es\/fr\/wp-json\/wp\/v2\/color?post=8528"}],"curies":[{"name":"wp","href":"https:\/\/api.w.org\/{rel}","templated":true}]}}