{"id":8524,"date":"2023-07-19T12:37:37","date_gmt":"2023-07-19T10:37:37","guid":{"rendered":"https:\/\/www.valaz.es\/producto\/mitigeur-de-douche-monocommande-dore-brosse-serie-palancia\/"},"modified":"2023-07-19T12:37:37","modified_gmt":"2023-07-19T10:37:37","slug":"grifo-de-ducha-monomando-dorado-cepillado-serie-palancia","status":"publish","type":"product","link":"https:\/\/www.valaz.es\/fr\/produit\/grifo-de-ducha-monomando-dorado-cepillado-serie-palancia\/","title":{"rendered":"Mitigeur de douche monocommande dor\u00e9 bross\u00e9 serie Palancia"},"content":{"rendered":"<p>Comprend: corps du robinet en laiton, cartouche c\u00e9ramique, flexible en acier inoxydable, douchette ABS<\/p>\n<p>Finitions: dor\u00e9 bross\u00e9.<\/p>\n","protected":false},"excerpt":{"rendered":"<p>Comprend: corps du robinet en laiton, cartouche c\u00e9ramique, flexible en  [&#8230;]<\/p>\n","protected":false},"featured_media":15381,"template":"","meta":[],"product_brand":[],"product_cat":[],"product_tag":[],"serie":[185],"manual-de-instalacion":[],"color":[355],"class_list":{"0":"post-8524","1":"product","2":"type-product","3":"status-publish","4":"has-post-thumbnail","6":"serie-palancia-fr","7":"color-oro-mate-cepillado-fr","9":"first","10":"outofstock","11":"taxable","12":"shipping-taxable","13":"product-type-simple"},"_links":{"self":[{"href":"https:\/\/www.valaz.es\/fr\/wp-json\/wp\/v2\/product\/8524","targetHints":{"allow":["GET"]}}],"collection":[{"href":"https:\/\/www.valaz.es\/fr\/wp-json\/wp\/v2\/product"}],"about":[{"href":"https:\/\/www.valaz.es\/fr\/wp-json\/wp\/v2\/types\/product"}],"wp:featuredmedia":[{"embeddable":true,"href":"https:\/\/www.valaz.es\/fr\/wp-json\/wp\/v2\/media\/15381"}],"wp:attachment":[{"href":"https:\/\/www.valaz.es\/fr\/wp-json\/wp\/v2\/media?parent=8524"}],"wp:term":[{"taxonomy":"product_brand","embeddable":true,"href":"https:\/\/www.valaz.es\/fr\/wp-json\/wp\/v2\/product_brand?post=8524"},{"taxonomy":"product_cat","embeddable":true,"href":"https:\/\/www.valaz.es\/fr\/wp-json\/wp\/v2\/product_cat?post=8524"},{"taxonomy":"product_tag","embeddable":true,"href":"https:\/\/www.valaz.es\/fr\/wp-json\/wp\/v2\/product_tag?post=8524"},{"taxonomy":"serie","embeddable":true,"href":"https:\/\/www.valaz.es\/fr\/wp-json\/wp\/v2\/serie?post=8524"},{"taxonomy":"manual-de-instalacion","embeddable":true,"href":"https:\/\/www.valaz.es\/fr\/wp-json\/wp\/v2\/manual-de-instalacion?post=8524"},{"taxonomy":"color","embeddable":true,"href":"https:\/\/www.valaz.es\/fr\/wp-json\/wp\/v2\/color?post=8524"}],"curies":[{"name":"wp","href":"https:\/\/api.w.org\/{rel}","templated":true}]}}