{"id":730,"date":"2022-11-11T11:31:26","date_gmt":"2022-11-11T10:31:26","guid":{"rendered":"https:\/\/www.valaz.es\/?post_type=product&#038;p=730"},"modified":"2026-04-22T11:29:49","modified_gmt":"2026-04-22T09:29:49","slug":"barra-de-ducha-monomando-redonda-ajustable-hasta-120cm-cromada-serie-palancia","status":"publish","type":"product","link":"https:\/\/www.valaz.es\/fr\/produit\/barra-de-ducha-monomando-redonda-ajustable-hasta-120cm-cromada-serie-palancia\/","title":{"rendered":"Barra de ducha monomando redonda ajustable hasta 120CM cromada &#8211; Serie Palancia"},"content":{"rendered":"<p class=\"\" data-start=\"71\" data-end=\"406\">La columna de ducha monomando redonda de la Serie Palancia se destaca por su dise\u00f1o moderno y su acabado en cromado, aportando un toque de elegancia y durabilidad a tu ba\u00f1o. Con una barra ajustable de 80 cm a 120 cm, esta barra se adapta a diferentes alturas, ofreciendo comodidad y funcionalidad en cada uso.<\/p>\n<p class=\"\" data-start=\"408\" data-end=\"430\"><strong data-start=\"408\" data-end=\"428\">Especificaciones<\/strong><\/p>\n<ul data-start=\"431\" data-end=\"658\">\n<li class=\"\" data-start=\"431\" data-end=\"463\">\n<p class=\"\" data-start=\"433\" data-end=\"463\"><strong data-start=\"433\" data-end=\"451\">Tipo de grifo:<\/strong> Monomando<\/p>\n<\/li>\n<li class=\"\" data-start=\"464\" data-end=\"498\">\n<p class=\"\" data-start=\"466\" data-end=\"498\"><strong data-start=\"466\" data-end=\"490\">Material del cuerpo:<\/strong> Lat\u00f3n<\/p>\n<\/li>\n<li class=\"\" data-start=\"499\" data-end=\"541\">\n<p class=\"\" data-start=\"501\" data-end=\"541\"><strong data-start=\"501\" data-end=\"522\">Rociador y flexo:<\/strong> Acero inoxidable<\/p>\n<\/li>\n<li class=\"\" data-start=\"542\" data-end=\"572\">\n<p class=\"\" data-start=\"544\" data-end=\"572\"><strong data-start=\"544\" data-end=\"566\">Alcachofa de mano:<\/strong> PVC<\/p>\n<\/li>\n<li class=\"\" data-start=\"573\" data-end=\"605\">\n<p class=\"\" data-start=\"575\" data-end=\"605\"><strong data-start=\"575\" data-end=\"587\">Acabado:<\/strong> Cromado<\/p>\n<\/li>\n<li class=\"\" data-start=\"606\" data-end=\"658\">\n<p class=\"\" data-start=\"608\" data-end=\"658\"><strong data-start=\"608\" data-end=\"641\">Altura ajustable de la barra:<\/strong> 80 cm a 120 cm<\/p>\n<\/li>\n<li><strong>Instalaci\u00f3n:<\/strong> Distancia est\u00e1ndar de 15 cm entre tomas<\/li>\n<\/ul>\n","protected":false},"excerpt":{"rendered":"<p>Serie Palancia es la cl\u00e1sica redonda que nos aportan confort, elegancia y bienestar, perfecta para todo tipo de ba\u00f1os. Disponemos de diferentes acabados cromados, acero cepillado, dorado cepillado, negro mate. Cuenta con barras de ducha\/ba\u00f1era, grifo de lavabo, grifo para pica , grifo de bid\u00e9, generando tambi\u00e9n una combinaci\u00f3n perfecta con la serie Ebro en la que encontraras grifos de ba\u00f1era exenta y t\u00f3tem.<\/p>\n<p>La garant\u00eda de todos nuestros productos es de 3 a\u00f1os, para funcionamiento, duraci\u00f3n del esmaltado y anticorrosi\u00f3n.<\/p>\n<p>Recomendamos para un correcto mantenimiento de la grifer\u00eda y evitar el deterioro por el uso. Secar las gotas de agua con un pa\u00f1o suave despu\u00e9s del uso, evitando que se posen en la superficie y deterioran el acabado, no utilizar esponjas que puedan rayar la grifer\u00eda, utilizar limpiadores como vinagre limpieza, agua caliente y jab\u00f3n con ph neutro.<\/p>\n<p>&nbsp;<\/p>\n<p><strong>Nuestro departamento\u00a0t\u00e9cnico\u00a0dispone de\u00a0gu\u00edas\u00a0de todos los\u00a0modelos\u00a0empotrados\u00a0que vendemos<\/strong><strong>,\u00a0si tiene alguna duda con la\u00a0instalaci\u00f3n\u00a0contacte con nosotros mediante\u00a0tel\u00e9fono,\u00a0WhatsApp\u00a0o email dentro del horario laboral indicado en la web.<\/strong><\/p>\n<p><strong>Recuerden que una vez instalado el cuerpo\u00a0empotrado\u00a0de la\u00a0grifer\u00eda\u00a0revisar de su correcto funcionamiento de paso de agua, comprobaci\u00f3n de cartuchos y corte de agua, si detecta alguna\u00a0anomal\u00eda\u00a0informe a nuestro\u00a0departamento\u00a0para darle una\u00a0soluci\u00f3n, no\u00a0contin\u00fae\u00a0con la\u00a0instalaci\u00f3n\u00a0de cerramiento de la pared.<\/strong><\/p>\n<p>&nbsp;<\/p>\n","protected":false},"featured_media":13179,"template":"","meta":[],"product_brand":[],"product_cat":[55,47],"product_tag":[],"serie":[37],"manual-de-instalacion":[],"color":[26],"class_list":{"0":"post-730","1":"product","2":"type-product","3":"status-publish","4":"has-post-thumbnail","6":"product_cat-barras-de-ducha","7":"product_cat-duchas","8":"pa_tamano-rociador-20cm","9":"pa_tamano-rociador-25cm","10":"pa_tamano-rociador-30cm","11":"serie-palancia","12":"color-cromo","14":"first","15":"instock","16":"taxable","17":"shipping-taxable","18":"product-type-variable"},"_links":{"self":[{"href":"https:\/\/www.valaz.es\/fr\/wp-json\/wp\/v2\/product\/730","targetHints":{"allow":["GET"]}}],"collection":[{"href":"https:\/\/www.valaz.es\/fr\/wp-json\/wp\/v2\/product"}],"about":[{"href":"https:\/\/www.valaz.es\/fr\/wp-json\/wp\/v2\/types\/product"}],"wp:featuredmedia":[{"embeddable":true,"href":"https:\/\/www.valaz.es\/fr\/wp-json\/wp\/v2\/media\/13179"}],"wp:attachment":[{"href":"https:\/\/www.valaz.es\/fr\/wp-json\/wp\/v2\/media?parent=730"}],"wp:term":[{"taxonomy":"product_brand","embeddable":true,"href":"https:\/\/www.valaz.es\/fr\/wp-json\/wp\/v2\/product_brand?post=730"},{"taxonomy":"product_cat","embeddable":true,"href":"https:\/\/www.valaz.es\/fr\/wp-json\/wp\/v2\/product_cat?post=730"},{"taxonomy":"product_tag","embeddable":true,"href":"https:\/\/www.valaz.es\/fr\/wp-json\/wp\/v2\/product_tag?post=730"},{"taxonomy":"serie","embeddable":true,"href":"https:\/\/www.valaz.es\/fr\/wp-json\/wp\/v2\/serie?post=730"},{"taxonomy":"manual-de-instalacion","embeddable":true,"href":"https:\/\/www.valaz.es\/fr\/wp-json\/wp\/v2\/manual-de-instalacion?post=730"},{"taxonomy":"color","embeddable":true,"href":"https:\/\/www.valaz.es\/fr\/wp-json\/wp\/v2\/color?post=730"}],"curies":[{"name":"wp","href":"https:\/\/api.w.org\/{rel}","templated":true}]}}