{"id":7131,"date":"2025-01-24T13:56:47","date_gmt":"2025-01-24T12:56:47","guid":{"rendered":"https:\/\/www.valaz.es\/?post_type=product&#038;p=7131"},"modified":"2026-02-23T14:23:28","modified_gmt":"2026-02-23T13:23:28","slug":"grifo-lavabo-empotrado-redondo-monomando-negro-mate-cano-fino-de-26-cm-y-fijo-serie-deva","status":"publish","type":"product","link":"https:\/\/www.valaz.es\/fr\/produit\/grifo-lavabo-empotrado-redondo-monomando-negro-mate-cano-fino-de-26-cm-y-fijo-serie-deva\/","title":{"rendered":"Grifo lavabo empotrado redondo monomando negro mate ca\u00f1o fino de 26 cm y fijo &#8211; Serie Deva"},"content":{"rendered":"<p class=\"\" data-start=\"98\" data-end=\"245\">Grifo empotrado con dise\u00f1o moderno y minimalista, ideal para ba\u00f1os contempor\u00e1neos. Su ca\u00f1o fino y fijo de 26 cm aporta elegancia y funcionalidad.<\/p>\n<h5 class=\"\" data-start=\"247\" data-end=\"272\">Especificaciones:<\/h5>\n<ul data-start=\"273\" data-end=\"490\" data-is-last-node=\"\" data-is-only-node=\"\">\n<li class=\"\" data-start=\"273\" data-end=\"296\">\n<p class=\"\" data-start=\"275\" data-end=\"296\"><strong data-start=\"275\" data-end=\"288\">Material:<\/strong> Lat\u00f3n<\/p>\n<\/li>\n<li class=\"\" data-start=\"297\" data-end=\"324\">\n<p class=\"\" data-start=\"299\" data-end=\"324\"><strong data-start=\"299\" data-end=\"311\">Acabado:<\/strong> Negro mate<\/p>\n<\/li>\n<li class=\"\" data-start=\"325\" data-end=\"348\">\n<p class=\"\" data-start=\"327\" data-end=\"348\"><strong data-start=\"327\" data-end=\"336\">Tipo:<\/strong> Monomando<\/p>\n<\/li>\n<li class=\"\" data-start=\"349\" data-end=\"375\">\n<p class=\"\" data-start=\"351\" data-end=\"375\"><strong data-start=\"351\" data-end=\"364\">Cartucho:<\/strong> Cer\u00e1mico<\/p>\n<\/li>\n<li class=\"\" data-start=\"376\" data-end=\"406\">\n<p class=\"\" data-start=\"378\" data-end=\"406\"><strong data-start=\"378\" data-end=\"394\">Instalaci\u00f3n:<\/strong> Empotrada<\/p>\n<\/li>\n<li class=\"\" data-start=\"407\" data-end=\"459\">\n<p class=\"\" data-start=\"409\" data-end=\"459\"><strong data-start=\"409\" data-end=\"423\">Funciones:<\/strong> Mezclador de agua fr\u00eda y caliente<\/p>\n<\/li>\n<li class=\"\" data-start=\"460\" data-end=\"490\">\n<p class=\"\" data-start=\"462\" data-end=\"490\"><strong data-start=\"462\" data-end=\"484\">Longitud del ca\u00f1o:<\/strong> 26 cm<\/p>\n<\/li>\n<\/ul>\n","protected":false},"excerpt":{"rendered":"<p>Grifo empotrado con dise\u00f1o moderno y minimalista, ideal para ba\u00f1os  [&#8230;]<\/p>\n","protected":false},"featured_media":20566,"template":"","meta":[],"product_brand":[],"product_cat":[58],"product_tag":[],"serie":[347],"manual-de-instalacion":[81],"color":[27],"class_list":{"0":"post-7131","1":"product","2":"type-product","3":"status-publish","4":"has-post-thumbnail","6":"product_cat-grifos-de-lavabo-empotrados","7":"serie-deva","8":"manual-de-instalacion-guia-instalacion-grifo-lavabo-empotrado-sin-caja","9":"color-negro-mate","11":"first","12":"instock","13":"taxable","14":"shipping-taxable","15":"product-type-simple"},"_links":{"self":[{"href":"https:\/\/www.valaz.es\/fr\/wp-json\/wp\/v2\/product\/7131","targetHints":{"allow":["GET"]}}],"collection":[{"href":"https:\/\/www.valaz.es\/fr\/wp-json\/wp\/v2\/product"}],"about":[{"href":"https:\/\/www.valaz.es\/fr\/wp-json\/wp\/v2\/types\/product"}],"wp:featuredmedia":[{"embeddable":true,"href":"https:\/\/www.valaz.es\/fr\/wp-json\/wp\/v2\/media\/20566"}],"wp:attachment":[{"href":"https:\/\/www.valaz.es\/fr\/wp-json\/wp\/v2\/media?parent=7131"}],"wp:term":[{"taxonomy":"product_brand","embeddable":true,"href":"https:\/\/www.valaz.es\/fr\/wp-json\/wp\/v2\/product_brand?post=7131"},{"taxonomy":"product_cat","embeddable":true,"href":"https:\/\/www.valaz.es\/fr\/wp-json\/wp\/v2\/product_cat?post=7131"},{"taxonomy":"product_tag","embeddable":true,"href":"https:\/\/www.valaz.es\/fr\/wp-json\/wp\/v2\/product_tag?post=7131"},{"taxonomy":"serie","embeddable":true,"href":"https:\/\/www.valaz.es\/fr\/wp-json\/wp\/v2\/serie?post=7131"},{"taxonomy":"manual-de-instalacion","embeddable":true,"href":"https:\/\/www.valaz.es\/fr\/wp-json\/wp\/v2\/manual-de-instalacion?post=7131"},{"taxonomy":"color","embeddable":true,"href":"https:\/\/www.valaz.es\/fr\/wp-json\/wp\/v2\/color?post=7131"}],"curies":[{"name":"wp","href":"https:\/\/api.w.org\/{rel}","templated":true}]}}