{"id":6826,"date":"2023-08-22T13:33:23","date_gmt":"2023-08-22T11:33:23","guid":{"rendered":"https:\/\/www.valaz.es\/?post_type=product&#038;p=6826"},"modified":"2026-04-10T20:10:23","modified_gmt":"2026-04-10T18:10:23","slug":"grifo-de-cocina-osmosis-3-vias-redondo-gun-metal-serie-nilo","status":"publish","type":"product","link":"https:\/\/www.valaz.es\/fr\/produit\/grifo-de-cocina-osmosis-3-vias-redondo-gun-metal-serie-nilo\/","title":{"rendered":"Grifo de cocina osmosis 3 v\u00edas redondo gun metal &#8211; Serie Nilo"},"content":{"rendered":"<p class=\"\" data-start=\"0\" data-end=\"290\">Grifo de cocina con salida de \u00f3smosis integrado, dise\u00f1o redondo y acabado gun metal de la serie Nilo. Este grifo permite la distribuci\u00f3n de agua fr\u00eda, caliente y de \u00f3smosis, combinando funcionalidad con un estilo moderno y sofisticado, ideal para cocinas de dise\u00f1o actual.<\/p>\n<p class=\"\" data-start=\"292\" data-end=\"314\"><strong data-start=\"292\" data-end=\"312\">Especificaciones<\/strong><\/p>\n<ul data-start=\"315\" data-end=\"536\">\n<li class=\"\" data-start=\"315\" data-end=\"366\">\n<p class=\"\" data-start=\"317\" data-end=\"366\"><strong data-start=\"317\" data-end=\"331\">Materiales<\/strong>: Cuerpo de la grifer\u00eda de lat\u00f3n.<\/p>\n<\/li>\n<li class=\"\" data-start=\"367\" data-end=\"408\">\n<p class=\"\" data-start=\"369\" data-end=\"408\"><strong data-start=\"369\" data-end=\"381\">Cartucho<\/strong>: \u00f8 35 mm con KTW \/ DVGW.<\/p>\n<\/li>\n<li class=\"\" data-start=\"409\" data-end=\"480\">\n<p class=\"\" data-start=\"411\" data-end=\"480\"><strong data-start=\"411\" data-end=\"435\">Manguera de conexi\u00f3n<\/strong>: 3\/8\u201d + 1\/2\u2033 de acero inoxidable con DVGW.<\/p>\n<\/li>\n<li class=\"\" data-start=\"481\" data-end=\"510\">\n<p class=\"\" data-start=\"483\" data-end=\"510\"><strong data-start=\"483\" data-end=\"491\">Ca\u00f1o<\/strong>: Giratorio 360\u00b0.<\/p>\n<\/li>\n<li class=\"\" data-start=\"511\" data-end=\"536\">\n<p class=\"\" data-start=\"513\" data-end=\"536\"><strong data-start=\"513\" data-end=\"524\">Acabado<\/strong>: Gun metal.<\/p>\n<\/li>\n<li data-start=\"511\" data-end=\"536\"><strong>Sistema de \u00f3smosis:<\/strong> El sistema de \u00f3smosis no viene incluido en el producto, solo se incluye el grifo con el latiguillo.<\/li>\n<\/ul>\n","protected":false},"excerpt":{"rendered":"<p>Serie Nilo son grifos de cocina de osmosis con 3 v\u00edas, es una opci\u00f3n muy vers\u00e1til, ya que puede encajar en todo tipo de estilos de cocina, ya que ofrecen funcionalidad al tener un ca\u00f1o giratorio 360 grados. Disponemos de acabados en cromado, dorado cepillado, negro mate, dorado envejecido, blanco, acero cepillado, beige y negro grafito.<\/p>\n<p>La garant\u00eda de todos nuestros productos es de 3 a\u00f1os, para funcionamiento, duraci\u00f3n del esmaltado y anticorrosi\u00f3n.<\/p>\n<p>Recomendamos para un correcto mantenimiento de la grifer\u00eda y evitar el deterioro por el uso. Secar las gotas de agua con un pa\u00f1o suave despu\u00e9s del uso, evitando que se posen en la superficie y deterioran el acabado, no utilizar esponjas que puedan rayar la grifer\u00eda, utilizar limpiadores como vinagre limpieza, agua caliente y jab\u00f3n con ph neutro.<\/p>\n<p>Nuestro departamento\u00a0t\u00e9cnico\u00a0dispone de\u00a0gu\u00edas\u00a0de todos los\u00a0modelos\u00a0empotrados\u00a0que vendemos,\u00a0si tiene alguna duda con la\u00a0instalaci\u00f3n\u00a0contacte con nosotros mediante\u00a0tel\u00e9fono,\u00a0WhatsApp\u00a0o email dentro del horario laboral indicado en la web.<\/p>\n<p>Recuerden que una vez instalado el cuerpo\u00a0empotrado\u00a0de la\u00a0grifer\u00eda\u00a0revisar de su correcto funcionamiento de paso de agua, comprobaci\u00f3n de cartuchos y corte de agua, si detecta alguna\u00a0anomal\u00eda\u00a0informe a nuestro\u00a0departamento\u00a0para darle una\u00a0soluci\u00f3n, no\u00a0contin\u00fae\u00a0con la\u00a0instalaci\u00f3n\u00a0de cerramiento de la pared.<\/p>\n","protected":false},"featured_media":6827,"template":"","meta":[],"product_brand":[],"product_cat":[50],"product_tag":[],"serie":[71],"manual-de-instalacion":[83],"color":[30],"class_list":{"0":"post-6826","1":"product","2":"type-product","3":"status-publish","4":"has-post-thumbnail","6":"product_cat-grifos-de-cocina","7":"serie-nilo","8":"manual-de-instalacion-guia-instalacion-grifo-superficie","9":"color-gun-metal","11":"first","12":"instock","13":"taxable","14":"shipping-taxable","15":"product-type-simple"},"_links":{"self":[{"href":"https:\/\/www.valaz.es\/fr\/wp-json\/wp\/v2\/product\/6826","targetHints":{"allow":["GET"]}}],"collection":[{"href":"https:\/\/www.valaz.es\/fr\/wp-json\/wp\/v2\/product"}],"about":[{"href":"https:\/\/www.valaz.es\/fr\/wp-json\/wp\/v2\/types\/product"}],"wp:featuredmedia":[{"embeddable":true,"href":"https:\/\/www.valaz.es\/fr\/wp-json\/wp\/v2\/media\/6827"}],"wp:attachment":[{"href":"https:\/\/www.valaz.es\/fr\/wp-json\/wp\/v2\/media?parent=6826"}],"wp:term":[{"taxonomy":"product_brand","embeddable":true,"href":"https:\/\/www.valaz.es\/fr\/wp-json\/wp\/v2\/product_brand?post=6826"},{"taxonomy":"product_cat","embeddable":true,"href":"https:\/\/www.valaz.es\/fr\/wp-json\/wp\/v2\/product_cat?post=6826"},{"taxonomy":"product_tag","embeddable":true,"href":"https:\/\/www.valaz.es\/fr\/wp-json\/wp\/v2\/product_tag?post=6826"},{"taxonomy":"serie","embeddable":true,"href":"https:\/\/www.valaz.es\/fr\/wp-json\/wp\/v2\/serie?post=6826"},{"taxonomy":"manual-de-instalacion","embeddable":true,"href":"https:\/\/www.valaz.es\/fr\/wp-json\/wp\/v2\/manual-de-instalacion?post=6826"},{"taxonomy":"color","embeddable":true,"href":"https:\/\/www.valaz.es\/fr\/wp-json\/wp\/v2\/color?post=6826"}],"curies":[{"name":"wp","href":"https:\/\/api.w.org\/{rel}","templated":true}]}}