{"id":681,"date":"2022-11-10T16:49:46","date_gmt":"2022-11-10T15:49:46","guid":{"rendered":"https:\/\/www.valaz.es\/?post_type=product&#038;p=681"},"modified":"2025-09-02T13:54:02","modified_gmt":"2025-09-02T11:54:02","slug":"ducha-empotrada-hidromasaje-con-6-jets-a-pared-cuadrada-negro-mate-serie-tajo","status":"publish","type":"product","link":"https:\/\/www.valaz.es\/fr\/produit\/ducha-empotrada-hidromasaje-con-6-jets-a-pared-cuadrada-negro-mate-serie-tajo\/","title":{"rendered":"Ducha empotrada hidromasaje con 6 jets a pared cuadrada negro mate &#8211; Serie Tajo"},"content":{"rendered":"<p class=\"\" data-start=\"85\" data-end=\"533\">Transforma tu ba\u00f1o en un espacio de relajaci\u00f3n con esta ducha empotrada de hidromasaje de la Serie Tajo. Su dise\u00f1o cuadrado en acabado negro mate aporta un toque moderno y sofisticado, mientras sus 6 jets empotrados ofrecen una experiencia de masaje que alivia tensiones y mejora la sensaci\u00f3n de bienestar. Gracias a sus 3 v\u00edas, podr\u00e1s elegir entre el rociador efecto lluvia, la alcachofa de mano o los jets seg\u00fan tus necesidades.<\/p>\n<p class=\"\" data-start=\"535\" data-end=\"557\"><strong data-start=\"535\" data-end=\"555\">Especificaciones<\/strong><\/p>\n<ul data-start=\"558\" data-end=\"958\">\n<li class=\"\" data-start=\"558\" data-end=\"615\">\n<p class=\"\" data-start=\"560\" data-end=\"615\"><strong data-start=\"560\" data-end=\"578\">Tipo de grifo:<\/strong> Empotrado de ducha con hidromasaje<\/p>\n<\/li>\n<li class=\"\" data-start=\"616\" data-end=\"681\">\n<p class=\"\" data-start=\"618\" data-end=\"681\"><strong data-start=\"618\" data-end=\"627\">V\u00edas:<\/strong> 3 v\u00edas (rociador lluvia, alcachofa de mano, 6 jets)<\/p>\n<\/li>\n<li class=\"\" data-start=\"682\" data-end=\"765\">\n<p class=\"\" data-start=\"684\" data-end=\"765\"><strong data-start=\"684\" data-end=\"697\">Rociador:<\/strong> Disponible en tama\u00f1os 20&#215;20, 25&#215;25 y 30&#215;30 cm con soporte a pared<\/p>\n<\/li>\n<li class=\"\" data-start=\"766\" data-end=\"908\">\n<p class=\"\" data-start=\"768\" data-end=\"785\"><strong data-start=\"768\" data-end=\"783\">Materiales:<\/strong><\/p>\n<ul data-start=\"788\" data-end=\"908\">\n<li class=\"\" data-start=\"788\" data-end=\"810\">\n<p class=\"\" data-start=\"790\" data-end=\"810\">Monomando de lat\u00f3n<\/p>\n<\/li>\n<li class=\"\" data-start=\"813\" data-end=\"853\">\n<p class=\"\" data-start=\"815\" data-end=\"853\">Rociador de acero inoxidable<\/p>\n<\/li>\n<li class=\"\" data-start=\"813\" data-end=\"853\">\n<p class=\"\" data-start=\"815\" data-end=\"853\">Flexo de PVC<\/p>\n<\/li>\n<li class=\"\" data-start=\"813\" data-end=\"853\">\n<p class=\"\" data-start=\"815\" data-end=\"853\">Alcachofa de lat\u00f3n<\/p>\n<\/li>\n<li class=\"\" data-start=\"887\" data-end=\"908\">\n<p class=\"\" data-start=\"889\" data-end=\"908\">6 jets empotrados<\/p>\n<\/li>\n<\/ul>\n<\/li>\n<li class=\"\" data-start=\"909\" data-end=\"930\">\n<p class=\"\" data-start=\"911\" data-end=\"930\"><strong data-start=\"911\" data-end=\"921\">Flexo:<\/strong> 150 cm<\/p>\n<\/li>\n<li class=\"\" data-start=\"931\" data-end=\"958\">\n<p class=\"\" data-start=\"933\" data-end=\"958\"><strong data-start=\"933\" data-end=\"945\">Acabado:<\/strong> Negro mate<\/p>\n<\/li>\n<\/ul>\n","protected":false},"excerpt":{"rendered":"<p>Serie Tajo l\u00edneas rectas y cuadradas que aportan estilo y dise\u00f1o a cualquier ba\u00f1o. Actualmente disponemos de diferentes acabados cromado, dorado cepillado, negro mate. Tenemos Ducha empotradas cuadrada a techo y pared, grifo empotrado a pared, grifo de bid\u00e9 empotrado.<\/p>\n<p>&nbsp;<\/p>\n<p>La garant\u00eda de todos nuestros productos es de 3 a\u00f1os, para funcionamiento, duraci\u00f3n del esmaltado y anticorrosi\u00f3n.<\/p>\n<p>Recomendamos para un correcto mantenimiento de la grifer\u00eda y evitar el deterioro por el uso. Secar las gotas de agua con un pa\u00f1o suave despu\u00e9s del uso, evitando que se posen en la superficie y deterioran el acabado, no utilizar esponjas que puedan rayar la grifer\u00eda, utilizar limpiadores como vinagre limpieza, agua caliente y jab\u00f3n con ph neutro.<\/p>\n<p>&nbsp;<\/p>\n<p>Nuestro departamento t\u00e9cnico dispone de gu\u00edas de todos los modelos empotrados que vendemos, si tiene alguna duda con la instalaci\u00f3n contacte con nosotros mediante tel\u00e9fono, WhatsApp o email dentro del horario laboral indicado en la web.<\/p>\n<p>Recuerden que una vez instalado el cuerpo empotrado de la grifer\u00eda revisar de su correcto funcionamiento de paso de agua, comprobaci\u00f3n de cartuchos y corte de agua, si detecta alguna anomal\u00eda informe a nuestro departamento para darle una soluci\u00f3n, no contin\u00fae con la instalaci\u00f3n de cerramiento de la pared.<\/p>\n","protected":false},"featured_media":687,"template":"","meta":[],"product_brand":[],"product_cat":[57],"product_tag":[],"serie":[23],"manual-de-instalacion":[],"color":[27],"class_list":{"0":"post-681","1":"product","2":"type-product","3":"status-publish","4":"has-post-thumbnail","6":"product_cat-duchas-empotradas","7":"pa_tamano-rociador-20cm","8":"pa_tamano-rociador-25cm","9":"pa_tamano-rociador-30cm","10":"pa_tamano-rociador-40cm","11":"serie-tajo","12":"color-negro-mate","14":"first","15":"instock","16":"taxable","17":"shipping-taxable","18":"product-type-variable"},"_links":{"self":[{"href":"https:\/\/www.valaz.es\/fr\/wp-json\/wp\/v2\/product\/681","targetHints":{"allow":["GET"]}}],"collection":[{"href":"https:\/\/www.valaz.es\/fr\/wp-json\/wp\/v2\/product"}],"about":[{"href":"https:\/\/www.valaz.es\/fr\/wp-json\/wp\/v2\/types\/product"}],"wp:featuredmedia":[{"embeddable":true,"href":"https:\/\/www.valaz.es\/fr\/wp-json\/wp\/v2\/media\/687"}],"wp:attachment":[{"href":"https:\/\/www.valaz.es\/fr\/wp-json\/wp\/v2\/media?parent=681"}],"wp:term":[{"taxonomy":"product_brand","embeddable":true,"href":"https:\/\/www.valaz.es\/fr\/wp-json\/wp\/v2\/product_brand?post=681"},{"taxonomy":"product_cat","embeddable":true,"href":"https:\/\/www.valaz.es\/fr\/wp-json\/wp\/v2\/product_cat?post=681"},{"taxonomy":"product_tag","embeddable":true,"href":"https:\/\/www.valaz.es\/fr\/wp-json\/wp\/v2\/product_tag?post=681"},{"taxonomy":"serie","embeddable":true,"href":"https:\/\/www.valaz.es\/fr\/wp-json\/wp\/v2\/serie?post=681"},{"taxonomy":"manual-de-instalacion","embeddable":true,"href":"https:\/\/www.valaz.es\/fr\/wp-json\/wp\/v2\/manual-de-instalacion?post=681"},{"taxonomy":"color","embeddable":true,"href":"https:\/\/www.valaz.es\/fr\/wp-json\/wp\/v2\/color?post=681"}],"curies":[{"name":"wp","href":"https:\/\/api.w.org\/{rel}","templated":true}]}}