{"id":6798,"date":"2023-08-22T12:40:29","date_gmt":"2023-08-22T10:40:29","guid":{"rendered":"https:\/\/www.valaz.es\/?post_type=product&#038;p=6798"},"modified":"2026-04-09T17:05:16","modified_gmt":"2026-04-09T15:05:16","slug":"grifo-de-cocina-extraible-redondo-acero-cepillado-serie-amur","status":"publish","type":"product","link":"https:\/\/www.valaz.es\/fr\/produit\/grifo-de-cocina-extraible-redondo-acero-cepillado-serie-amur\/","title":{"rendered":"Grifo de cocina extra\u00edble redondo acero cepillado &#8211; Serie Amur"},"content":{"rendered":"<p class=\"\" data-start=\"0\" data-end=\"355\">Grifo de cocina extra\u00edble redondo en acero cepillado, dise\u00f1ado para ofrecer comodidad y flexibilidad en el uso diario. Ideal para controlar el agua fr\u00eda y caliente, su ca\u00f1o extra\u00edble permite un acceso f\u00e1cil a todas las \u00e1reas de la cocina. Con un acabado de acero cepillado, es perfecto para quienes buscan un estilo moderno y resistente.<\/p>\n<p class=\"\" data-start=\"357\" data-end=\"379\"><strong data-start=\"357\" data-end=\"377\">Especificaciones<\/strong><\/p>\n<ul data-start=\"380\" data-end=\"591\">\n<li class=\"\" data-start=\"380\" data-end=\"431\">\n<p class=\"\" data-start=\"382\" data-end=\"431\"><strong data-start=\"382\" data-end=\"396\">Materiales<\/strong>: Cuerpo de la grifer\u00eda de lat\u00f3n.<\/p>\n<\/li>\n<li class=\"\" data-start=\"432\" data-end=\"473\">\n<p class=\"\" data-start=\"434\" data-end=\"473\"><strong data-start=\"434\" data-end=\"446\">Cartucho<\/strong>: \u00f8 35 mm con KTW \/ DVGW.<\/p>\n<\/li>\n<li class=\"\" data-start=\"474\" data-end=\"545\">\n<p class=\"\" data-start=\"476\" data-end=\"545\"><strong data-start=\"476\" data-end=\"500\">Manguera de conexi\u00f3n<\/strong>: 3\/8\u201d + 1\/2\u201d de acero inoxidable con DVGW.<\/p>\n<\/li>\n<li class=\"\" data-start=\"546\" data-end=\"591\">\n<p class=\"\" data-start=\"548\" data-end=\"591\"><strong data-start=\"548\" data-end=\"561\">Funciones<\/strong>: Agua fr\u00eda y agua caliente.<\/p>\n<\/li>\n<\/ul>\n","protected":false},"excerpt":{"rendered":"<p>Grifo de cocina extra\u00edble redondo en acero cepillado, dise\u00f1ado para  [&#8230;]<\/p>\n","protected":false},"featured_media":7080,"template":"","meta":[],"product_brand":[],"product_cat":[50],"product_tag":[],"serie":[105],"manual-de-instalacion":[83],"color":[28],"class_list":{"0":"post-6798","1":"product","2":"type-product","3":"status-publish","4":"has-post-thumbnail","6":"product_cat-grifos-de-cocina","7":"serie-amur","8":"manual-de-instalacion-guia-instalacion-grifo-superficie","9":"color-acero-cepillado","11":"first","12":"instock","13":"taxable","14":"shipping-taxable","15":"product-type-simple"},"_links":{"self":[{"href":"https:\/\/www.valaz.es\/fr\/wp-json\/wp\/v2\/product\/6798","targetHints":{"allow":["GET"]}}],"collection":[{"href":"https:\/\/www.valaz.es\/fr\/wp-json\/wp\/v2\/product"}],"about":[{"href":"https:\/\/www.valaz.es\/fr\/wp-json\/wp\/v2\/types\/product"}],"wp:featuredmedia":[{"embeddable":true,"href":"https:\/\/www.valaz.es\/fr\/wp-json\/wp\/v2\/media\/7080"}],"wp:attachment":[{"href":"https:\/\/www.valaz.es\/fr\/wp-json\/wp\/v2\/media?parent=6798"}],"wp:term":[{"taxonomy":"product_brand","embeddable":true,"href":"https:\/\/www.valaz.es\/fr\/wp-json\/wp\/v2\/product_brand?post=6798"},{"taxonomy":"product_cat","embeddable":true,"href":"https:\/\/www.valaz.es\/fr\/wp-json\/wp\/v2\/product_cat?post=6798"},{"taxonomy":"product_tag","embeddable":true,"href":"https:\/\/www.valaz.es\/fr\/wp-json\/wp\/v2\/product_tag?post=6798"},{"taxonomy":"serie","embeddable":true,"href":"https:\/\/www.valaz.es\/fr\/wp-json\/wp\/v2\/serie?post=6798"},{"taxonomy":"manual-de-instalacion","embeddable":true,"href":"https:\/\/www.valaz.es\/fr\/wp-json\/wp\/v2\/manual-de-instalacion?post=6798"},{"taxonomy":"color","embeddable":true,"href":"https:\/\/www.valaz.es\/fr\/wp-json\/wp\/v2\/color?post=6798"}],"curies":[{"name":"wp","href":"https:\/\/api.w.org\/{rel}","templated":true}]}}