{"id":6797,"date":"2023-08-22T12:40:23","date_gmt":"2023-08-22T10:40:23","guid":{"rendered":"https:\/\/www.valaz.es\/?post_type=product&#038;p=6797"},"modified":"2026-03-25T17:53:09","modified_gmt":"2026-03-25T16:53:09","slug":"grifo-de-cocina-extraible-redondo-gun-metal-serie-amur","status":"publish","type":"product","link":"https:\/\/www.valaz.es\/fr\/produit\/grifo-de-cocina-extraible-redondo-gun-metal-serie-amur\/","title":{"rendered":"Grifo de cocina extra\u00edble redondo gun metal &#8211; Serie Amur"},"content":{"rendered":"<p class=\"\" data-start=\"0\" data-end=\"372\">Grifo de cocina extra\u00edble redondo en gun metal, una opci\u00f3n moderna y elegante para quienes buscan un toque sofisticado en la cocina. Su dise\u00f1o extra\u00edble permite un uso m\u00e1s flexible, facilitando el acceso a todas las zonas del fregadero. Con un acabado gun metal, este grifo combina funcionalidad y est\u00e9tica, adapt\u00e1ndose a cocinas de estilo contempor\u00e1neo.<\/p>\n<p class=\"\" data-start=\"374\" data-end=\"396\"><strong data-start=\"374\" data-end=\"394\">Especificaciones<\/strong><\/p>\n<ul data-start=\"397\" data-end=\"608\">\n<li class=\"\" data-start=\"397\" data-end=\"448\">\n<p class=\"\" data-start=\"399\" data-end=\"448\"><strong data-start=\"399\" data-end=\"413\">Materiales<\/strong>: Cuerpo de la grifer\u00eda de lat\u00f3n.<\/p>\n<\/li>\n<li class=\"\" data-start=\"449\" data-end=\"490\">\n<p class=\"\" data-start=\"451\" data-end=\"490\"><strong data-start=\"451\" data-end=\"463\">Cartucho<\/strong>: \u00f8 35 mm con KTW \/ DVGW.<\/p>\n<\/li>\n<li class=\"\" data-start=\"491\" data-end=\"562\">\n<p class=\"\" data-start=\"493\" data-end=\"562\"><strong data-start=\"493\" data-end=\"517\">Manguera de conexi\u00f3n<\/strong>: 3\/8\u201d + 1\/2\u201d de acero inoxidable con DVGW.<\/p>\n<\/li>\n<li class=\"\" data-start=\"563\" data-end=\"608\">\n<p class=\"\" data-start=\"565\" data-end=\"608\"><strong data-start=\"565\" data-end=\"578\">Funciones<\/strong>: Agua fr\u00eda y agua caliente.<\/p>\n<\/li>\n<\/ul>\n","protected":false},"excerpt":{"rendered":"<p>Grifo de cocina extra\u00edble redondo en gun metal, una opci\u00f3n  [&#8230;]<\/p>\n","protected":false},"featured_media":6821,"template":"","meta":[],"product_brand":[],"product_cat":[50],"product_tag":[],"serie":[105],"manual-de-instalacion":[83],"color":[30],"class_list":{"0":"post-6797","1":"product","2":"type-product","3":"status-publish","4":"has-post-thumbnail","6":"product_cat-grifos-de-cocina","7":"serie-amur","8":"manual-de-instalacion-guia-instalacion-grifo-superficie","9":"color-gun-metal","11":"first","12":"outofstock","13":"taxable","14":"shipping-taxable","15":"product-type-simple"},"_links":{"self":[{"href":"https:\/\/www.valaz.es\/fr\/wp-json\/wp\/v2\/product\/6797","targetHints":{"allow":["GET"]}}],"collection":[{"href":"https:\/\/www.valaz.es\/fr\/wp-json\/wp\/v2\/product"}],"about":[{"href":"https:\/\/www.valaz.es\/fr\/wp-json\/wp\/v2\/types\/product"}],"wp:featuredmedia":[{"embeddable":true,"href":"https:\/\/www.valaz.es\/fr\/wp-json\/wp\/v2\/media\/6821"}],"wp:attachment":[{"href":"https:\/\/www.valaz.es\/fr\/wp-json\/wp\/v2\/media?parent=6797"}],"wp:term":[{"taxonomy":"product_brand","embeddable":true,"href":"https:\/\/www.valaz.es\/fr\/wp-json\/wp\/v2\/product_brand?post=6797"},{"taxonomy":"product_cat","embeddable":true,"href":"https:\/\/www.valaz.es\/fr\/wp-json\/wp\/v2\/product_cat?post=6797"},{"taxonomy":"product_tag","embeddable":true,"href":"https:\/\/www.valaz.es\/fr\/wp-json\/wp\/v2\/product_tag?post=6797"},{"taxonomy":"serie","embeddable":true,"href":"https:\/\/www.valaz.es\/fr\/wp-json\/wp\/v2\/serie?post=6797"},{"taxonomy":"manual-de-instalacion","embeddable":true,"href":"https:\/\/www.valaz.es\/fr\/wp-json\/wp\/v2\/manual-de-instalacion?post=6797"},{"taxonomy":"color","embeddable":true,"href":"https:\/\/www.valaz.es\/fr\/wp-json\/wp\/v2\/color?post=6797"}],"curies":[{"name":"wp","href":"https:\/\/api.w.org\/{rel}","templated":true}]}}