{"id":6796,"date":"2023-08-22T12:41:26","date_gmt":"2023-08-22T10:41:26","guid":{"rendered":"https:\/\/www.valaz.es\/?post_type=product&#038;p=6796"},"modified":"2026-04-13T10:48:02","modified_gmt":"2026-04-13T08:48:02","slug":"grifo-de-cocina-extraible-redondo-blanco-serie-amur","status":"publish","type":"product","link":"https:\/\/www.valaz.es\/fr\/produit\/grifo-de-cocina-extraible-redondo-blanco-serie-amur\/","title":{"rendered":"Grifo de cocina extra\u00edble redondo blanco &#8211; Serie Amur"},"content":{"rendered":"<p class=\"\" data-start=\"0\" data-end=\"293\">Grifo de cocina extra\u00edble redondo de la serie Amur, con un dise\u00f1o moderno y funcional. Su acabado blanco y su ca\u00f1o extra\u00edble lo hacen ideal para cocinas que buscan un toque minimalista y pr\u00e1ctico, permitiendo una mayor flexibilidad y comodidad al momento de lavar y enjuagar.<\/p>\n<p class=\"\" data-start=\"295\" data-end=\"317\"><strong data-start=\"295\" data-end=\"315\">Especificaciones<\/strong><\/p>\n<ul data-start=\"318\" data-end=\"480\">\n<li class=\"\" data-start=\"318\" data-end=\"369\">\n<p class=\"\" data-start=\"320\" data-end=\"369\"><strong data-start=\"320\" data-end=\"334\">Materiales<\/strong>: Cuerpo de la grifer\u00eda de lat\u00f3n.<\/p>\n<\/li>\n<li class=\"\" data-start=\"370\" data-end=\"396\">\n<p class=\"\" data-start=\"372\" data-end=\"396\"><strong data-start=\"372\" data-end=\"384\">Cartucho<\/strong>: \u00f8 35 mm.<\/p>\n<\/li>\n<li class=\"\" data-start=\"397\" data-end=\"432\">\n<p class=\"\" data-start=\"399\" data-end=\"432\"><strong data-start=\"399\" data-end=\"423\">Manguera de conexi\u00f3n<\/strong>: 3\/8\u201d.<\/p>\n<\/li>\n<li class=\"\" data-start=\"433\" data-end=\"457\">\n<p class=\"\" data-start=\"435\" data-end=\"457\"><strong data-start=\"435\" data-end=\"443\">Ca\u00f1o<\/strong>: Extra\u00edble.<\/p>\n<\/li>\n<li class=\"\" data-start=\"458\" data-end=\"480\">\n<p class=\"\" data-start=\"460\" data-end=\"480\"><strong data-start=\"460\" data-end=\"471\">Acabado<\/strong>: Blanco.<\/p>\n<\/li>\n<\/ul>\n","protected":false},"excerpt":{"rendered":"<p>Grifo de cocina extra\u00edble redondo de la serie Amur, con  [&#8230;]<\/p>\n","protected":false},"featured_media":7076,"template":"","meta":[],"product_brand":[],"product_cat":[50],"product_tag":[],"serie":[105],"manual-de-instalacion":[83],"color":[64],"class_list":{"0":"post-6796","1":"product","2":"type-product","3":"status-publish","4":"has-post-thumbnail","6":"product_cat-grifos-de-cocina","7":"serie-amur","8":"manual-de-instalacion-guia-instalacion-grifo-superficie","9":"color-blanco","11":"first","12":"instock","13":"taxable","14":"shipping-taxable","15":"product-type-simple"},"_links":{"self":[{"href":"https:\/\/www.valaz.es\/fr\/wp-json\/wp\/v2\/product\/6796","targetHints":{"allow":["GET"]}}],"collection":[{"href":"https:\/\/www.valaz.es\/fr\/wp-json\/wp\/v2\/product"}],"about":[{"href":"https:\/\/www.valaz.es\/fr\/wp-json\/wp\/v2\/types\/product"}],"wp:featuredmedia":[{"embeddable":true,"href":"https:\/\/www.valaz.es\/fr\/wp-json\/wp\/v2\/media\/7076"}],"wp:attachment":[{"href":"https:\/\/www.valaz.es\/fr\/wp-json\/wp\/v2\/media?parent=6796"}],"wp:term":[{"taxonomy":"product_brand","embeddable":true,"href":"https:\/\/www.valaz.es\/fr\/wp-json\/wp\/v2\/product_brand?post=6796"},{"taxonomy":"product_cat","embeddable":true,"href":"https:\/\/www.valaz.es\/fr\/wp-json\/wp\/v2\/product_cat?post=6796"},{"taxonomy":"product_tag","embeddable":true,"href":"https:\/\/www.valaz.es\/fr\/wp-json\/wp\/v2\/product_tag?post=6796"},{"taxonomy":"serie","embeddable":true,"href":"https:\/\/www.valaz.es\/fr\/wp-json\/wp\/v2\/serie?post=6796"},{"taxonomy":"manual-de-instalacion","embeddable":true,"href":"https:\/\/www.valaz.es\/fr\/wp-json\/wp\/v2\/manual-de-instalacion?post=6796"},{"taxonomy":"color","embeddable":true,"href":"https:\/\/www.valaz.es\/fr\/wp-json\/wp\/v2\/color?post=6796"}],"curies":[{"name":"wp","href":"https:\/\/api.w.org\/{rel}","templated":true}]}}