{"id":6791,"date":"2023-08-22T12:40:26","date_gmt":"2023-08-22T10:40:26","guid":{"rendered":"https:\/\/www.valaz.es\/?post_type=product&#038;p=6791"},"modified":"2026-03-13T11:26:42","modified_gmt":"2026-03-13T10:26:42","slug":"grifo-de-cocina-extraible-redondo-oro-rosa-cepillado-serie-amur","status":"publish","type":"product","link":"https:\/\/www.valaz.es\/fr\/produit\/grifo-de-cocina-extraible-redondo-oro-rosa-cepillado-serie-amur\/","title":{"rendered":"Grifo de cocina extra\u00edble redondo oro rosa cepillado  serie Amur"},"content":{"rendered":"<p class=\"\" data-start=\"514\" data-end=\"831\">El grifo de cocina extra\u00edble redondo en acabado oro rosa cepillado de la serie Amur es una opci\u00f3n ideal para quienes buscan estilo, funcionalidad y calidad en su cocina. Este grifo combina un dise\u00f1o elegante con la comodidad de una ducha extra\u00edble, facilitando el lavado de vajilla, ollas grandes o frutas y verduras.<\/p>\n<p class=\"\" data-start=\"833\" data-end=\"1224\">Fabricado en lat\u00f3n, su cuerpo ofrece resistencia frente a la corrosi\u00f3n y una larga vida \u00fatil, mientras que su acabado en oro rosa cepillado a\u00f1ade un toque sofisticado que se adapta tanto a cocinas modernas como cl\u00e1sicas. Este grifo es compatible con agua fr\u00eda y caliente, permitiendo un control fluido de la temperatura gracias a su cartucho cer\u00e1mico de \u00d8 35 mm con certificaci\u00f3n KTW \/ DVGW.<\/p>\n<p class=\"\" data-start=\"1226\" data-end=\"1401\">La manguera de conexi\u00f3n flexible de acero inoxidable con conexiones de 3\/8\u201d y 1\/2\u201d facilita su instalaci\u00f3n y garantiza compatibilidad con la mayor\u00eda de sistemas de fontaner\u00eda.<\/p>\n<p class=\"\" data-start=\"1403\" data-end=\"1519\">Una elecci\u00f3n funcional y decorativa que eleva el estilo de cualquier cocina con detalles en tonos met\u00e1licos c\u00e1lidos.<\/p>\n<p class=\"\" data-start=\"1521\" data-end=\"1542\"><strong data-start=\"1521\" data-end=\"1541\">Especificaciones<\/strong>:<\/p>\n<ul data-start=\"1543\" data-end=\"1835\">\n<li class=\"\" data-start=\"1543\" data-end=\"1578\">\n<p class=\"\" data-start=\"1545\" data-end=\"1578\">Tipo: Grifo de cocina extra\u00edble<\/p>\n<\/li>\n<li class=\"\" data-start=\"1579\" data-end=\"1598\">\n<p class=\"\" data-start=\"1581\" data-end=\"1598\">Dise\u00f1o: Redondo<\/p>\n<\/li>\n<li class=\"\" data-start=\"1599\" data-end=\"1632\">\n<p class=\"\" data-start=\"1601\" data-end=\"1632\">Funci\u00f3n: Agua fr\u00eda y caliente<\/p>\n<\/li>\n<li class=\"\" data-start=\"1633\" data-end=\"1664\">\n<p class=\"\" data-start=\"1635\" data-end=\"1664\">Acabado: Oro rosa cepillado<\/p>\n<\/li>\n<li class=\"\" data-start=\"1665\" data-end=\"1695\">\n<p class=\"\" data-start=\"1667\" data-end=\"1695\">Material del cuerpo: Lat\u00f3n<\/p>\n<\/li>\n<li class=\"\" data-start=\"1696\" data-end=\"1746\">\n<p class=\"\" data-start=\"1698\" data-end=\"1746\">Cartucho: \u00d8 35 mm con certificaci\u00f3n KTW \/ DVGW<\/p>\n<\/li>\n<li class=\"\" data-start=\"1747\" data-end=\"1803\">\n<p class=\"\" data-start=\"1749\" data-end=\"1803\">Conexiones: Manguera de acero inoxidable 3\/8\u201d + 1\/2\u201d<\/p>\n<\/li>\n<li class=\"\" data-start=\"1804\" data-end=\"1835\">\n<p class=\"\" data-start=\"1806\" data-end=\"1835\">Instalaci\u00f3n: Sobre encimera<\/p>\n<\/li>\n<\/ul>\n","protected":false},"excerpt":{"rendered":"<p>El grifo de cocina extra\u00edble redondo en acabado oro rosa  [&#8230;]<\/p>\n","protected":false},"featured_media":7084,"template":"","meta":[],"product_brand":[],"product_cat":[50],"product_tag":[],"serie":[105],"manual-de-instalacion":[83],"color":[62],"class_list":{"0":"post-6791","1":"product","2":"type-product","3":"status-publish","4":"has-post-thumbnail","6":"product_cat-grifos-de-cocina","7":"serie-amur","8":"manual-de-instalacion-guia-instalacion-grifo-superficie","9":"color-oro-rosa","11":"first","12":"instock","13":"taxable","14":"shipping-taxable","15":"product-type-simple"},"_links":{"self":[{"href":"https:\/\/www.valaz.es\/fr\/wp-json\/wp\/v2\/product\/6791","targetHints":{"allow":["GET"]}}],"collection":[{"href":"https:\/\/www.valaz.es\/fr\/wp-json\/wp\/v2\/product"}],"about":[{"href":"https:\/\/www.valaz.es\/fr\/wp-json\/wp\/v2\/types\/product"}],"wp:featuredmedia":[{"embeddable":true,"href":"https:\/\/www.valaz.es\/fr\/wp-json\/wp\/v2\/media\/7084"}],"wp:attachment":[{"href":"https:\/\/www.valaz.es\/fr\/wp-json\/wp\/v2\/media?parent=6791"}],"wp:term":[{"taxonomy":"product_brand","embeddable":true,"href":"https:\/\/www.valaz.es\/fr\/wp-json\/wp\/v2\/product_brand?post=6791"},{"taxonomy":"product_cat","embeddable":true,"href":"https:\/\/www.valaz.es\/fr\/wp-json\/wp\/v2\/product_cat?post=6791"},{"taxonomy":"product_tag","embeddable":true,"href":"https:\/\/www.valaz.es\/fr\/wp-json\/wp\/v2\/product_tag?post=6791"},{"taxonomy":"serie","embeddable":true,"href":"https:\/\/www.valaz.es\/fr\/wp-json\/wp\/v2\/serie?post=6791"},{"taxonomy":"manual-de-instalacion","embeddable":true,"href":"https:\/\/www.valaz.es\/fr\/wp-json\/wp\/v2\/manual-de-instalacion?post=6791"},{"taxonomy":"color","embeddable":true,"href":"https:\/\/www.valaz.es\/fr\/wp-json\/wp\/v2\/color?post=6791"}],"curies":[{"name":"wp","href":"https:\/\/api.w.org\/{rel}","templated":true}]}}