{"id":666,"date":"2022-11-10T16:43:07","date_gmt":"2022-11-10T15:43:07","guid":{"rendered":"https:\/\/www.valaz.es\/?post_type=product&#038;p=666"},"modified":"2025-06-30T15:00:43","modified_gmt":"2025-06-30T13:00:43","slug":"ducha-empotrada-hidromasaje-con-6-jets-a-pared-cuadrada-cromada-serie-tajo","status":"publish","type":"product","link":"https:\/\/www.valaz.es\/fr\/produit\/ducha-empotrada-hidromasaje-con-6-jets-a-pared-cuadrada-cromada-serie-tajo\/","title":{"rendered":"Ducha empotrada  hidromasaje con 6 jets a pared cuadrada cromada &#8211; Serie Tajo"},"content":{"rendered":"<p class=\"\" data-start=\"82\" data-end=\"433\">Una opci\u00f3n avanzada para quienes buscan una experiencia de ducha \u00fanica, con la funcionalidad de un rociador de efecto lluvia y la comodidad de un hidromasaje gracias a sus 6 jets. Esta ducha empotrada de la Serie Tajo en acabado cromado a\u00f1ade un toque moderno y elegante a tu ba\u00f1o, proporcionando tanto relajaci\u00f3n como funcionalidad.<\/p>\n<p class=\"\" data-start=\"435\" data-end=\"457\"><strong data-start=\"435\" data-end=\"455\">Especificaciones<\/strong><\/p>\n<ul>\n<li class=\"\" data-start=\"458\" data-end=\"553\">\n<p class=\"\" data-start=\"460\" data-end=\"553\"><strong data-start=\"460\" data-end=\"478\">Tipo de grifo:<\/strong> Monomando de 3 v\u00edas (rociador efecto lluvia, alcachofa de mano y 6 jets)<\/p>\n<\/li>\n<li class=\"\" data-start=\"554\" data-end=\"622\">\n<p class=\"\" data-start=\"556\" data-end=\"622\"><strong data-start=\"556\" data-end=\"569\">Rociador:<\/strong> Disponible en tama\u00f1os 20&#215;20 cm, 25&#215;25 cm, 30&#215;30 cm<\/p>\n<\/li>\n<li class=\"\" data-start=\"623\" data-end=\"789\">\n<p class=\"\" data-start=\"625\" data-end=\"642\"><strong data-start=\"625\" data-end=\"640\">Materiales:<\/strong><\/p>\n<ul data-start=\"645\" data-end=\"789\">\n<li class=\"\" data-start=\"645\" data-end=\"677\">\n<p class=\"\" data-start=\"647\" data-end=\"677\">Rociador de acero inoxidable<\/p>\n<\/li>\n<li class=\"\" data-start=\"680\" data-end=\"702\">\n<p class=\"\" data-start=\"682\" data-end=\"702\">Monomando de lat\u00f3n<\/p>\n<\/li>\n<li class=\"\" data-start=\"705\" data-end=\"733\">\n<p class=\"\" data-start=\"707\" data-end=\"733\">Alcachofa de lat\u00f3n<\/p>\n<\/li>\n<li class=\"\" data-start=\"736\" data-end=\"765\">\n<p class=\"\" data-start=\"738\" data-end=\"765\">Flexo de acero inoxidable<\/p>\n<\/li>\n<li class=\"\" data-start=\"768\" data-end=\"789\">\n<p class=\"\" data-start=\"770\" data-end=\"789\">6 jets empotrados<\/p>\n<\/li>\n<\/ul>\n<\/li>\n<li class=\"\" data-start=\"790\" data-end=\"814\">\n<p class=\"\" data-start=\"792\" data-end=\"814\"><strong data-start=\"792\" data-end=\"804\">Acabado:<\/strong> Cromado<\/p>\n<\/li>\n<li class=\"\" data-start=\"815\" data-end=\"853\">\n<p class=\"\" data-start=\"817\" data-end=\"853\"><strong data-start=\"817\" data-end=\"830\">Conexi\u00f3n:<\/strong> Agua fr\u00eda y caliente<\/p>\n<\/li>\n<li class=\"\" data-start=\"854\" data-end=\"971\">\n<p class=\"\" data-start=\"856\" data-end=\"872\"><strong data-start=\"856\" data-end=\"870\">Funciones:<\/strong><\/p>\n<ul>\n<li data-start=\"878\" data-end=\"906\">Efecto lluvia del rociador<\/li>\n<li data-start=\"912\" data-end=\"931\">Alcachofa de mano<\/li>\n<li data-start=\"937\" data-end=\"971\">6 jets empotrados para hidromasaje<\/li>\n<\/ul>\n<\/li>\n<\/ul>\n","protected":false},"excerpt":{"rendered":"<p>Serie Tajo l\u00edneas rectas y cuadradas que aportan estilo y dise\u00f1o a cualquier ba\u00f1o. Actualmente disponemos de diferentes acabados cromado, dorado cepillado, negro mate. Tenemos Ducha empotradas cuadrada a techo y pared, grifo empotrado a pared, grifo de bid\u00e9 empotrado.<\/p>\n<p>&nbsp;<\/p>\n<p>La garant\u00eda de todos nuestros productos es de 3 a\u00f1os, para funcionamiento, duraci\u00f3n del esmaltado y anticorrosi\u00f3n.<\/p>\n<p>Recomendamos para un correcto mantenimiento de la grifer\u00eda y evitar el deterioro por el uso. Secar las gotas de agua con un pa\u00f1o suave despu\u00e9s del uso, evitando que se posen en la superficie y deterioran el acabado, no utilizar esponjas que puedan rayar la grifer\u00eda, utilizar limpiadores como vinagre limpieza, agua caliente y jab\u00f3n con ph neutro.<\/p>\n<p>&nbsp;<\/p>\n<p>Nuestro departamento t\u00e9cnico dispone de gu\u00edas de todos los modelos empotrados que vendemos, si tiene alguna duda con la instalaci\u00f3n contacte con nosotros mediante tel\u00e9fono, WhatsApp o email dentro del horario laboral indicado en la web.<\/p>\n<p>Recuerden que una vez instalado el cuerpo empotrado de la grifer\u00eda revisar de su correcto funcionamiento de paso de agua, comprobaci\u00f3n de cartuchos y corte de agua, si detecta alguna anomal\u00eda informe a nuestro departamento para darle una soluci\u00f3n, no contin\u00fae con la instalaci\u00f3n de cerramiento de la pared.<\/p>\n","protected":false},"featured_media":678,"template":"","meta":[],"product_brand":[],"product_cat":[57],"product_tag":[],"serie":[23],"manual-de-instalacion":[],"color":[26],"class_list":{"0":"post-666","1":"product","2":"type-product","3":"status-publish","4":"has-post-thumbnail","6":"product_cat-duchas-empotradas","7":"pa_tamano-rociador-20cm","8":"pa_tamano-rociador-25cm","9":"pa_tamano-rociador-30cm","10":"pa_tamano-rociador-40cm","11":"serie-tajo","12":"color-cromo","14":"first","15":"instock","16":"taxable","17":"shipping-taxable","18":"product-type-variable"},"_links":{"self":[{"href":"https:\/\/www.valaz.es\/fr\/wp-json\/wp\/v2\/product\/666","targetHints":{"allow":["GET"]}}],"collection":[{"href":"https:\/\/www.valaz.es\/fr\/wp-json\/wp\/v2\/product"}],"about":[{"href":"https:\/\/www.valaz.es\/fr\/wp-json\/wp\/v2\/types\/product"}],"wp:featuredmedia":[{"embeddable":true,"href":"https:\/\/www.valaz.es\/fr\/wp-json\/wp\/v2\/media\/678"}],"wp:attachment":[{"href":"https:\/\/www.valaz.es\/fr\/wp-json\/wp\/v2\/media?parent=666"}],"wp:term":[{"taxonomy":"product_brand","embeddable":true,"href":"https:\/\/www.valaz.es\/fr\/wp-json\/wp\/v2\/product_brand?post=666"},{"taxonomy":"product_cat","embeddable":true,"href":"https:\/\/www.valaz.es\/fr\/wp-json\/wp\/v2\/product_cat?post=666"},{"taxonomy":"product_tag","embeddable":true,"href":"https:\/\/www.valaz.es\/fr\/wp-json\/wp\/v2\/product_tag?post=666"},{"taxonomy":"serie","embeddable":true,"href":"https:\/\/www.valaz.es\/fr\/wp-json\/wp\/v2\/serie?post=666"},{"taxonomy":"manual-de-instalacion","embeddable":true,"href":"https:\/\/www.valaz.es\/fr\/wp-json\/wp\/v2\/manual-de-instalacion?post=666"},{"taxonomy":"color","embeddable":true,"href":"https:\/\/www.valaz.es\/fr\/wp-json\/wp\/v2\/color?post=666"}],"curies":[{"name":"wp","href":"https:\/\/api.w.org\/{rel}","templated":true}]}}