{"id":6632,"date":"2023-08-02T13:58:05","date_gmt":"2023-08-02T11:58:05","guid":{"rendered":"https:\/\/www.valaz.es\/?post_type=product&#038;p=6632"},"modified":"2026-05-08T16:29:42","modified_gmt":"2026-05-08T14:29:42","slug":"valvula-click-clack-para-lavabo-o-bide-redondo-blanco","status":"publish","type":"product","link":"https:\/\/www.valaz.es\/fr\/produit\/valvula-click-clack-para-lavabo-o-bide-redondo-blanco\/","title":{"rendered":"V\u00e1lvula click clack para lavabo o bid\u00e9 redondo blanco"},"content":{"rendered":"<p class=\"\" data-start=\"0\" data-end=\"312\">V\u00e1lvula Click Clack para lavabo o bid\u00e9 redonda en color blanco, dise\u00f1ada para ofrecer una soluci\u00f3n pr\u00e1ctica y elegante para el cierre de tu lavabo o bid\u00e9. Su sistema de apertura y cierre con un simple clic asegura comodidad y funcionalidad, adem\u00e1s de ser apta para modelos con o sin rebosadero.<\/p>\n<p class=\"\" data-start=\"314\" data-end=\"336\"><strong data-start=\"314\" data-end=\"334\">Especificaciones<\/strong><\/p>\n<ul data-start=\"337\" data-end=\"667\">\n<li class=\"\" data-start=\"337\" data-end=\"370\">\n<p class=\"\" data-start=\"339\" data-end=\"370\"><strong data-start=\"339\" data-end=\"347\">Tipo<\/strong>: V\u00e1lvula Click Clack<\/p>\n<\/li>\n<li class=\"\" data-start=\"371\" data-end=\"407\">\n<p class=\"\" data-start=\"373\" data-end=\"407\"><strong data-start=\"373\" data-end=\"380\">Uso<\/strong>: Apta para lavabo o bid\u00e9<\/p>\n<\/li>\n<li class=\"\" data-start=\"408\" data-end=\"431\">\n<p class=\"\" data-start=\"410\" data-end=\"431\"><strong data-start=\"410\" data-end=\"420\">Dise\u00f1o<\/strong>: Redondo<\/p>\n<\/li>\n<li class=\"\" data-start=\"432\" data-end=\"453\">\n<p class=\"\" data-start=\"434\" data-end=\"453\"><strong data-start=\"434\" data-end=\"443\">Color<\/strong>: Blanco<\/p>\n<\/li>\n<li class=\"\" data-start=\"454\" data-end=\"490\">\n<p class=\"\" data-start=\"456\" data-end=\"490\"><strong data-start=\"456\" data-end=\"468\">Material<\/strong>: Fabricada en lat\u00f3n<\/p>\n<\/li>\n<li class=\"\" data-start=\"491\" data-end=\"520\">\n<p class=\"\" data-start=\"493\" data-end=\"520\"><strong data-start=\"493\" data-end=\"511\">Rosca inferior<\/strong>: 1 1\/4<\/p>\n<\/li>\n<li class=\"\" data-start=\"521\" data-end=\"594\">\n<p class=\"\" data-start=\"523\" data-end=\"594\"><strong data-start=\"523\" data-end=\"553\">Sistema de apertura\/cierre<\/strong>: Garantizado para 20.000 ciclos de uso<\/p>\n<\/li>\n<li class=\"\" data-start=\"595\" data-end=\"665\">\n<p class=\"\" data-start=\"597\" data-end=\"665\"><strong data-start=\"597\" data-end=\"615\">Compatibilidad<\/strong>: Apto para lavabos y bid\u00e9s con o sin rebosadero<\/p>\n<\/li>\n<\/ul>\n","protected":false},"excerpt":{"rendered":"<p>V\u00e1lvula Click Clack para lavabo o bid\u00e9 redonda en color  [&#8230;]<\/p>\n","protected":false},"featured_media":17827,"template":"","meta":[],"product_brand":[],"product_cat":[387],"product_tag":[],"serie":[],"manual-de-instalacion":[],"color":[64],"class_list":{"0":"post-6632","1":"product","2":"type-product","3":"status-publish","4":"has-post-thumbnail","6":"product_cat-valvulas-y-sifones","7":"color-blanco","9":"first","10":"instock","11":"taxable","12":"shipping-taxable","13":"product-type-simple"},"_links":{"self":[{"href":"https:\/\/www.valaz.es\/fr\/wp-json\/wp\/v2\/product\/6632","targetHints":{"allow":["GET"]}}],"collection":[{"href":"https:\/\/www.valaz.es\/fr\/wp-json\/wp\/v2\/product"}],"about":[{"href":"https:\/\/www.valaz.es\/fr\/wp-json\/wp\/v2\/types\/product"}],"wp:featuredmedia":[{"embeddable":true,"href":"https:\/\/www.valaz.es\/fr\/wp-json\/wp\/v2\/media\/17827"}],"wp:attachment":[{"href":"https:\/\/www.valaz.es\/fr\/wp-json\/wp\/v2\/media?parent=6632"}],"wp:term":[{"taxonomy":"product_brand","embeddable":true,"href":"https:\/\/www.valaz.es\/fr\/wp-json\/wp\/v2\/product_brand?post=6632"},{"taxonomy":"product_cat","embeddable":true,"href":"https:\/\/www.valaz.es\/fr\/wp-json\/wp\/v2\/product_cat?post=6632"},{"taxonomy":"product_tag","embeddable":true,"href":"https:\/\/www.valaz.es\/fr\/wp-json\/wp\/v2\/product_tag?post=6632"},{"taxonomy":"serie","embeddable":true,"href":"https:\/\/www.valaz.es\/fr\/wp-json\/wp\/v2\/serie?post=6632"},{"taxonomy":"manual-de-instalacion","embeddable":true,"href":"https:\/\/www.valaz.es\/fr\/wp-json\/wp\/v2\/manual-de-instalacion?post=6632"},{"taxonomy":"color","embeddable":true,"href":"https:\/\/www.valaz.es\/fr\/wp-json\/wp\/v2\/color?post=6632"}],"curies":[{"name":"wp","href":"https:\/\/api.w.org\/{rel}","templated":true}]}}