{"id":6373,"date":"2023-02-20T17:28:35","date_gmt":"2023-02-20T16:28:35","guid":{"rendered":"https:\/\/www.valaz.es\/producto\/mitigeur-pour-baignoire-sur-pied-acier-brosse-serie-ebro\/"},"modified":"2023-02-20T17:28:35","modified_gmt":"2023-02-20T16:28:35","slug":"grifo-de-banera-exenta-redondo-acero-cepillado-serie-ebro","status":"publish","type":"product","link":"https:\/\/www.valaz.es\/fr\/produit\/grifo-de-banera-exenta-redondo-acero-cepillado-serie-ebro\/","title":{"rendered":"Mitigeur pour baignoire sur pied acier bross\u00e9 serie Ebro"},"content":{"rendered":"<p>Mitigeur pour baignoire sur pied ronde en acier bross\u00e9<\/p>\n<p>Corps du robinet laiton, cartouche en c\u00e9ramique<\/p>\n<p>Eau froid et chaude avec conecteur 1\/2&#8243;<\/p>\n<p>101 cm d&#8217;hauteur<\/p>\n","protected":false},"excerpt":{"rendered":"<p>La s\u00e9rie Ebro est la classique qui nous donne \u00e9l\u00e9gance et bien-\u00eatre, parfaite pour tous les types de salles de bains. Voux pouvez la trouver dans les finitions chrom\u00e9, acier bross\u00e9, dor\u00e9 bross\u00e9 et noir mat. Il a des barres de douche\/baignoire, du robinet pour lavabo, pour vasque \u00e0 poser, pour bidet&#8230;<\/p>\n<p>La garantie de tous nos produits est de 3 ans, pour le fonctionnement, la dur\u00e9e de l&#8217;\u00e9maillage et l&#8217;anti-corrosion.<\/p>\n<p>Nous recommandons un entretien correct pour \u00e9viter la d\u00e9t\u00e9rioration due \u00e0 l&#8217;utilisation. S\u00e9chez les gouttes d&#8217;eau apr\u00e8s utilisation, en \u00e9vitant qu&#8217;elles ne se d\u00e9posent sur la surface et d\u00e9t\u00e9riorent la finition N&#8217;utilisez pas d&#8217;\u00e9ponges qui peuvent rayer les robinets et utilisez des nettoyants tels que du vinaigre de nettoyage, de l&#8217;eau chaude et du savon au pH neutre.<\/p>\n<p>&nbsp;<\/p>\n<p><strong>Notre service technique dispose de guides pour tous nos mod\u00e8les encastrables.Si vous avez des questions sur l&#8217;installation, contactez-nous par t\u00e9l\u00e9phone, WhatsApp ou par e-mail.<strong><\/strong><\/strong><\/p>\n<p><strong>N&#8217;oubliez pas qu&#8217;une fois le corps encastrable du robinet est install\u00e9, vous devez v\u00e9rifier son bon fonctionnement (passage d&#8217;eau, cartouche&#8230;), si vous d\u00e9tectez une anomalie, contactez-nous pour vous aider, ne continuez pas avec l&#8217;installation.<\/strong><\/p>\n","protected":false},"featured_media":8406,"template":"","meta":[],"product_brand":[],"product_cat":[249,255],"product_tag":[],"serie":[137],"manual-de-instalacion":[226],"color":[283],"class_list":{"0":"post-6373","1":"product","2":"type-product","3":"status-publish","4":"has-post-thumbnail","6":"product_cat-baignoire-robinet","7":"product_cat-robinets-de-baignoire-autoportants","8":"serie-ebro-fr","9":"manual-de-instalacion-guia-instalacion-grifo-exenta-fr","10":"color-acero-cepillado-fr","12":"first","13":"instock","14":"taxable","15":"shipping-taxable","16":"product-type-simple"},"_links":{"self":[{"href":"https:\/\/www.valaz.es\/fr\/wp-json\/wp\/v2\/product\/6373","targetHints":{"allow":["GET"]}}],"collection":[{"href":"https:\/\/www.valaz.es\/fr\/wp-json\/wp\/v2\/product"}],"about":[{"href":"https:\/\/www.valaz.es\/fr\/wp-json\/wp\/v2\/types\/product"}],"wp:featuredmedia":[{"embeddable":true,"href":"https:\/\/www.valaz.es\/fr\/wp-json\/wp\/v2\/media\/8406"}],"wp:attachment":[{"href":"https:\/\/www.valaz.es\/fr\/wp-json\/wp\/v2\/media?parent=6373"}],"wp:term":[{"taxonomy":"product_brand","embeddable":true,"href":"https:\/\/www.valaz.es\/fr\/wp-json\/wp\/v2\/product_brand?post=6373"},{"taxonomy":"product_cat","embeddable":true,"href":"https:\/\/www.valaz.es\/fr\/wp-json\/wp\/v2\/product_cat?post=6373"},{"taxonomy":"product_tag","embeddable":true,"href":"https:\/\/www.valaz.es\/fr\/wp-json\/wp\/v2\/product_tag?post=6373"},{"taxonomy":"serie","embeddable":true,"href":"https:\/\/www.valaz.es\/fr\/wp-json\/wp\/v2\/serie?post=6373"},{"taxonomy":"manual-de-instalacion","embeddable":true,"href":"https:\/\/www.valaz.es\/fr\/wp-json\/wp\/v2\/manual-de-instalacion?post=6373"},{"taxonomy":"color","embeddable":true,"href":"https:\/\/www.valaz.es\/fr\/wp-json\/wp\/v2\/color?post=6373"}],"curies":[{"name":"wp","href":"https:\/\/api.w.org\/{rel}","templated":true}]}}