{"id":6363,"date":"2022-11-14T13:14:40","date_gmt":"2022-11-14T12:14:40","guid":{"rendered":"https:\/\/www.valaz.es\/producto\/douche-murale-carree-a-encastrer-monocommande-avec-poignee-creuse-carree-chrome-serie-tormes\/"},"modified":"2022-11-14T13:14:40","modified_gmt":"2022-11-14T12:14:40","slug":"ducha-empotrada-monomando-pared-cuadrada-con-maneta-cuadrada-cromada-serie-tormes","status":"publish","type":"product","link":"https:\/\/www.valaz.es\/fr\/produit\/ducha-empotrada-monomando-pared-cuadrada-con-maneta-cuadrada-cromada-serie-tormes\/","title":{"rendered":"Douche murale carr\u00e9e \u00e0 encastrer monocommande avec poign\u00e9e creuse carr\u00e9e chrom\u00e9 s\u00e9rie Tormes"},"content":{"rendered":"<div class=\"descripcion\">\n<div class=\"descripcion\">\n<p>Comprend: Pommeau de douche disponible en 20&#215;20, 25&#215;25 ,30&#215;30 ,40&#215;40 avec support au mur, mitigeur 2 voies (pommeau de douche effet pluie et douchette avec support) et flexible de 150cm.<\/p>\n<p><span class=\"a-list-item\">Materiaux: Pommeau de douche en acier inoxydable, monocommande en laiton avec poign\u00e9e creuse. Douchette en PVC et flexible en acier inoxydable.<\/span><\/p>\n<p><span class=\"a-list-item\">Finitions: Couleur chrom\u00e9<\/span><\/p>\n<p><span class=\"a-list-item\">Fonctions: Douche avec fonction effet pluie et douchette.<\/span><\/p>\n<\/div>\n<div class=\"solicita-info\"><\/div>\n<\/div>\n<div class=\"solicita-info\"><\/div>\n","protected":false},"excerpt":{"rendered":"<p>S\u00e9rie aux lignes droites et carr\u00e9es, elle se distingue par sa poign\u00e9e creuse aux finitions chrome, or bross\u00e9 et noir mat, ce qui en fait une s\u00e9rie minimaliste et \u00e9l\u00e9gante. Nous avons aussi du robinet pour lavabo .<\/p>\n<p>La garantie de tous nos produits est de 3 ans, pour le fonctionnement, la dur\u00e9e de l&#8217;\u00e9maillage et l&#8217;anti-corrosion.<\/p>\n<p>Nous recommandons un entretien correct pour \u00e9viter la d\u00e9t\u00e9rioration due \u00e0 l&#8217;utilisation. S\u00e9chez les gouttes d&#8217;eau apr\u00e8s utilisation, en \u00e9vitant qu&#8217;elles ne se d\u00e9posent sur la surface et d\u00e9t\u00e9riorent la finition N&#8217;utilisez pas d&#8217;\u00e9ponges qui peuvent rayer les robinets et utilisez des nettoyants tels que du vinaigre de nettoyage, de l&#8217;eau chaude et du savon au pH neutre.<\/p>\n<p>&nbsp;<\/p>\n<p><strong>Notre service technique dispose de guides pour tous nos mod\u00e8les encastrables.Si vous avez des questions sur l&#8217;installation, contactez-nous par t\u00e9l\u00e9phone, WhatsApp ou par e-mail.<strong><\/strong><\/strong><\/p>\n<p><strong>N&#8217;oubliez pas qu&#8217;une fois le corps encastrable du robinet est install\u00e9, vous devez v\u00e9rifier son bon fonctionnement (passage d&#8217;eau, cartouche&#8230;), si vous d\u00e9tectez une anomalie, contactez-nous pour vous aider, ne continuez pas avec l&#8217;installation.<\/strong><\/p>\n","protected":false},"featured_media":2397,"template":"","meta":[],"product_brand":[],"product_cat":[262,258],"product_tag":[],"serie":[196],"manual-de-instalacion":[227],"color":[293],"class_list":{"0":"post-6363","1":"product","2":"type-product","3":"status-publish","4":"has-post-thumbnail","6":"product_cat-douches-a-litalienne","7":"product_cat-douches","8":"pa_tamano-rociador-20cm-fr","9":"pa_tamano-rociador-25cm-fr","10":"pa_tamano-rociador-30cm-fr","11":"pa_tamano-rociador-40cm-fr","12":"serie-tormes-fr","13":"manual-de-instalacion-guia-instalacion-duchas-empotradas-monomando-fr","14":"color-cromo-fr","16":"first","17":"instock","18":"taxable","19":"shipping-taxable","20":"product-type-variable"},"_links":{"self":[{"href":"https:\/\/www.valaz.es\/fr\/wp-json\/wp\/v2\/product\/6363","targetHints":{"allow":["GET"]}}],"collection":[{"href":"https:\/\/www.valaz.es\/fr\/wp-json\/wp\/v2\/product"}],"about":[{"href":"https:\/\/www.valaz.es\/fr\/wp-json\/wp\/v2\/types\/product"}],"wp:featuredmedia":[{"embeddable":true,"href":"https:\/\/www.valaz.es\/fr\/wp-json\/wp\/v2\/media\/2397"}],"wp:attachment":[{"href":"https:\/\/www.valaz.es\/fr\/wp-json\/wp\/v2\/media?parent=6363"}],"wp:term":[{"taxonomy":"product_brand","embeddable":true,"href":"https:\/\/www.valaz.es\/fr\/wp-json\/wp\/v2\/product_brand?post=6363"},{"taxonomy":"product_cat","embeddable":true,"href":"https:\/\/www.valaz.es\/fr\/wp-json\/wp\/v2\/product_cat?post=6363"},{"taxonomy":"product_tag","embeddable":true,"href":"https:\/\/www.valaz.es\/fr\/wp-json\/wp\/v2\/product_tag?post=6363"},{"taxonomy":"serie","embeddable":true,"href":"https:\/\/www.valaz.es\/fr\/wp-json\/wp\/v2\/serie?post=6363"},{"taxonomy":"manual-de-instalacion","embeddable":true,"href":"https:\/\/www.valaz.es\/fr\/wp-json\/wp\/v2\/manual-de-instalacion?post=6363"},{"taxonomy":"color","embeddable":true,"href":"https:\/\/www.valaz.es\/fr\/wp-json\/wp\/v2\/color?post=6363"}],"curies":[{"name":"wp","href":"https:\/\/api.w.org\/{rel}","templated":true}]}}