{"id":6324,"date":"2022-11-17T12:14:29","date_gmt":"2022-11-17T11:14:29","guid":{"rendered":"https:\/\/www.valaz.es\/producto\/robinet-de-baignoire-sur-pied-noir-mat-serie-turia\/"},"modified":"2022-11-17T12:14:29","modified_gmt":"2022-11-17T11:14:29","slug":"grifo-de-banera-exenta-de-pie-negro-mate-con-tridente-alto-serie-turia","status":"publish","type":"product","link":"https:\/\/www.valaz.es\/fr\/produit\/grifo-de-banera-exenta-de-pie-negro-mate-con-tridente-alto-serie-turia\/","title":{"rendered":"Robinet de baignoire sur pied noir mat serie Turia"},"content":{"rendered":"<p>Robinet de baignoire sur pied chrom\u00e9<\/p>\n<p>Finition: Noir mat<\/p>\n<p>Flexible en acier inoxydable.<\/p>\n<p>Douchette en PVC<\/p>\n","protected":false},"excerpt":{"rendered":"<p>La s\u00e9rie Turia se distingue par sa finition ronde et simple. Un ensemble minimaliste et pratique pour profiter d&#8217;un bain relaxant. Fabriqu\u00e9s en laiton chrom\u00e9 et noir mat. Comprend une douchette et un flexo.<\/p>\n<p>La garantie de tous nos produits est de 3 ans, pour le fonctionnement, la dur\u00e9e de l&#8217;\u00e9maillage et l&#8217;anti-corrosion.<\/p>\n<p>Nous recommandons un entretien correct pour \u00e9viter la d\u00e9t\u00e9rioration due \u00e0 l&#8217;utilisation. S\u00e9chez les gouttes d&#8217;eau apr\u00e8s utilisation, en \u00e9vitant qu&#8217;elles ne se d\u00e9posent sur la surface et d\u00e9t\u00e9riorent la finition N&#8217;utilisez pas d&#8217;\u00e9ponges qui peuvent rayer les robinets et utilisez des nettoyants tels que du vinaigre de nettoyage, de l&#8217;eau chaude et du savon au pH neutre.<\/p>\n<p>&nbsp;<\/p>\n<p><strong>Notre service technique dispose de guides pour tous nos mod\u00e8les encastrables.Si vous avez des questions sur l&#8217;installation, contactez-nous par t\u00e9l\u00e9phone, WhatsApp ou par e-mail.<strong><\/strong><\/strong><\/p>\n<p><strong>N&#8217;oubliez pas qu&#8217;une fois le corps encastrable du robinet est install\u00e9, vous devez v\u00e9rifier son bon fonctionnement (passage d&#8217;eau, cartouche&#8230;), si vous d\u00e9tectez une anomalie, contactez-nous pour vous aider, ne continuez pas avec l&#8217;installation.<\/strong><\/p>\n<p>&nbsp;<\/p>\n","protected":false},"featured_media":4733,"template":"","meta":[],"product_brand":[],"product_cat":[249,255],"product_tag":[],"serie":[201],"manual-de-instalacion":[226],"color":[293],"class_list":{"0":"post-6324","1":"product","2":"type-product","3":"status-publish","4":"has-post-thumbnail","6":"product_cat-baignoire-robinet","7":"product_cat-robinets-de-baignoire-autoportants","8":"serie-turia-fr","9":"manual-de-instalacion-guia-instalacion-grifo-exenta-fr","10":"color-cromo-fr","12":"first","13":"instock","14":"taxable","15":"shipping-taxable","16":"product-type-simple"},"_links":{"self":[{"href":"https:\/\/www.valaz.es\/fr\/wp-json\/wp\/v2\/product\/6324","targetHints":{"allow":["GET"]}}],"collection":[{"href":"https:\/\/www.valaz.es\/fr\/wp-json\/wp\/v2\/product"}],"about":[{"href":"https:\/\/www.valaz.es\/fr\/wp-json\/wp\/v2\/types\/product"}],"wp:featuredmedia":[{"embeddable":true,"href":"https:\/\/www.valaz.es\/fr\/wp-json\/wp\/v2\/media\/4733"}],"wp:attachment":[{"href":"https:\/\/www.valaz.es\/fr\/wp-json\/wp\/v2\/media?parent=6324"}],"wp:term":[{"taxonomy":"product_brand","embeddable":true,"href":"https:\/\/www.valaz.es\/fr\/wp-json\/wp\/v2\/product_brand?post=6324"},{"taxonomy":"product_cat","embeddable":true,"href":"https:\/\/www.valaz.es\/fr\/wp-json\/wp\/v2\/product_cat?post=6324"},{"taxonomy":"product_tag","embeddable":true,"href":"https:\/\/www.valaz.es\/fr\/wp-json\/wp\/v2\/product_tag?post=6324"},{"taxonomy":"serie","embeddable":true,"href":"https:\/\/www.valaz.es\/fr\/wp-json\/wp\/v2\/serie?post=6324"},{"taxonomy":"manual-de-instalacion","embeddable":true,"href":"https:\/\/www.valaz.es\/fr\/wp-json\/wp\/v2\/manual-de-instalacion?post=6324"},{"taxonomy":"color","embeddable":true,"href":"https:\/\/www.valaz.es\/fr\/wp-json\/wp\/v2\/color?post=6324"}],"curies":[{"name":"wp","href":"https:\/\/api.w.org\/{rel}","templated":true}]}}