{"id":6032,"date":"2022-11-09T10:04:55","date_gmt":"2022-11-09T09:04:55","guid":{"rendered":"https:\/\/www.valaz.es\/producto\/colonne-de-douche-baignoire-thermostatique-carre-noir-mat-serie-segura\/"},"modified":"2023-10-06T09:51:23","modified_gmt":"2023-10-06T07:51:23","slug":"barra-de-ducha-banera-termostatica-cuadrada-negro-mate-serie-segura","status":"publish","type":"product","link":"https:\/\/www.valaz.es\/fr\/produit\/barra-de-ducha-banera-termostatica-cuadrada-negro-mate-serie-segura\/","title":{"rendered":"Colonne de douche\/baignoire thermostatique carr\u00e9 noir mat Serie Segura."},"content":{"rendered":"<p>Colonne de douche\/baignoire carr\u00e9 chrom\u00e9<\/p>\n<p>Corps du robinet: laiton<\/p>\n<p>Pommeau de douche en acier inoxydable chrom\u00e9 avec syst\u00e8me anticalcaire.<\/p>\n<div id=\"tw-target-text-container\" class=\"tw-ta-container tw-nfl\">\n<p><span lang=\"es\" xml:lang=\"es\">colonne t\u00e9lescopique de 90 cm \u00e0 145 cm.<\/span><\/p>\n<\/div>\n","protected":false},"excerpt":{"rendered":"<p>La s\u00e9rie Segura convient \u00e0 ceux qui recherchent un robinet plus classique avec ses lignes droites et carr\u00e9es. Nous avons actuellement trois finitions chrome, noir mat et or bross\u00e9 avec sa large gamme de robinet pour lavabo, vasque \u00e0 poser, bidet, colonne de douche et baignoire. Tous nos produits ont des tuyaux d&#8217;installation.<\/p>\n<p>La garantie de tous nos produits est de 3 ans, pour le fonctionnement, la dur\u00e9e de l&#8217;\u00e9maillage et l&#8217;anti-corrosion.<\/p>\n<p>Nous recommandons un entretien correct pour \u00e9viter la d\u00e9t\u00e9rioration due \u00e0 l&#8217;utilisation. S\u00e9chez les gouttes d&#8217;eau apr\u00e8s utilisation, en \u00e9vitant qu&#8217;elles ne se d\u00e9posent sur la surface et d\u00e9t\u00e9riorent la finition N&#8217;utilisez pas d&#8217;\u00e9ponges qui peuvent rayer les robinets et utilisez des nettoyants tels que du vinaigre de nettoyage, de l&#8217;eau chaude et du savon au pH neutre.<\/p>\n<p><strong>Notre service technique dispose de guides pour tous nos mod\u00e8les encastrables.Si vous avez des questions sur l&#8217;installation, contactez-nous par t\u00e9l\u00e9phone, WhatsApp ou par e-mail.<strong><\/strong><\/strong><\/p>\n<p><strong>N&#8217;oubliez pas qu&#8217;une fois le corps encastrable du robinet est install\u00e9, vous devez v\u00e9rifier son bon fonctionnement (passage d&#8217;eau, cartouche&#8230;), si vous d\u00e9tectez une anomalie, contactez-nous pour vous aider, ne continuez pas avec l&#8217;installation.<\/strong><\/p>\n","protected":false},"featured_media":1740,"template":"","meta":[],"product_brand":[],"product_cat":[261,258],"product_tag":[],"serie":[190],"manual-de-instalacion":[],"color":[308],"class_list":{"0":"post-6032","1":"product","2":"type-product","3":"status-publish","4":"has-post-thumbnail","6":"product_cat-barres-de-douche","7":"product_cat-douches","8":"pa_tamano-rociador-20cm-fr","9":"pa_tamano-rociador-25cm-fr","10":"pa_tamano-rociador-30cm-fr","11":"pa_tamano-rociador-40cm-fr","12":"serie-segura-fr","13":"color-negro-mate-fr","15":"first","16":"instock","17":"taxable","18":"shipping-taxable","19":"product-type-variable"},"_links":{"self":[{"href":"https:\/\/www.valaz.es\/fr\/wp-json\/wp\/v2\/product\/6032","targetHints":{"allow":["GET"]}}],"collection":[{"href":"https:\/\/www.valaz.es\/fr\/wp-json\/wp\/v2\/product"}],"about":[{"href":"https:\/\/www.valaz.es\/fr\/wp-json\/wp\/v2\/types\/product"}],"wp:featuredmedia":[{"embeddable":true,"href":"https:\/\/www.valaz.es\/fr\/wp-json\/wp\/v2\/media\/1740"}],"wp:attachment":[{"href":"https:\/\/www.valaz.es\/fr\/wp-json\/wp\/v2\/media?parent=6032"}],"wp:term":[{"taxonomy":"product_brand","embeddable":true,"href":"https:\/\/www.valaz.es\/fr\/wp-json\/wp\/v2\/product_brand?post=6032"},{"taxonomy":"product_cat","embeddable":true,"href":"https:\/\/www.valaz.es\/fr\/wp-json\/wp\/v2\/product_cat?post=6032"},{"taxonomy":"product_tag","embeddable":true,"href":"https:\/\/www.valaz.es\/fr\/wp-json\/wp\/v2\/product_tag?post=6032"},{"taxonomy":"serie","embeddable":true,"href":"https:\/\/www.valaz.es\/fr\/wp-json\/wp\/v2\/serie?post=6032"},{"taxonomy":"manual-de-instalacion","embeddable":true,"href":"https:\/\/www.valaz.es\/fr\/wp-json\/wp\/v2\/manual-de-instalacion?post=6032"},{"taxonomy":"color","embeddable":true,"href":"https:\/\/www.valaz.es\/fr\/wp-json\/wp\/v2\/color?post=6032"}],"curies":[{"name":"wp","href":"https:\/\/api.w.org\/{rel}","templated":true}]}}