{"id":564,"date":"2022-11-09T17:23:25","date_gmt":"2022-11-09T16:23:25","guid":{"rendered":"https:\/\/www.valaz.es\/?post_type=product&#038;p=564"},"modified":"2026-04-14T13:23:09","modified_gmt":"2026-04-14T11:23:09","slug":"ducha-empotrada-monomando-a-techo-cuadrada-dorado-cepillado-serie-tajo","status":"publish","type":"product","link":"https:\/\/www.valaz.es\/fr\/produit\/ducha-empotrada-monomando-a-techo-cuadrada-dorado-cepillado-serie-tajo\/","title":{"rendered":"Ducha empotrada monomando a techo cuadrada dorado cepillado &#8211; Serie Tajo"},"content":{"rendered":"<p class=\"\" data-start=\"78\" data-end=\"507\">La ducha empotrada monomando a techo cuadrada de la Serie Tajo ofrece una experiencia de ba\u00f1o moderna y elegante, con un dise\u00f1o sofisticado en dorado cepillado. Esta ducha incluye un rociador de efecto lluvia que proporciona un flujo de agua suave y envolvente, acompa\u00f1ado de una alcachofa de mano para mayor versatilidad en el uso. Perfecta para aquellos que buscan un toque de lujo y funcionalidad en su ba\u00f1o.<\/p>\n<p class=\"\" data-start=\"509\" data-end=\"531\"><strong data-start=\"509\" data-end=\"529\">Especificaciones<\/strong><\/p>\n<ul data-start=\"532\" data-end=\"912\">\n<li class=\"\" data-start=\"532\" data-end=\"578\">\n<p class=\"\" data-start=\"534\" data-end=\"578\"><strong data-start=\"534\" data-end=\"558\">Tipo de instalaci\u00f3n:<\/strong> Empotrada a techo<\/p>\n<\/li>\n<li class=\"\" data-start=\"579\" data-end=\"603\">\n<p class=\"\" data-start=\"581\" data-end=\"603\"><strong data-start=\"581\" data-end=\"592\">Dise\u00f1o:<\/strong> Cuadrado<\/p>\n<\/li>\n<li class=\"\" data-start=\"604\" data-end=\"667\">\n<p class=\"\" data-start=\"606\" data-end=\"667\"><strong data-start=\"606\" data-end=\"630\">Tama\u00f1o del rociador:<\/strong> Disponible en 20&#215;20, 25&#215;25 y 30&#215;30<\/p>\n<\/li>\n<li class=\"\" data-start=\"668\" data-end=\"740\">\n<p class=\"\" data-start=\"670\" data-end=\"740\"><strong data-start=\"670\" data-end=\"683\">Conexi\u00f3n:<\/strong> 2 v\u00edas (rociador de efecto lluvia y alcachofa de mano)<\/p>\n<\/li>\n<li class=\"\" data-start=\"741\" data-end=\"880\">\n<p class=\"\" data-start=\"743\" data-end=\"760\"><strong data-start=\"743\" data-end=\"758\">Materiales:<\/strong><\/p>\n<ul data-start=\"763\" data-end=\"880\">\n<li class=\"\" data-start=\"763\" data-end=\"795\">\n<p class=\"\" data-start=\"765\" data-end=\"795\">Rociador de acero inoxidable<\/p>\n<\/li>\n<li class=\"\" data-start=\"798\" data-end=\"820\">\n<p class=\"\" data-start=\"800\" data-end=\"820\">Monomando de lat\u00f3n<\/p>\n<\/li>\n<li class=\"\" data-start=\"823\" data-end=\"851\">\n<p class=\"\" data-start=\"825\" data-end=\"851\">Alcachofa de mano de lat\u00f3n<\/p>\n<\/li>\n<li class=\"\" data-start=\"854\" data-end=\"880\">\n<p class=\"\" data-start=\"856\" data-end=\"880\">Flexo de PVC de 150 cm<\/p>\n<\/li>\n<\/ul>\n<\/li>\n<li class=\"\" data-start=\"881\" data-end=\"912\">\n<p class=\"\" data-start=\"883\" data-end=\"912\"><strong data-start=\"883\" data-end=\"895\">Acabado:<\/strong> Dorado cepillado<\/p>\n<\/li>\n<\/ul>\n","protected":false},"excerpt":{"rendered":"<p>Serie Tajo l\u00edneas rectas y cuadradas que aportan estilo y dise\u00f1o a cualquier ba\u00f1o. Actualmente disponemos de diferentes acabados cromado, dorado cepillado, negro mate. Tenemos Ducha empotradas cuadrada a techo y pared, grifo empotrado a pared, grifo de bid\u00e9 empotrado.<\/p>\n<p>&nbsp;<\/p>\n<p>La garant\u00eda de todos nuestros productos es de 3 a\u00f1os, para funcionamiento, duraci\u00f3n del esmaltado y anticorrosi\u00f3n.<\/p>\n<p>Recomendamos para un correcto mantenimiento de la grifer\u00eda y evitar el deterioro por el uso. Secar las gotas de agua con un pa\u00f1o suave despu\u00e9s del uso, evitando que se posen en la superficie y deterioran el acabado, no utilizar esponjas que puedan rayar la grifer\u00eda, utilizar limpiadores como vinagre limpieza, agua caliente y jab\u00f3n con ph neutro.<\/p>\n<p>&nbsp;<\/p>\n<p>Nuestro departamento t\u00e9cnico dispone de gu\u00edas de todos los modelos empotrados que vendemos, si tiene alguna duda con la instalaci\u00f3n contacte con nosotros mediante tel\u00e9fono, WhatsApp o email dentro del horario laboral indicado en la web.<\/p>\n<p>Recuerden que una vez instalado el cuerpo empotrado de la grifer\u00eda revisar de su correcto funcionamiento de paso de agua, comprobaci\u00f3n de cartuchos y corte de agua, si detecta alguna anomal\u00eda informe a nuestro departamento para darle una soluci\u00f3n, no contin\u00fae con la instalaci\u00f3n de cerramiento de la pared.<\/p>\n","protected":false},"featured_media":13339,"template":"","meta":[],"product_brand":[],"product_cat":[57,47],"product_tag":[],"serie":[23],"manual-de-instalacion":[78],"color":[34],"class_list":{"0":"post-564","1":"product","2":"type-product","3":"status-publish","4":"has-post-thumbnail","6":"product_cat-duchas-empotradas","7":"product_cat-duchas","8":"pa_tamano-rociador-20cm","9":"pa_tamano-rociador-25cm","10":"pa_tamano-rociador-30cm","11":"serie-tajo","12":"manual-de-instalacion-guia-instalacion-duchas-empotradas-monomando","13":"color-dorado-cepillado","15":"first","16":"outofstock","17":"taxable","18":"shipping-taxable","19":"product-type-variable"},"_links":{"self":[{"href":"https:\/\/www.valaz.es\/fr\/wp-json\/wp\/v2\/product\/564","targetHints":{"allow":["GET"]}}],"collection":[{"href":"https:\/\/www.valaz.es\/fr\/wp-json\/wp\/v2\/product"}],"about":[{"href":"https:\/\/www.valaz.es\/fr\/wp-json\/wp\/v2\/types\/product"}],"wp:featuredmedia":[{"embeddable":true,"href":"https:\/\/www.valaz.es\/fr\/wp-json\/wp\/v2\/media\/13339"}],"wp:attachment":[{"href":"https:\/\/www.valaz.es\/fr\/wp-json\/wp\/v2\/media?parent=564"}],"wp:term":[{"taxonomy":"product_brand","embeddable":true,"href":"https:\/\/www.valaz.es\/fr\/wp-json\/wp\/v2\/product_brand?post=564"},{"taxonomy":"product_cat","embeddable":true,"href":"https:\/\/www.valaz.es\/fr\/wp-json\/wp\/v2\/product_cat?post=564"},{"taxonomy":"product_tag","embeddable":true,"href":"https:\/\/www.valaz.es\/fr\/wp-json\/wp\/v2\/product_tag?post=564"},{"taxonomy":"serie","embeddable":true,"href":"https:\/\/www.valaz.es\/fr\/wp-json\/wp\/v2\/serie?post=564"},{"taxonomy":"manual-de-instalacion","embeddable":true,"href":"https:\/\/www.valaz.es\/fr\/wp-json\/wp\/v2\/manual-de-instalacion?post=564"},{"taxonomy":"color","embeddable":true,"href":"https:\/\/www.valaz.es\/fr\/wp-json\/wp\/v2\/color?post=564"}],"curies":[{"name":"wp","href":"https:\/\/api.w.org\/{rel}","templated":true}]}}