{"id":562,"date":"2022-11-09T17:19:28","date_gmt":"2022-11-09T16:19:28","guid":{"rendered":"https:\/\/www.valaz.es\/?post_type=product&#038;p=562"},"modified":"2025-10-04T20:54:51","modified_gmt":"2025-10-04T18:54:51","slug":"grifo-de-lavabo-empotrado-cuadrado-monomando-dorado-cepillado-con-cano-de-21cm-serie-tajo","status":"publish","type":"product","link":"https:\/\/www.valaz.es\/fr\/produit\/grifo-de-lavabo-empotrado-cuadrado-monomando-dorado-cepillado-con-cano-de-21cm-serie-tajo\/","title":{"rendered":"Grifo de lavabo empotrado cuadrado monomando dorado cepillado con ca\u00f1o de 21CM &#8211;  Serie Tajo"},"content":{"rendered":"<p class=\"\" data-start=\"98\" data-end=\"505\">Este grifo de lavabo empotrado cuadrado monomando con ca\u00f1o de 21 cm de la Serie Tajo ofrece un acabado dorado cepillado de lujo, ideal para agregar un toque sofisticado y elegante a tu ba\u00f1o. Su dise\u00f1o cuadrado moderno y el ca\u00f1o de 21 cm proporcionan una experiencia de uso c\u00f3moda y eficiente, mientras que su est\u00e9tica de alto nivel convierte a este grifo en una pieza central en el lavabo.<\/p>\n<p class=\"\" data-start=\"507\" data-end=\"529\"><strong data-start=\"507\" data-end=\"527\">Especificaciones<\/strong><\/p>\n<ul data-start=\"530\" data-end=\"725\">\n<li class=\"\" data-start=\"530\" data-end=\"572\">\n<p class=\"\" data-start=\"532\" data-end=\"572\"><strong data-start=\"532\" data-end=\"550\">Tipo de grifo:<\/strong> Empotrado monomando<\/p>\n<\/li>\n<li class=\"\" data-start=\"573\" data-end=\"597\">\n<p class=\"\" data-start=\"575\" data-end=\"597\"><strong data-start=\"575\" data-end=\"586\">Dise\u00f1o:<\/strong> Cuadrado<\/p>\n<\/li>\n<li class=\"\" data-start=\"598\" data-end=\"631\">\n<p class=\"\" data-start=\"600\" data-end=\"631\"><strong data-start=\"600\" data-end=\"612\">Acabado:<\/strong> Dorado cepillado<\/p>\n<\/li>\n<li class=\"\" data-start=\"632\" data-end=\"651\">\n<p class=\"\" data-start=\"634\" data-end=\"651\"><strong data-start=\"634\" data-end=\"643\">Ca\u00f1o:<\/strong> 21 cm<\/p>\n<\/li>\n<li class=\"\" data-start=\"652\" data-end=\"675\">\n<p class=\"\" data-start=\"654\" data-end=\"675\"><strong data-start=\"654\" data-end=\"667\">Material:<\/strong> Lat\u00f3n<\/p>\n<\/li>\n<li class=\"\" data-start=\"676\" data-end=\"702\">\n<p class=\"\" data-start=\"678\" data-end=\"702\"><strong data-start=\"678\" data-end=\"691\">Cartucho:<\/strong> Cer\u00e1mico<\/p>\n<\/li>\n<li class=\"\" data-start=\"703\" data-end=\"725\">\n<p class=\"\" data-start=\"705\" data-end=\"725\"><strong data-start=\"705\" data-end=\"718\">Conexi\u00f3n:<\/strong> G1\/2<\/p>\n<\/li>\n<\/ul>\n","protected":false},"excerpt":{"rendered":"<p>Serie Tajo l\u00edneas rectas y cuadradas que aportan estilo y dise\u00f1o a cualquier ba\u00f1o. Actualmente disponemos de diferentes acabados cromado, dorado cepillado, negro mate. Tenemos Ducha empotradas cuadrada a techo y pared, grifo empotrado a pared, grifo de bid\u00e9 empotrado.<\/p>\n<p>&nbsp;<\/p>\n<p>La garant\u00eda de todos nuestros productos es de 3 a\u00f1os, para funcionamiento, duraci\u00f3n del esmaltado y anticorrosi\u00f3n.<\/p>\n<p>Recomendamos para un correcto mantenimiento de la grifer\u00eda y evitar el deterioro por el uso. Secar las gotas de agua con un pa\u00f1o suave despu\u00e9s del uso, evitando que se posen en la superficie y deterioran el acabado, no utilizar esponjas que puedan rayar la grifer\u00eda, utilizar limpiadores como vinagre limpieza, agua caliente y jab\u00f3n con ph neutro.<\/p>\n<p>&nbsp;<\/p>\n<p>Nuestro departamento t\u00e9cnico dispone de gu\u00edas de todos los modelos empotrados que vendemos, si tiene alguna duda con la instalaci\u00f3n contacte con nosotros mediante tel\u00e9fono, WhatsApp o email dentro del horario laboral indicado en la web.<\/p>\n<p>Recuerden que una vez instalado el cuerpo empotrado de la grifer\u00eda revisar de su correcto funcionamiento de paso de agua, comprobaci\u00f3n de cartuchos y corte de agua, si detecta alguna anomal\u00eda informe a nuestro departamento para darle una soluci\u00f3n, no contin\u00fae con la instalaci\u00f3n de cerramiento de la pared.<\/p>\n","protected":false},"featured_media":563,"template":"","meta":[],"product_brand":[],"product_cat":[48,58],"product_tag":[],"serie":[23],"manual-de-instalacion":[80],"color":[34],"class_list":{"0":"post-562","1":"product","2":"type-product","3":"status-publish","4":"has-post-thumbnail","6":"product_cat-grifos-de-lavabo","7":"product_cat-grifos-de-lavabo-empotrados","8":"serie-tajo","9":"manual-de-instalacion-guia-instalacion-grifo-lavabo-empotrado-con-caja","10":"color-dorado-cepillado","12":"first","13":"instock","14":"taxable","15":"shipping-taxable","16":"product-type-simple"},"_links":{"self":[{"href":"https:\/\/www.valaz.es\/fr\/wp-json\/wp\/v2\/product\/562","targetHints":{"allow":["GET"]}}],"collection":[{"href":"https:\/\/www.valaz.es\/fr\/wp-json\/wp\/v2\/product"}],"about":[{"href":"https:\/\/www.valaz.es\/fr\/wp-json\/wp\/v2\/types\/product"}],"wp:featuredmedia":[{"embeddable":true,"href":"https:\/\/www.valaz.es\/fr\/wp-json\/wp\/v2\/media\/563"}],"wp:attachment":[{"href":"https:\/\/www.valaz.es\/fr\/wp-json\/wp\/v2\/media?parent=562"}],"wp:term":[{"taxonomy":"product_brand","embeddable":true,"href":"https:\/\/www.valaz.es\/fr\/wp-json\/wp\/v2\/product_brand?post=562"},{"taxonomy":"product_cat","embeddable":true,"href":"https:\/\/www.valaz.es\/fr\/wp-json\/wp\/v2\/product_cat?post=562"},{"taxonomy":"product_tag","embeddable":true,"href":"https:\/\/www.valaz.es\/fr\/wp-json\/wp\/v2\/product_tag?post=562"},{"taxonomy":"serie","embeddable":true,"href":"https:\/\/www.valaz.es\/fr\/wp-json\/wp\/v2\/serie?post=562"},{"taxonomy":"manual-de-instalacion","embeddable":true,"href":"https:\/\/www.valaz.es\/fr\/wp-json\/wp\/v2\/manual-de-instalacion?post=562"},{"taxonomy":"color","embeddable":true,"href":"https:\/\/www.valaz.es\/fr\/wp-json\/wp\/v2\/color?post=562"}],"curies":[{"name":"wp","href":"https:\/\/api.w.org\/{rel}","templated":true}]}}