{"id":560,"date":"2022-11-09T17:19:36","date_gmt":"2022-11-09T16:19:36","guid":{"rendered":"https:\/\/www.valaz.es\/?post_type=product&#038;p=560"},"modified":"2026-03-23T21:23:36","modified_gmt":"2026-03-23T20:23:36","slug":"grifo-de-lavabo-empotrado-cuadrado-monomando-negro-mate-con-cano-de-21cm-serie-tajo","status":"publish","type":"product","link":"https:\/\/www.valaz.es\/fr\/produit\/grifo-de-lavabo-empotrado-cuadrado-monomando-negro-mate-con-cano-de-21cm-serie-tajo\/","title":{"rendered":"Grifo de lavabo empotrado cuadrado monomando negro mate con ca\u00f1o de 21CM &#8211; Serie Tajo"},"content":{"rendered":"<p class=\"\" data-start=\"92\" data-end=\"461\">Este grifo de lavabo empotrado cuadrado monomando con ca\u00f1o de 21 cm de la Serie Tajo ofrece un dise\u00f1o elegante y moderno en acabado negro mate. Perfecto para ba\u00f1os contempor\u00e1neos, su ca\u00f1o de 21 cm proporciona un flujo de agua c\u00f3modo y eficiente. Con su dise\u00f1o empotrado, optimiza el espacio del lavabo mientras mantiene un estilo limpio y sofisticado.<\/p>\n<p class=\"\" data-start=\"463\" data-end=\"485\"><strong data-start=\"463\" data-end=\"483\">Especificaciones<\/strong><\/p>\n<ul data-start=\"486\" data-end=\"675\">\n<li class=\"\" data-start=\"486\" data-end=\"528\">\n<p class=\"\" data-start=\"488\" data-end=\"528\"><strong data-start=\"488\" data-end=\"506\">Tipo de grifo:<\/strong> Empotrado monomando<\/p>\n<\/li>\n<li class=\"\" data-start=\"529\" data-end=\"553\">\n<p class=\"\" data-start=\"531\" data-end=\"553\"><strong data-start=\"531\" data-end=\"542\">Dise\u00f1o:<\/strong> Cuadrado<\/p>\n<\/li>\n<li class=\"\" data-start=\"554\" data-end=\"581\">\n<p class=\"\" data-start=\"556\" data-end=\"581\"><strong data-start=\"556\" data-end=\"568\">Acabado:<\/strong> Negro mate<\/p>\n<\/li>\n<li class=\"\" data-start=\"582\" data-end=\"601\">\n<p class=\"\" data-start=\"584\" data-end=\"601\"><strong data-start=\"584\" data-end=\"593\">Ca\u00f1o:<\/strong> 21 cm<\/p>\n<\/li>\n<li class=\"\" data-start=\"602\" data-end=\"625\">\n<p class=\"\" data-start=\"604\" data-end=\"625\"><strong data-start=\"604\" data-end=\"617\">Material:<\/strong> Lat\u00f3n<\/p>\n<\/li>\n<li class=\"\" data-start=\"626\" data-end=\"652\">\n<p class=\"\" data-start=\"628\" data-end=\"652\"><strong data-start=\"628\" data-end=\"641\">Cartucho:<\/strong> Cer\u00e1mico<\/p>\n<\/li>\n<li class=\"\" data-start=\"653\" data-end=\"675\">\n<p class=\"\" data-start=\"655\" data-end=\"675\"><strong data-start=\"655\" data-end=\"668\">Conexi\u00f3n:<\/strong> G1\/2<\/p>\n<\/li>\n<\/ul>\n","protected":false},"excerpt":{"rendered":"<p>Serie Tajo l\u00edneas rectas y cuadradas que aportan estilo y dise\u00f1o a cualquier ba\u00f1o. Actualmente disponemos de diferentes acabados cromado, dorado cepillado, negro mate. Tenemos Ducha empotradas cuadrada a techo y pared, grifo empotrado a pared, grifo de bid\u00e9 empotrado.<\/p>\n<p>&nbsp;<\/p>\n<p>La garant\u00eda de todos nuestros productos es de 3 a\u00f1os, para funcionamiento, duraci\u00f3n del esmaltado y anticorrosi\u00f3n.<\/p>\n<p>Recomendamos para un correcto mantenimiento de la grifer\u00eda y evitar el deterioro por el uso. Secar las gotas de agua con un pa\u00f1o suave despu\u00e9s del uso, evitando que se posen en la superficie y deterioran el acabado, no utilizar esponjas que puedan rayar la grifer\u00eda, utilizar limpiadores como vinagre limpieza, agua caliente y jab\u00f3n con ph neutro.<\/p>\n<p>&nbsp;<\/p>\n<p>Nuestro departamento t\u00e9cnico dispone de gu\u00edas de todos los modelos empotrados que vendemos, si tiene alguna duda con la instalaci\u00f3n contacte con nosotros mediante tel\u00e9fono, WhatsApp o email dentro del horario laboral indicado en la web.<\/p>\n<p>Recuerden que una vez instalado el cuerpo empotrado de la grifer\u00eda revisar de su correcto funcionamiento de paso de agua, comprobaci\u00f3n de cartuchos y corte de agua, si detecta alguna anomal\u00eda informe a nuestro departamento para darle una soluci\u00f3n, no contin\u00fae con la instalaci\u00f3n de cerramiento de la pared.<\/p>\n","protected":false},"featured_media":557,"template":"","meta":[],"product_brand":[],"product_cat":[48],"product_tag":[],"serie":[23],"manual-de-instalacion":[80],"color":[27],"class_list":{"0":"post-560","1":"product","2":"type-product","3":"status-publish","4":"has-post-thumbnail","6":"product_cat-grifos-de-lavabo","7":"serie-tajo","8":"manual-de-instalacion-guia-instalacion-grifo-lavabo-empotrado-con-caja","9":"color-negro-mate","11":"first","12":"instock","13":"taxable","14":"shipping-taxable","15":"product-type-simple"},"_links":{"self":[{"href":"https:\/\/www.valaz.es\/fr\/wp-json\/wp\/v2\/product\/560","targetHints":{"allow":["GET"]}}],"collection":[{"href":"https:\/\/www.valaz.es\/fr\/wp-json\/wp\/v2\/product"}],"about":[{"href":"https:\/\/www.valaz.es\/fr\/wp-json\/wp\/v2\/types\/product"}],"wp:featuredmedia":[{"embeddable":true,"href":"https:\/\/www.valaz.es\/fr\/wp-json\/wp\/v2\/media\/557"}],"wp:attachment":[{"href":"https:\/\/www.valaz.es\/fr\/wp-json\/wp\/v2\/media?parent=560"}],"wp:term":[{"taxonomy":"product_brand","embeddable":true,"href":"https:\/\/www.valaz.es\/fr\/wp-json\/wp\/v2\/product_brand?post=560"},{"taxonomy":"product_cat","embeddable":true,"href":"https:\/\/www.valaz.es\/fr\/wp-json\/wp\/v2\/product_cat?post=560"},{"taxonomy":"product_tag","embeddable":true,"href":"https:\/\/www.valaz.es\/fr\/wp-json\/wp\/v2\/product_tag?post=560"},{"taxonomy":"serie","embeddable":true,"href":"https:\/\/www.valaz.es\/fr\/wp-json\/wp\/v2\/serie?post=560"},{"taxonomy":"manual-de-instalacion","embeddable":true,"href":"https:\/\/www.valaz.es\/fr\/wp-json\/wp\/v2\/manual-de-instalacion?post=560"},{"taxonomy":"color","embeddable":true,"href":"https:\/\/www.valaz.es\/fr\/wp-json\/wp\/v2\/color?post=560"}],"curies":[{"name":"wp","href":"https:\/\/api.w.org\/{rel}","templated":true}]}}