{"id":554,"date":"2022-11-09T17:17:41","date_gmt":"2022-11-09T16:17:41","guid":{"rendered":"https:\/\/www.valaz.es\/?post_type=product&#038;p=554"},"modified":"2026-02-11T00:23:30","modified_gmt":"2026-02-10T23:23:30","slug":"grifo-de-lavabo-empotrado-cuadrado-monomando-cromado-serie-tajo","status":"publish","type":"product","link":"https:\/\/www.valaz.es\/fr\/produit\/grifo-de-lavabo-empotrado-cuadrado-monomando-cromado-serie-tajo\/","title":{"rendered":"Grifo de lavabo empotrado cuadrado monomando cromado con ca\u00f1o de 21CM &#8211; Serie Tajo"},"content":{"rendered":"<p class=\"\" data-start=\"89\" data-end=\"486\">Este grifo de lavabo empotrado cuadrado monomando con ca\u00f1o de 21 cm de la Serie Tajo presenta un acabado cromado brillante que aporta un toque moderno y elegante a cualquier ba\u00f1o. Su dise\u00f1o cuadrado, junto con el ca\u00f1o de 21 cm, ofrece una est\u00e9tica minimalista y sofisticada, mientras asegura un uso pr\u00e1ctico y funcional. Ideal para quienes buscan calidad y estilo en su grifer\u00eda.<\/p>\n<p class=\"\" data-start=\"488\" data-end=\"510\"><strong data-start=\"488\" data-end=\"508\">Especificaciones<\/strong><\/p>\n<ul data-start=\"511\" data-end=\"697\">\n<li class=\"\" data-start=\"511\" data-end=\"553\">\n<p class=\"\" data-start=\"513\" data-end=\"553\"><strong data-start=\"513\" data-end=\"531\">Tipo de grifo:<\/strong> Empotrado monomando<\/p>\n<\/li>\n<li class=\"\" data-start=\"554\" data-end=\"578\">\n<p class=\"\" data-start=\"556\" data-end=\"578\"><strong data-start=\"556\" data-end=\"567\">Dise\u00f1o:<\/strong> Cuadrado<\/p>\n<\/li>\n<li class=\"\" data-start=\"579\" data-end=\"603\">\n<p class=\"\" data-start=\"581\" data-end=\"603\"><strong data-start=\"581\" data-end=\"593\">Acabado:<\/strong> Cromado<\/p>\n<\/li>\n<li class=\"\" data-start=\"604\" data-end=\"623\">\n<p class=\"\" data-start=\"606\" data-end=\"623\"><strong data-start=\"606\" data-end=\"615\">Ca\u00f1o:<\/strong> 21 cm<\/p>\n<\/li>\n<li class=\"\" data-start=\"624\" data-end=\"647\">\n<p class=\"\" data-start=\"626\" data-end=\"647\"><strong data-start=\"626\" data-end=\"639\">Material:<\/strong> Lat\u00f3n<\/p>\n<\/li>\n<li class=\"\" data-start=\"648\" data-end=\"674\">\n<p class=\"\" data-start=\"650\" data-end=\"674\"><strong data-start=\"650\" data-end=\"663\">Cartucho:<\/strong> Cer\u00e1mico<\/p>\n<\/li>\n<li class=\"\" data-start=\"675\" data-end=\"697\">\n<p class=\"\" data-start=\"677\" data-end=\"697\"><strong data-start=\"677\" data-end=\"690\">Conexi\u00f3n:<\/strong> G1\/2<\/p>\n<\/li>\n<\/ul>\n","protected":false},"excerpt":{"rendered":"<p>Serie Tajo l\u00edneas rectas y cuadradas que aportan estilo y dise\u00f1o a cualquier ba\u00f1o. Actualmente disponemos de diferentes acabados cromado, dorado cepillado, negro mate. Tenemos Ducha empotradas cuadrada a techo y pared, grifo empotrado a pared, grifo de bid\u00e9 empotrado.<\/p>\n<p>&nbsp;<\/p>\n<p>La garant\u00eda de todos nuestros productos es de 3 a\u00f1os, para funcionamiento, duraci\u00f3n del esmaltado y anticorrosi\u00f3n.<\/p>\n<p>Recomendamos para un correcto mantenimiento de la grifer\u00eda y evitar el deterioro por el uso. Secar las gotas de agua con un pa\u00f1o suave despu\u00e9s del uso, evitando que se posen en la superficie y deterioran el acabado, no utilizar esponjas que puedan rayar la grifer\u00eda, utilizar limpiadores como vinagre limpieza, agua caliente y jab\u00f3n con ph neutro.<\/p>\n<p>&nbsp;<\/p>\n<p>Nuestro departamento t\u00e9cnico dispone de gu\u00edas de todos los modelos empotrados que vendemos, si tiene alguna duda con la instalaci\u00f3n contacte con nosotros mediante tel\u00e9fono, WhatsApp o email dentro del horario laboral indicado en la web.<\/p>\n<p>Recuerden que una vez instalado el cuerpo empotrado de la grifer\u00eda revisar de su correcto funcionamiento de paso de agua, comprobaci\u00f3n de cartuchos y corte de agua, si detecta alguna anomal\u00eda informe a nuestro departamento para darle una soluci\u00f3n, no contin\u00fae con la instalaci\u00f3n de cerramiento de la pared.<\/p>\n","protected":false},"featured_media":561,"template":"","meta":[],"product_brand":[],"product_cat":[48,58],"product_tag":[],"serie":[23],"manual-de-instalacion":[80],"color":[26],"class_list":{"0":"post-554","1":"product","2":"type-product","3":"status-publish","4":"has-post-thumbnail","6":"product_cat-grifos-de-lavabo","7":"product_cat-grifos-de-lavabo-empotrados","8":"serie-tajo","9":"manual-de-instalacion-guia-instalacion-grifo-lavabo-empotrado-con-caja","10":"color-cromo","12":"first","13":"instock","14":"taxable","15":"shipping-taxable","16":"product-type-simple"},"_links":{"self":[{"href":"https:\/\/www.valaz.es\/fr\/wp-json\/wp\/v2\/product\/554","targetHints":{"allow":["GET"]}}],"collection":[{"href":"https:\/\/www.valaz.es\/fr\/wp-json\/wp\/v2\/product"}],"about":[{"href":"https:\/\/www.valaz.es\/fr\/wp-json\/wp\/v2\/types\/product"}],"wp:featuredmedia":[{"embeddable":true,"href":"https:\/\/www.valaz.es\/fr\/wp-json\/wp\/v2\/media\/561"}],"wp:attachment":[{"href":"https:\/\/www.valaz.es\/fr\/wp-json\/wp\/v2\/media?parent=554"}],"wp:term":[{"taxonomy":"product_brand","embeddable":true,"href":"https:\/\/www.valaz.es\/fr\/wp-json\/wp\/v2\/product_brand?post=554"},{"taxonomy":"product_cat","embeddable":true,"href":"https:\/\/www.valaz.es\/fr\/wp-json\/wp\/v2\/product_cat?post=554"},{"taxonomy":"product_tag","embeddable":true,"href":"https:\/\/www.valaz.es\/fr\/wp-json\/wp\/v2\/product_tag?post=554"},{"taxonomy":"serie","embeddable":true,"href":"https:\/\/www.valaz.es\/fr\/wp-json\/wp\/v2\/serie?post=554"},{"taxonomy":"manual-de-instalacion","embeddable":true,"href":"https:\/\/www.valaz.es\/fr\/wp-json\/wp\/v2\/manual-de-instalacion?post=554"},{"taxonomy":"color","embeddable":true,"href":"https:\/\/www.valaz.es\/fr\/wp-json\/wp\/v2\/color?post=554"}],"curies":[{"name":"wp","href":"https:\/\/api.w.org\/{rel}","templated":true}]}}