{"id":553,"date":"2022-11-09T17:14:11","date_gmt":"2022-11-09T16:14:11","guid":{"rendered":"https:\/\/www.valaz.es\/?post_type=product&#038;p=553"},"modified":"2025-10-27T10:54:38","modified_gmt":"2025-10-27T09:54:38","slug":"ducha-empotrada-termostatica-a-techo-cuadrada-negro-mate-serie-tajo","status":"publish","type":"product","link":"https:\/\/www.valaz.es\/fr\/produit\/ducha-empotrada-termostatica-a-techo-cuadrada-negro-mate-serie-tajo\/","title":{"rendered":"Ducha empotrada termost\u00e1tica a techo cuadrada negro mate &#8211; Serie tajo"},"content":{"rendered":"<p class=\"\" data-start=\"75\" data-end=\"466\">La ducha empotrada termost\u00e1tica a techo cuadrada en negro mate de la Serie Tajo ofrece una combinaci\u00f3n de elegancia, funcionalidad y confort. Con un dise\u00f1o moderno y minimalista, esta ducha est\u00e1 equipada con tecnolog\u00eda termost\u00e1tica para mantener una temperatura constante durante todo el uso. Su acabado en negro mate aporta un estilo contempor\u00e1neo y sofisticado a tu ba\u00f1o.<\/p>\n<p class=\"\" data-start=\"468\" data-end=\"490\"><strong data-start=\"468\" data-end=\"488\">Especificaciones<\/strong><\/p>\n<ul data-start=\"491\" data-end=\"966\">\n<li class=\"\" data-start=\"491\" data-end=\"536\">\n<p class=\"\" data-start=\"493\" data-end=\"536\"><strong data-start=\"493\" data-end=\"511\">Tipo de ducha:<\/strong> Empotrada termost\u00e1tica<\/p>\n<\/li>\n<li class=\"\" data-start=\"537\" data-end=\"561\">\n<p class=\"\" data-start=\"539\" data-end=\"561\"><strong data-start=\"539\" data-end=\"550\">Dise\u00f1o:<\/strong> Cuadrado<\/p>\n<\/li>\n<li class=\"\" data-start=\"562\" data-end=\"589\">\n<p class=\"\" data-start=\"564\" data-end=\"589\"><strong data-start=\"564\" data-end=\"576\">Acabado:<\/strong> Negro mate<\/p>\n<\/li>\n<li class=\"\" data-start=\"590\" data-end=\"656\">\n<p class=\"\" data-start=\"592\" data-end=\"656\"><strong data-start=\"592\" data-end=\"616\">Tama\u00f1o del rociador:<\/strong> Disponible en 20&#215;20, 25&#215;25 y 30&#215;30 cm<\/p>\n<\/li>\n<li class=\"\" data-start=\"657\" data-end=\"786\">\n<p class=\"\" data-start=\"659\" data-end=\"676\"><strong data-start=\"659\" data-end=\"674\">Materiales:<\/strong><\/p>\n<ul data-start=\"679\" data-end=\"786\">\n<li class=\"\" data-start=\"679\" data-end=\"711\">\n<p class=\"\" data-start=\"681\" data-end=\"711\">Rociador de acero inoxidable<\/p>\n<\/li>\n<li class=\"\" data-start=\"714\" data-end=\"736\">\n<p class=\"\" data-start=\"716\" data-end=\"736\">Monomando de lat\u00f3n<\/p>\n<\/li>\n<li class=\"\" data-start=\"739\" data-end=\"755\">\n<p class=\"\" data-start=\"741\" data-end=\"755\">Flexo de PVC<\/p>\n<\/li>\n<li class=\"\" data-start=\"758\" data-end=\"786\">\n<p class=\"\" data-start=\"760\" data-end=\"786\">Alcachofa de mano de lat\u00f3n<\/p>\n<\/li>\n<\/ul>\n<\/li>\n<li class=\"\" data-start=\"787\" data-end=\"966\">\n<p class=\"\" data-start=\"789\" data-end=\"805\"><strong data-start=\"789\" data-end=\"803\">Funciones:<\/strong><\/p>\n<ul data-start=\"808\" data-end=\"966\">\n<li class=\"\" data-start=\"808\" data-end=\"875\">\n<p class=\"\" data-start=\"810\" data-end=\"875\">Monomando de 2 v\u00edas: rociador efecto lluvia y alcachofa de mano<\/p>\n<\/li>\n<li class=\"\" data-start=\"878\" data-end=\"944\">\n<p class=\"\" data-start=\"880\" data-end=\"944\">Tecnolog\u00eda termost\u00e1tica para mantener la temperatura constante<\/p>\n<\/li>\n<li class=\"\" data-start=\"947\" data-end=\"966\">\n<p class=\"\" data-start=\"949\" data-end=\"966\">Flexo de 150 cm<\/p>\n<\/li>\n<\/ul>\n<\/li>\n<\/ul>\n","protected":false},"excerpt":{"rendered":"<p>Serie Tajo l\u00edneas rectas y cuadradas que aportan estilo y dise\u00f1o a cualquier ba\u00f1o. Actualmente disponemos de diferentes acabados cromado, dorado cepillado, negro mate. Tenemos Ducha empotradas cuadrada a techo y pared, grifo empotrado a pared, grifo de bid\u00e9 empotrado.<\/p>\n<p>&nbsp;<\/p>\n<p>La garant\u00eda de todos nuestros productos es de 3 a\u00f1os, para funcionamiento, duraci\u00f3n del esmaltado y anticorrosi\u00f3n.<\/p>\n<p>Recomendamos para un correcto mantenimiento de la grifer\u00eda y evitar el deterioro por el uso. Secar las gotas de agua con un pa\u00f1o suave despu\u00e9s del uso, evitando que se posen en la superficie y deterioran el acabado, no utilizar esponjas que puedan rayar la grifer\u00eda, utilizar limpiadores como vinagre limpieza, agua caliente y jab\u00f3n con ph neutro.<\/p>\n<p>&nbsp;<\/p>\n<p>Nuestro departamento t\u00e9cnico dispone de gu\u00edas de todos los modelos empotrados que vendemos, si tiene alguna duda con la instalaci\u00f3n contacte con nosotros mediante tel\u00e9fono, WhatsApp o email dentro del horario laboral indicado en la web.<\/p>\n<p>Recuerden que una vez instalado el cuerpo empotrado de la grifer\u00eda revisar de su correcto funcionamiento de paso de agua, comprobaci\u00f3n de cartuchos y corte de agua, si detecta alguna anomal\u00eda informe a nuestro departamento para darle una soluci\u00f3n, no contin\u00fae con la instalaci\u00f3n de cerramiento de la pared.<\/p>\n","protected":false},"featured_media":556,"template":"","meta":[],"product_brand":[],"product_cat":[57],"product_tag":[],"serie":[23],"manual-de-instalacion":[79],"color":[27],"class_list":{"0":"post-553","1":"product","2":"type-product","3":"status-publish","4":"has-post-thumbnail","6":"product_cat-duchas-empotradas","7":"pa_tamano-rociador-20cm","8":"pa_tamano-rociador-25cm","9":"pa_tamano-rociador-30cm","10":"pa_tamano-rociador-40cm","11":"serie-tajo","12":"manual-de-instalacion-guia-instalacion-duchas-empotradas-termostaticas","13":"color-negro-mate","15":"first","16":"outofstock","17":"taxable","18":"shipping-taxable","19":"product-type-variable"},"_links":{"self":[{"href":"https:\/\/www.valaz.es\/fr\/wp-json\/wp\/v2\/product\/553","targetHints":{"allow":["GET"]}}],"collection":[{"href":"https:\/\/www.valaz.es\/fr\/wp-json\/wp\/v2\/product"}],"about":[{"href":"https:\/\/www.valaz.es\/fr\/wp-json\/wp\/v2\/types\/product"}],"wp:featuredmedia":[{"embeddable":true,"href":"https:\/\/www.valaz.es\/fr\/wp-json\/wp\/v2\/media\/556"}],"wp:attachment":[{"href":"https:\/\/www.valaz.es\/fr\/wp-json\/wp\/v2\/media?parent=553"}],"wp:term":[{"taxonomy":"product_brand","embeddable":true,"href":"https:\/\/www.valaz.es\/fr\/wp-json\/wp\/v2\/product_brand?post=553"},{"taxonomy":"product_cat","embeddable":true,"href":"https:\/\/www.valaz.es\/fr\/wp-json\/wp\/v2\/product_cat?post=553"},{"taxonomy":"product_tag","embeddable":true,"href":"https:\/\/www.valaz.es\/fr\/wp-json\/wp\/v2\/product_tag?post=553"},{"taxonomy":"serie","embeddable":true,"href":"https:\/\/www.valaz.es\/fr\/wp-json\/wp\/v2\/serie?post=553"},{"taxonomy":"manual-de-instalacion","embeddable":true,"href":"https:\/\/www.valaz.es\/fr\/wp-json\/wp\/v2\/manual-de-instalacion?post=553"},{"taxonomy":"color","embeddable":true,"href":"https:\/\/www.valaz.es\/fr\/wp-json\/wp\/v2\/color?post=553"}],"curies":[{"name":"wp","href":"https:\/\/api.w.org\/{rel}","templated":true}]}}