{"id":530,"date":"2022-11-09T16:41:48","date_gmt":"2022-11-09T15:41:48","guid":{"rendered":"https:\/\/www.valaz.es\/?post_type=product&#038;p=530"},"modified":"2025-06-30T15:38:50","modified_gmt":"2025-06-30T13:38:50","slug":"ducha-empotrada-termostatica-a-techo-cuadrada-cromada-serie-tajo","status":"publish","type":"product","link":"https:\/\/www.valaz.es\/fr\/produit\/ducha-empotrada-termostatica-a-techo-cuadrada-cromada-serie-tajo\/","title":{"rendered":"Ducha empotrada termost\u00e1tica a techo cuadrada cromada &#8211; Serie tajo"},"content":{"rendered":"<p class=\"\" data-start=\"72\" data-end=\"456\">La ducha empotrada termost\u00e1tica a techo de la Serie Tajo ofrece un dise\u00f1o moderno y funcional con l\u00edneas cuadradas y acabado cromado. Incorpora un sistema termost\u00e1tico de 2 v\u00edas que proporciona control preciso de la temperatura, con opci\u00f3n de salida por rociador de efecto lluvia o alcachofa de mano. Perfecta para quienes buscan confort y estilo en la ducha diaria.<\/p>\n<p class=\"\" data-start=\"458\" data-end=\"480\"><strong data-start=\"458\" data-end=\"478\">Especificaciones<\/strong><\/p>\n<ul data-start=\"481\" data-end=\"892\">\n<li class=\"\" data-start=\"481\" data-end=\"521\">\n<p class=\"\" data-start=\"483\" data-end=\"521\"><strong data-start=\"483\" data-end=\"501\">Tipo de ducha:<\/strong> Empotrada a techo<\/p>\n<\/li>\n<li class=\"\" data-start=\"522\" data-end=\"546\">\n<p class=\"\" data-start=\"524\" data-end=\"546\"><strong data-start=\"524\" data-end=\"535\">Dise\u00f1o:<\/strong> Cuadrado<\/p>\n<\/li>\n<li class=\"\" data-start=\"547\" data-end=\"571\">\n<p class=\"\" data-start=\"549\" data-end=\"571\"><strong data-start=\"549\" data-end=\"561\">Acabado:<\/strong> Cromado<\/p>\n<\/li>\n<li class=\"\" data-start=\"572\" data-end=\"663\">\n<p class=\"\" data-start=\"574\" data-end=\"663\"><strong data-start=\"574\" data-end=\"587\">Rociador:<\/strong> Disponible en tama\u00f1os 20&#215;20, 25&#215;25, 30&#215;30 y 40&#215;40 cm, con soporte a techo<\/p>\n<\/li>\n<li class=\"\" data-start=\"664\" data-end=\"748\">\n<p class=\"\" data-start=\"666\" data-end=\"748\"><strong data-start=\"666\" data-end=\"678\">Sistema:<\/strong> Termost\u00e1tico de 2 v\u00edas (rociador efecto lluvia y alcachofa de mano)<\/p>\n<\/li>\n<li class=\"\" data-start=\"749\" data-end=\"892\">\n<p class=\"\" data-start=\"751\" data-end=\"768\"><strong data-start=\"751\" data-end=\"766\">Materiales:<\/strong><\/p>\n<ul data-start=\"771\" data-end=\"892\">\n<li class=\"\" data-start=\"771\" data-end=\"803\">\n<p class=\"\" data-start=\"773\" data-end=\"803\">Rociador de acero inoxidable<\/p>\n<\/li>\n<li class=\"\" data-start=\"806\" data-end=\"831\">\n<p class=\"\" data-start=\"808\" data-end=\"831\">Termost\u00e1tica de lat\u00f3n<\/p>\n<\/li>\n<li class=\"\" data-start=\"834\" data-end=\"870\">\n<p class=\"\" data-start=\"836\" data-end=\"870\">Alcachofa de mano de lat\u00f3n<\/p>\n<\/li>\n<li class=\"\" data-start=\"834\" data-end=\"870\">\n<p class=\"\" data-start=\"836\" data-end=\"870\">Flexo de PVC\u00a0 (150 cm)<\/p>\n<\/li>\n<\/ul>\n<\/li>\n<\/ul>\n<p class=\"\" data-start=\"894\" data-end=\"909\"><strong data-start=\"894\" data-end=\"907\">Funciones<\/strong><\/p>\n<ul data-start=\"910\" data-end=\"1052\">\n<li class=\"\" data-start=\"910\" data-end=\"940\">\n<p class=\"\" data-start=\"912\" data-end=\"940\">Rociador con efecto lluvia<\/p>\n<\/li>\n<li class=\"\" data-start=\"941\" data-end=\"986\">\n<p class=\"\" data-start=\"943\" data-end=\"986\">Alcachofa de mano para mayor versatilidad<\/p>\n<\/li>\n<li class=\"\" data-start=\"987\" data-end=\"1052\">\n<p class=\"\" data-start=\"989\" data-end=\"1052\">Regulaci\u00f3n precisa de la temperatura con sistema termost\u00e1tico<\/p>\n<\/li>\n<\/ul>\n","protected":false},"excerpt":{"rendered":"<p>Serie Tajo l\u00edneas rectas y cuadradas que aportan estilo y dise\u00f1o a cualquier ba\u00f1o. Actualmente disponemos de diferentes acabados cromado, dorado cepillado, negro mate. Tenemos Ducha empotradas cuadrada a techo y pared, grifo empotrado a pared, grifo de bid\u00e9 empotrado.<\/p>\n<p>&nbsp;<\/p>\n<p>La garant\u00eda de todos nuestros productos es de 3 a\u00f1os, para funcionamiento, duraci\u00f3n del esmaltado y anticorrosi\u00f3n.<\/p>\n<p>Recomendamos para un correcto mantenimiento de la grifer\u00eda y evitar el deterioro por el uso. Secar las gotas de agua con un pa\u00f1o suave despu\u00e9s del uso, evitando que se posen en la superficie y deterioran el acabado, no utilizar esponjas que puedan rayar la grifer\u00eda, utilizar limpiadores como vinagre limpieza, agua caliente y jab\u00f3n con ph neutro.<\/p>\n<p>&nbsp;<\/p>\n<p>Nuestro departamento t\u00e9cnico dispone de gu\u00edas de todos los modelos empotrados que vendemos, si tiene alguna duda con la instalaci\u00f3n contacte con nosotros mediante tel\u00e9fono, WhatsApp o email dentro del horario laboral indicado en la web.<\/p>\n<p>Recuerden que una vez instalado el cuerpo empotrado de la grifer\u00eda revisar de su correcto funcionamiento de paso de agua, comprobaci\u00f3n de cartuchos y corte de agua, si detecta alguna anomal\u00eda informe a nuestro departamento para darle una soluci\u00f3n, no contin\u00fae con la instalaci\u00f3n de cerramiento de la pared.<\/p>\n","protected":false},"featured_media":532,"template":"","meta":[],"product_brand":[],"product_cat":[57],"product_tag":[],"serie":[23],"manual-de-instalacion":[79],"color":[26],"class_list":{"0":"post-530","1":"product","2":"type-product","3":"status-publish","4":"has-post-thumbnail","6":"product_cat-duchas-empotradas","7":"pa_tamano-rociador-20cm","8":"pa_tamano-rociador-25cm","9":"pa_tamano-rociador-30cm","10":"pa_tamano-rociador-40cm","11":"serie-tajo","12":"manual-de-instalacion-guia-instalacion-duchas-empotradas-termostaticas","13":"color-cromo","15":"first","16":"outofstock","17":"taxable","18":"shipping-taxable","19":"product-type-variable"},"_links":{"self":[{"href":"https:\/\/www.valaz.es\/fr\/wp-json\/wp\/v2\/product\/530","targetHints":{"allow":["GET"]}}],"collection":[{"href":"https:\/\/www.valaz.es\/fr\/wp-json\/wp\/v2\/product"}],"about":[{"href":"https:\/\/www.valaz.es\/fr\/wp-json\/wp\/v2\/types\/product"}],"wp:featuredmedia":[{"embeddable":true,"href":"https:\/\/www.valaz.es\/fr\/wp-json\/wp\/v2\/media\/532"}],"wp:attachment":[{"href":"https:\/\/www.valaz.es\/fr\/wp-json\/wp\/v2\/media?parent=530"}],"wp:term":[{"taxonomy":"product_brand","embeddable":true,"href":"https:\/\/www.valaz.es\/fr\/wp-json\/wp\/v2\/product_brand?post=530"},{"taxonomy":"product_cat","embeddable":true,"href":"https:\/\/www.valaz.es\/fr\/wp-json\/wp\/v2\/product_cat?post=530"},{"taxonomy":"product_tag","embeddable":true,"href":"https:\/\/www.valaz.es\/fr\/wp-json\/wp\/v2\/product_tag?post=530"},{"taxonomy":"serie","embeddable":true,"href":"https:\/\/www.valaz.es\/fr\/wp-json\/wp\/v2\/serie?post=530"},{"taxonomy":"manual-de-instalacion","embeddable":true,"href":"https:\/\/www.valaz.es\/fr\/wp-json\/wp\/v2\/manual-de-instalacion?post=530"},{"taxonomy":"color","embeddable":true,"href":"https:\/\/www.valaz.es\/fr\/wp-json\/wp\/v2\/color?post=530"}],"curies":[{"name":"wp","href":"https:\/\/api.w.org\/{rel}","templated":true}]}}