{"id":521,"date":"2022-11-09T15:56:52","date_gmt":"2022-11-09T14:56:52","guid":{"rendered":"https:\/\/www.valaz.es\/?post_type=product&#038;p=521"},"modified":"2026-04-14T14:23:08","modified_gmt":"2026-04-14T12:23:08","slug":"ducha-encastrada-monomando-a-ras-techo-cuadrada-cromada-serie-tajo","status":"publish","type":"product","link":"https:\/\/www.valaz.es\/fr\/produit\/ducha-encastrada-monomando-a-ras-techo-cuadrada-cromada-serie-tajo\/","title":{"rendered":"Ducha encastrada monomando a ras techo cuadrada cromada &#8211; Serie Tajo"},"content":{"rendered":"<p class=\"\" data-start=\"77\" data-end=\"476\">La ducha encastrada monomando a ras de techo de la Serie Tajo destaca por su est\u00e9tica minimalista y funcionalidad moderna. Su instalaci\u00f3n a ras de techo, junto al dise\u00f1o cuadrado y el acabado cromado, proporciona un aspecto limpio y elegante. Equipada con un sistema monomando de 2 v\u00edas, permite disfrutar de una experiencia de ducha vers\u00e1til con efecto lluvia o alcachofa de mano.<\/p>\n<p class=\"\" data-start=\"478\" data-end=\"500\"><strong data-start=\"478\" data-end=\"498\">Especificaciones<\/strong><\/p>\n<ul data-start=\"501\" data-end=\"900\">\n<li class=\"\" data-start=\"501\" data-end=\"549\">\n<p class=\"\" data-start=\"503\" data-end=\"549\"><strong data-start=\"503\" data-end=\"521\">Tipo de ducha:<\/strong> Encastrada a ras de techo<\/p>\n<\/li>\n<li class=\"\" data-start=\"550\" data-end=\"574\">\n<p class=\"\" data-start=\"552\" data-end=\"574\"><strong data-start=\"552\" data-end=\"563\">Dise\u00f1o:<\/strong> Cuadrado<\/p>\n<\/li>\n<li class=\"\" data-start=\"575\" data-end=\"599\">\n<p class=\"\" data-start=\"577\" data-end=\"599\"><strong data-start=\"577\" data-end=\"589\">Acabado:<\/strong> Cromado<\/p>\n<\/li>\n<li class=\"\" data-start=\"600\" data-end=\"678\">\n<p class=\"\" data-start=\"602\" data-end=\"678\"><strong data-start=\"602\" data-end=\"615\">Rociador:<\/strong> Disponible en tama\u00f1os 30&#215;30 y 40&#215;40 cm, con premarco a techo<\/p>\n<\/li>\n<li class=\"\" data-start=\"679\" data-end=\"760\">\n<p class=\"\" data-start=\"681\" data-end=\"760\"><strong data-start=\"681\" data-end=\"693\">Sistema:<\/strong> Monomando de 2 v\u00edas (rociador efecto lluvia y alcachofa de mano)<\/p>\n<\/li>\n<li class=\"\" data-start=\"761\" data-end=\"900\">\n<p class=\"\" data-start=\"763\" data-end=\"780\"><strong data-start=\"763\" data-end=\"778\">Materiales:<\/strong><\/p>\n<ul data-start=\"783\" data-end=\"900\">\n<li class=\"\" data-start=\"783\" data-end=\"815\">\n<p class=\"\" data-start=\"785\" data-end=\"815\">Rociador de acero inoxidable<\/p>\n<\/li>\n<li data-start=\"783\" data-end=\"815\">Premarco a ras techo<\/li>\n<li class=\"\" data-start=\"818\" data-end=\"840\">\n<p class=\"\" data-start=\"820\" data-end=\"840\">Monomando de lat\u00f3n<\/p>\n<\/li>\n<li class=\"\" data-start=\"843\" data-end=\"871\">\n<p class=\"\" data-start=\"845\" data-end=\"871\">Alcachofa de mano de lat\u00f3n<\/p>\n<\/li>\n<li class=\"\" data-start=\"874\" data-end=\"900\">\n<p class=\"\" data-start=\"876\" data-end=\"900\">Flexo de PVC de 150 cm<\/p>\n<\/li>\n<\/ul>\n<\/li>\n<\/ul>\n<p class=\"\" data-start=\"902\" data-end=\"917\"><strong data-start=\"902\" data-end=\"915\">Funciones<\/strong><\/p>\n<ul data-start=\"918\" data-end=\"1023\">\n<li class=\"\" data-start=\"918\" data-end=\"968\">\n<p class=\"\" data-start=\"920\" data-end=\"968\">Efecto lluvia a trav\u00e9s del rociador encastrado<\/p>\n<\/li>\n<li class=\"\" data-start=\"969\" data-end=\"1023\">\n<p class=\"\" data-start=\"971\" data-end=\"1023\">Alcachofa de mano con soporte para mayor comodidad<\/p>\n<\/li>\n<\/ul>\n","protected":false},"excerpt":{"rendered":"<p>Serie Tajo l\u00edneas rectas y cuadradas que aportan estilo y dise\u00f1o a cualquier ba\u00f1o. Actualmente disponemos de diferentes acabados cromado, dorado cepillado, negro mate. Tenemos Ducha empotradas cuadrada a techo y pared, grifo empotrado a pared, grifo de bid\u00e9 empotrado.<\/p>\n<p>&nbsp;<\/p>\n<p>La garant\u00eda de todos nuestros productos es de 3 a\u00f1os, para funcionamiento, duraci\u00f3n del esmaltado y anticorrosi\u00f3n.<\/p>\n<p>Recomendamos para un correcto mantenimiento de la grifer\u00eda y evitar el deterioro por el uso. Secar las gotas de agua con un pa\u00f1o suave despu\u00e9s del uso, evitando que se posen en la superficie y deterioran el acabado, no utilizar esponjas que puedan rayar la grifer\u00eda, utilizar limpiadores como vinagre limpieza, agua caliente y jab\u00f3n con ph neutro.<\/p>\n<p>&nbsp;<\/p>\n<p>Nuestro departamento t\u00e9cnico dispone de gu\u00edas de todos los modelos empotrados que vendemos, si tiene alguna duda con la instalaci\u00f3n contacte con nosotros mediante tel\u00e9fono, WhatsApp o email dentro del horario laboral indicado en la web.<\/p>\n<p>Recuerden que una vez instalado el cuerpo empotrado de la grifer\u00eda revisar de su correcto funcionamiento de paso de agua, comprobaci\u00f3n de cartuchos y corte de agua, si detecta alguna anomal\u00eda informe a nuestro departamento para darle una soluci\u00f3n, no contin\u00fae con la instalaci\u00f3n de cerramiento de la pared.<\/p>\n","protected":false},"featured_media":524,"template":"","meta":[],"product_brand":[],"product_cat":[57],"product_tag":[],"serie":[23],"manual-de-instalacion":[],"color":[26],"class_list":{"0":"post-521","1":"product","2":"type-product","3":"status-publish","4":"has-post-thumbnail","6":"product_cat-duchas-empotradas","7":"pa_tamano-rociador-30cm","8":"pa_tamano-rociador-40cm","9":"serie-tajo","10":"color-cromo","12":"first","13":"outofstock","14":"taxable","15":"shipping-taxable","16":"product-type-variable"},"_links":{"self":[{"href":"https:\/\/www.valaz.es\/fr\/wp-json\/wp\/v2\/product\/521","targetHints":{"allow":["GET"]}}],"collection":[{"href":"https:\/\/www.valaz.es\/fr\/wp-json\/wp\/v2\/product"}],"about":[{"href":"https:\/\/www.valaz.es\/fr\/wp-json\/wp\/v2\/types\/product"}],"wp:featuredmedia":[{"embeddable":true,"href":"https:\/\/www.valaz.es\/fr\/wp-json\/wp\/v2\/media\/524"}],"wp:attachment":[{"href":"https:\/\/www.valaz.es\/fr\/wp-json\/wp\/v2\/media?parent=521"}],"wp:term":[{"taxonomy":"product_brand","embeddable":true,"href":"https:\/\/www.valaz.es\/fr\/wp-json\/wp\/v2\/product_brand?post=521"},{"taxonomy":"product_cat","embeddable":true,"href":"https:\/\/www.valaz.es\/fr\/wp-json\/wp\/v2\/product_cat?post=521"},{"taxonomy":"product_tag","embeddable":true,"href":"https:\/\/www.valaz.es\/fr\/wp-json\/wp\/v2\/product_tag?post=521"},{"taxonomy":"serie","embeddable":true,"href":"https:\/\/www.valaz.es\/fr\/wp-json\/wp\/v2\/serie?post=521"},{"taxonomy":"manual-de-instalacion","embeddable":true,"href":"https:\/\/www.valaz.es\/fr\/wp-json\/wp\/v2\/manual-de-instalacion?post=521"},{"taxonomy":"color","embeddable":true,"href":"https:\/\/www.valaz.es\/fr\/wp-json\/wp\/v2\/color?post=521"}],"curies":[{"name":"wp","href":"https:\/\/api.w.org\/{rel}","templated":true}]}}