{"id":515,"date":"2022-11-09T15:45:33","date_gmt":"2022-11-09T14:45:33","guid":{"rendered":"https:\/\/www.valaz.es\/?post_type=product&#038;p=515"},"modified":"2026-04-09T09:55:22","modified_gmt":"2026-04-09T07:55:22","slug":"ducha-empotrada-monomando-a-pared-cuadrada-cromada-serie-tajo","status":"publish","type":"product","link":"https:\/\/www.valaz.es\/fr\/produit\/ducha-empotrada-monomando-a-pared-cuadrada-cromada-serie-tajo\/","title":{"rendered":"Ducha empotrada monomando a pared cuadrada cromada &#8211; Serie tajo"},"content":{"rendered":"<div class=\"nombre\">\n<div class=\"nombre\">\n<p class=\"\" data-start=\"69\" data-end=\"447\">La ducha empotrada a pared Serie Tajo destaca por su dise\u00f1o moderno y funcional, ideal para quienes buscan una est\u00e9tica sofisticada sin renunciar a la comodidad. Su formato cuadrado y acabado cromado aportan un estilo contempor\u00e1neo al ba\u00f1o, ofreciendo una experiencia de ducha envolvente gracias a sus dos funciones: rociador efecto lluvia y alcachofa de mano.<\/p>\n<p class=\"\" data-start=\"449\" data-end=\"471\"><strong data-start=\"449\" data-end=\"469\">Especificaciones<\/strong><\/p>\n<ul data-start=\"472\" data-end=\"888\">\n<li class=\"\" data-start=\"472\" data-end=\"512\">\n<p class=\"\" data-start=\"474\" data-end=\"512\"><strong data-start=\"474\" data-end=\"492\">Tipo de ducha:<\/strong> Empotrada a pared<\/p>\n<\/li>\n<li class=\"\" data-start=\"513\" data-end=\"537\">\n<p class=\"\" data-start=\"515\" data-end=\"537\"><strong data-start=\"515\" data-end=\"526\">Dise\u00f1o:<\/strong> Cuadrado<\/p>\n<\/li>\n<li class=\"\" data-start=\"538\" data-end=\"562\">\n<p class=\"\" data-start=\"540\" data-end=\"562\"><strong data-start=\"540\" data-end=\"552\">Acabado:<\/strong> Cromado<\/p>\n<\/li>\n<li class=\"\" data-start=\"563\" data-end=\"653\">\n<p class=\"\" data-start=\"565\" data-end=\"653\"><strong data-start=\"565\" data-end=\"578\">Rociador:<\/strong> Disponible en tama\u00f1os 20&#215;20, 25&#215;25, 30&#215;30 y 40&#215;40 cm con soporte a pared<\/p>\n<\/li>\n<li class=\"\" data-start=\"654\" data-end=\"735\">\n<p class=\"\" data-start=\"656\" data-end=\"735\"><strong data-start=\"656\" data-end=\"668\">Sistema:<\/strong> Monomando de 2 v\u00edas (rociador efecto lluvia y alcachofa de mano)<\/p>\n<\/li>\n<li class=\"\" data-start=\"736\" data-end=\"888\">\n<p class=\"\" data-start=\"738\" data-end=\"755\"><strong data-start=\"738\" data-end=\"753\">Materiales:<\/strong><\/p>\n<ul data-start=\"758\" data-end=\"888\">\n<li class=\"\" data-start=\"758\" data-end=\"790\">\n<p class=\"\" data-start=\"760\" data-end=\"790\">Rociador de acero inoxidable<\/p>\n<\/li>\n<li class=\"\" data-start=\"793\" data-end=\"815\">\n<p class=\"\" data-start=\"795\" data-end=\"815\">Monomando de lat\u00f3n<\/p>\n<\/li>\n<li class=\"\" data-start=\"818\" data-end=\"846\">\n<p class=\"\" data-start=\"820\" data-end=\"846\">Alcachofa de mano de lat\u00f3n<\/p>\n<\/li>\n<li class=\"\" data-start=\"849\" data-end=\"888\">\n<p class=\"\" data-start=\"851\" data-end=\"888\">Flexo de acero inoxidable de 150 cm<\/p>\n<\/li>\n<\/ul>\n<\/li>\n<\/ul>\n<p class=\"\" data-start=\"890\" data-end=\"905\"><strong data-start=\"890\" data-end=\"903\">Funciones<\/strong><\/p>\n<ul data-start=\"906\" data-end=\"1006\">\n<li class=\"\" data-start=\"906\" data-end=\"945\">\n<p class=\"\" data-start=\"908\" data-end=\"945\">Rociador superior con efecto lluvia<\/p>\n<\/li>\n<li class=\"\" data-start=\"946\" data-end=\"1006\">\n<p class=\"\" data-start=\"948\" data-end=\"1006\">Alcachofa de mano con soporte para uso pr\u00e1ctico y c\u00f3modo<\/p>\n<\/li>\n<\/ul>\n<\/div>\n<\/div>\n","protected":false},"excerpt":{"rendered":"<p>Serie Tajo l\u00edneas rectas y cuadradas que aportan estilo y dise\u00f1o a cualquier ba\u00f1o. Actualmente disponemos de diferentes acabados cromado, dorado cepillado, negro mate. Tenemos Ducha empotradas cuadrada a techo y pared, grifo empotrado a pared, grifo de bid\u00e9 empotrado.<\/p>\n<p>&nbsp;<\/p>\n<p>La garant\u00eda de todos nuestros productos es de 3 a\u00f1os, para funcionamiento, duraci\u00f3n del esmaltado y anticorrosi\u00f3n.<\/p>\n<p>Recomendamos para un correcto mantenimiento de la grifer\u00eda y evitar el deterioro por el uso. Secar las gotas de agua con un pa\u00f1o suave despu\u00e9s del uso, evitando que se posen en la superficie y deterioran el acabado, no utilizar esponjas que puedan rayar la grifer\u00eda, utilizar limpiadores como vinagre limpieza, agua caliente y jab\u00f3n con ph neutro.<\/p>\n<p>&nbsp;<\/p>\n<p>Nuestro departamento t\u00e9cnico dispone de gu\u00edas de todos los modelos empotrados que vendemos, si tiene alguna duda con la instalaci\u00f3n contacte con nosotros mediante tel\u00e9fono, WhatsApp o email dentro del horario laboral indicado en la web.<\/p>\n<p>Recuerden que una vez instalado el cuerpo empotrado de la grifer\u00eda revisar de su correcto funcionamiento de paso de agua, comprobaci\u00f3n de cartuchos y corte de agua, si detecta alguna anomal\u00eda informe a nuestro departamento para darle una soluci\u00f3n, no contin\u00fae con la instalaci\u00f3n de cerramiento de la pared.<\/p>\n","protected":false},"featured_media":13198,"template":"","meta":[],"product_brand":[],"product_cat":[57],"product_tag":[],"serie":[23],"manual-de-instalacion":[78],"color":[26],"class_list":{"0":"post-515","1":"product","2":"type-product","3":"status-publish","4":"has-post-thumbnail","6":"product_cat-duchas-empotradas","7":"pa_tamano-rociador-20cm","8":"pa_tamano-rociador-25cm","9":"pa_tamano-rociador-30cm","10":"pa_tamano-rociador-40cm","11":"serie-tajo","12":"manual-de-instalacion-guia-instalacion-duchas-empotradas-monomando","13":"color-cromo","15":"first","16":"instock","17":"taxable","18":"shipping-taxable","19":"product-type-variable"},"_links":{"self":[{"href":"https:\/\/www.valaz.es\/fr\/wp-json\/wp\/v2\/product\/515","targetHints":{"allow":["GET"]}}],"collection":[{"href":"https:\/\/www.valaz.es\/fr\/wp-json\/wp\/v2\/product"}],"about":[{"href":"https:\/\/www.valaz.es\/fr\/wp-json\/wp\/v2\/types\/product"}],"wp:featuredmedia":[{"embeddable":true,"href":"https:\/\/www.valaz.es\/fr\/wp-json\/wp\/v2\/media\/13198"}],"wp:attachment":[{"href":"https:\/\/www.valaz.es\/fr\/wp-json\/wp\/v2\/media?parent=515"}],"wp:term":[{"taxonomy":"product_brand","embeddable":true,"href":"https:\/\/www.valaz.es\/fr\/wp-json\/wp\/v2\/product_brand?post=515"},{"taxonomy":"product_cat","embeddable":true,"href":"https:\/\/www.valaz.es\/fr\/wp-json\/wp\/v2\/product_cat?post=515"},{"taxonomy":"product_tag","embeddable":true,"href":"https:\/\/www.valaz.es\/fr\/wp-json\/wp\/v2\/product_tag?post=515"},{"taxonomy":"serie","embeddable":true,"href":"https:\/\/www.valaz.es\/fr\/wp-json\/wp\/v2\/serie?post=515"},{"taxonomy":"manual-de-instalacion","embeddable":true,"href":"https:\/\/www.valaz.es\/fr\/wp-json\/wp\/v2\/manual-de-instalacion?post=515"},{"taxonomy":"color","embeddable":true,"href":"https:\/\/www.valaz.es\/fr\/wp-json\/wp\/v2\/color?post=515"}],"curies":[{"name":"wp","href":"https:\/\/api.w.org\/{rel}","templated":true}]}}