{"id":5144,"date":"2022-11-11T11:33:37","date_gmt":"2022-11-11T10:33:37","guid":{"rendered":"https:\/\/www.valaz.es\/producto\/colonne-de-douche-monocommande-ronde-dore-brosse-serie-palancia\/"},"modified":"2022-11-11T11:33:37","modified_gmt":"2022-11-11T10:33:37","slug":"barra-de-ducha-monomando-redonda-dorado-cepillado-serie-palancia","status":"publish","type":"product","link":"https:\/\/www.valaz.es\/fr\/produit\/barra-de-ducha-monomando-redonda-dorado-cepillado-serie-palancia\/","title":{"rendered":"Colonne de douche monocommande ronde dor\u00e9 bross\u00e9 Serie Palancia"},"content":{"rendered":"<p>Colonne de douche monocommande ronde.<\/p>\n<p>Couleur: dor\u00e9 bross\u00e9<\/p>\n<p>Mat\u00e9riaux: corps du robinet laiton, pommeau de douche et flexible en acier inoxydable et douchette en PVC.<\/p>\n<p>Hauteur r\u00e9glable de 80 cm \u00e0 120cm<\/p>\n","protected":false},"excerpt":{"rendered":"<p>La s\u00e9rie Palancia est la classique ronde qui nous offre confort, \u00e9l\u00e9gance et bien-\u00eatre, parfaite pour tous les types de salles de bains. Voux pouvez la trouver dans les finitions chrom\u00e9, acier bross\u00e9, dor\u00e9 bross\u00e9 et noir mat. Disponible en colonne de douche\/baignoire, robinet pour lavabo et vasque \u00e0 poser, robinet pour bidet qui se combinent parfaitement avec la s\u00e9rie Ebro dans laquelle vous trouverez des robinets de baignoire sur pied et un totem.<\/p>\n<p>La garantie de tous nos produits est de 3 ans, pour le fonctionnement, la dur\u00e9e de l&#8217;\u00e9maillage et l&#8217;anti-corrosion.<\/p>\n<p>Nous recommandons un entretien correct pour \u00e9viter la d\u00e9t\u00e9rioration due \u00e0 l&#8217;utilisation. S\u00e9chez les gouttes d&#8217;eau apr\u00e8s utilisation, en \u00e9vitant qu&#8217;elles ne se d\u00e9posent sur la surface et d\u00e9t\u00e9riorent la finition N&#8217;utilisez pas d&#8217;\u00e9ponges qui peuvent rayer les robinets et utilisez des nettoyants tels que du vinaigre de nettoyage, de l&#8217;eau chaude et du savon au pH neutre.<\/p>\n<p>&nbsp;<\/p>\n<p><strong>Notre service technique dispose de guides pour tous nos mod\u00e8les encastrables.Si vous avez des questions sur l&#8217;installation, contactez-nous par t\u00e9l\u00e9phone, WhatsApp ou par e-mail.<strong><\/strong><\/strong><\/p>\n<p><strong>N&#8217;oubliez pas qu&#8217;une fois le corps encastrable du robinet est install\u00e9, vous devez v\u00e9rifier son bon fonctionnement (passage d&#8217;eau, cartouche&#8230;), si vous d\u00e9tectez une anomalie, contactez-nous pour vous aider, ne continuez pas avec l&#8217;installation.<\/strong><\/p>\n<p>&nbsp;<\/p>\n","protected":false},"featured_media":2292,"template":"","meta":[],"product_brand":[],"product_cat":[261,258],"product_tag":[],"serie":[185],"manual-de-instalacion":[],"color":[297],"class_list":{"0":"post-5144","1":"product","2":"type-product","3":"status-publish","4":"has-post-thumbnail","6":"product_cat-barres-de-douche","7":"product_cat-douches","8":"pa_tamano-rociador-20cm-fr","9":"pa_tamano-rociador-25cm-fr","10":"pa_tamano-rociador-30cm-fr","11":"serie-palancia-fr","12":"color-dorado-cepillado-fr","14":"first","15":"instock","16":"taxable","17":"shipping-taxable","18":"product-type-variable"},"_links":{"self":[{"href":"https:\/\/www.valaz.es\/fr\/wp-json\/wp\/v2\/product\/5144","targetHints":{"allow":["GET"]}}],"collection":[{"href":"https:\/\/www.valaz.es\/fr\/wp-json\/wp\/v2\/product"}],"about":[{"href":"https:\/\/www.valaz.es\/fr\/wp-json\/wp\/v2\/types\/product"}],"wp:featuredmedia":[{"embeddable":true,"href":"https:\/\/www.valaz.es\/fr\/wp-json\/wp\/v2\/media\/2292"}],"wp:attachment":[{"href":"https:\/\/www.valaz.es\/fr\/wp-json\/wp\/v2\/media?parent=5144"}],"wp:term":[{"taxonomy":"product_brand","embeddable":true,"href":"https:\/\/www.valaz.es\/fr\/wp-json\/wp\/v2\/product_brand?post=5144"},{"taxonomy":"product_cat","embeddable":true,"href":"https:\/\/www.valaz.es\/fr\/wp-json\/wp\/v2\/product_cat?post=5144"},{"taxonomy":"product_tag","embeddable":true,"href":"https:\/\/www.valaz.es\/fr\/wp-json\/wp\/v2\/product_tag?post=5144"},{"taxonomy":"serie","embeddable":true,"href":"https:\/\/www.valaz.es\/fr\/wp-json\/wp\/v2\/serie?post=5144"},{"taxonomy":"manual-de-instalacion","embeddable":true,"href":"https:\/\/www.valaz.es\/fr\/wp-json\/wp\/v2\/manual-de-instalacion?post=5144"},{"taxonomy":"color","embeddable":true,"href":"https:\/\/www.valaz.es\/fr\/wp-json\/wp\/v2\/color?post=5144"}],"curies":[{"name":"wp","href":"https:\/\/api.w.org\/{rel}","templated":true}]}}