{"id":5113,"date":"2023-05-25T13:24:52","date_gmt":"2023-05-25T11:24:52","guid":{"rendered":"https:\/\/www.valaz.es\/?post_type=product&#038;p=5113"},"modified":"2025-04-16T11:59:25","modified_gmt":"2025-04-16T09:59:25","slug":"cuerpo-empotrado-termostatico-redondo-dos-vias-negro-mate","status":"publish","type":"product","link":"https:\/\/www.valaz.es\/fr\/produit\/cuerpo-empotrado-termostatico-redondo-dos-vias-negro-mate\/","title":{"rendered":"Cuerpo empotrado termost\u00e1tico redondo dos v\u00edas negro mate"},"content":{"rendered":"<p class=\"\" data-start=\"63\" data-end=\"412\">Este cuerpo empotrado termost\u00e1tico redondo de dos v\u00edas en acabado negro mate aporta un dise\u00f1o moderno y elegante a tu ba\u00f1o, ideal para aquellos que buscan un toque contempor\u00e1neo y minimalista. Su acabado negro mate es resistente a la corrosi\u00f3n y se adapta perfectamente a cualquier estilo de ba\u00f1o, desde los m\u00e1s cl\u00e1sicos hasta los m\u00e1s vanguardistas.<\/p>\n<p class=\"\" data-start=\"414\" data-end=\"436\"><strong data-start=\"414\" data-end=\"434\">Especificaciones<\/strong><\/p>\n<ul data-start=\"437\" data-end=\"920\">\n<li class=\"\" data-start=\"437\" data-end=\"480\">\n<p class=\"\" data-start=\"439\" data-end=\"480\"><strong data-start=\"439\" data-end=\"447\">Tipo<\/strong>: Cuerpo empotrado termost\u00e1tico<\/p>\n<\/li>\n<li class=\"\" data-start=\"481\" data-end=\"581\">\n<p class=\"\" data-start=\"483\" data-end=\"581\"><strong data-start=\"483\" data-end=\"501\">N\u00famero de v\u00edas<\/strong>: 2 (permite seleccionar entre dos salidas, como rociador y alcachofa de mano)<\/p>\n<\/li>\n<li class=\"\" data-start=\"582\" data-end=\"651\">\n<p class=\"\" data-start=\"584\" data-end=\"651\"><strong data-start=\"584\" data-end=\"595\">Acabado<\/strong>: Negro mate, resistente a huellas y f\u00e1cil de mantener<\/p>\n<\/li>\n<li class=\"\" data-start=\"652\" data-end=\"730\">\n<p class=\"\" data-start=\"654\" data-end=\"730\"><strong data-start=\"654\" data-end=\"666\">Material<\/strong>: Lat\u00f3n de alta calidad, garantizando durabilidad y fiabilidad<\/p>\n<\/li>\n<li class=\"\" data-start=\"731\" data-end=\"837\">\n<p class=\"\" data-start=\"733\" data-end=\"837\"><strong data-start=\"733\" data-end=\"758\">Cartucho termost\u00e1tico<\/strong>: Control preciso de la temperatura del agua para mayor comodidad y seguridad<\/p>\n<\/li>\n<li class=\"\" data-start=\"838\" data-end=\"920\">\n<p class=\"\" data-start=\"840\" data-end=\"920\"><strong data-start=\"840\" data-end=\"855\">Instalaci\u00f3n<\/strong>: Empotrado, ideal para dise\u00f1os de ba\u00f1o modernos y minimalistas<\/p>\n<\/li>\n<li class=\"\" data-start=\"838\" data-end=\"920\">\n<p class=\"\" data-start=\"840\" data-end=\"920\"><strong>Incluye:<\/strong> Box empotrable<\/p>\n<\/li>\n<\/ul>\n","protected":false},"excerpt":{"rendered":"<p>Este cuerpo empotrado termost\u00e1tico redondo de dos v\u00edas en acabado  [&#8230;]<\/p>\n","protected":false},"featured_media":13611,"template":"","meta":[],"product_brand":[],"product_cat":[390],"product_tag":[],"serie":[],"manual-de-instalacion":[],"color":[27],"class_list":{"0":"post-5113","1":"product","2":"type-product","3":"status-publish","4":"has-post-thumbnail","6":"product_cat-elementos-de-ducha","7":"color-negro-mate","9":"first","10":"outofstock","11":"taxable","12":"shipping-taxable","13":"product-type-simple"},"_links":{"self":[{"href":"https:\/\/www.valaz.es\/fr\/wp-json\/wp\/v2\/product\/5113","targetHints":{"allow":["GET"]}}],"collection":[{"href":"https:\/\/www.valaz.es\/fr\/wp-json\/wp\/v2\/product"}],"about":[{"href":"https:\/\/www.valaz.es\/fr\/wp-json\/wp\/v2\/types\/product"}],"wp:featuredmedia":[{"embeddable":true,"href":"https:\/\/www.valaz.es\/fr\/wp-json\/wp\/v2\/media\/13611"}],"wp:attachment":[{"href":"https:\/\/www.valaz.es\/fr\/wp-json\/wp\/v2\/media?parent=5113"}],"wp:term":[{"taxonomy":"product_brand","embeddable":true,"href":"https:\/\/www.valaz.es\/fr\/wp-json\/wp\/v2\/product_brand?post=5113"},{"taxonomy":"product_cat","embeddable":true,"href":"https:\/\/www.valaz.es\/fr\/wp-json\/wp\/v2\/product_cat?post=5113"},{"taxonomy":"product_tag","embeddable":true,"href":"https:\/\/www.valaz.es\/fr\/wp-json\/wp\/v2\/product_tag?post=5113"},{"taxonomy":"serie","embeddable":true,"href":"https:\/\/www.valaz.es\/fr\/wp-json\/wp\/v2\/serie?post=5113"},{"taxonomy":"manual-de-instalacion","embeddable":true,"href":"https:\/\/www.valaz.es\/fr\/wp-json\/wp\/v2\/manual-de-instalacion?post=5113"},{"taxonomy":"color","embeddable":true,"href":"https:\/\/www.valaz.es\/fr\/wp-json\/wp\/v2\/color?post=5113"}],"curies":[{"name":"wp","href":"https:\/\/api.w.org\/{rel}","templated":true}]}}