{"id":5107,"date":"2023-05-25T13:09:44","date_gmt":"2023-05-25T11:09:44","guid":{"rendered":"https:\/\/www.valaz.es\/?post_type=product&#038;p=5107"},"modified":"2025-11-28T15:54:51","modified_gmt":"2025-11-28T14:54:51","slug":"cuerpo-empotrado-monomand-redondo-dos-vias-negro-mate","status":"publish","type":"product","link":"https:\/\/www.valaz.es\/fr\/produit\/cuerpo-empotrado-monomand-redondo-dos-vias-negro-mate\/","title":{"rendered":"Cuerpo empotrado monomando redondo dos v\u00edas negro mate"},"content":{"rendered":"<p class=\"\" data-start=\"60\" data-end=\"459\">Este cuerpo empotrado monomando redondo de dos v\u00edas con acabado negro mate combina un dise\u00f1o moderno y sofisticado, ideal para aquellos que buscan una est\u00e9tica elegante y contempor\u00e1nea en su ba\u00f1o. El sistema monomando permite un control sencillo y preciso del caudal y la temperatura del agua, mientras que su acabado negro mate ofrece una resistencia excepcional a las huellas dactilares y manchas.<\/p>\n<p class=\"\" data-start=\"461\" data-end=\"481\"><strong data-start=\"461\" data-end=\"481\">Especificaciones<\/strong><\/p>\n<ul data-start=\"482\" data-end=\"1024\">\n<li class=\"\" data-start=\"482\" data-end=\"520\">\n<p class=\"\" data-start=\"484\" data-end=\"520\"><strong data-start=\"484\" data-end=\"492\">Tipo<\/strong>: Cuerpo empotrado monomando<\/p>\n<\/li>\n<li class=\"\" data-start=\"521\" data-end=\"625\">\n<p class=\"\" data-start=\"523\" data-end=\"625\"><strong data-start=\"523\" data-end=\"541\">N\u00famero de v\u00edas<\/strong>: 2 (permite controlar dos salidas de agua, como el rociador y la alcachofa de mano)<\/p>\n<\/li>\n<li class=\"\" data-start=\"626\" data-end=\"687\">\n<p class=\"\" data-start=\"628\" data-end=\"687\"><strong data-start=\"628\" data-end=\"639\">Acabado<\/strong>: Negro mate, para un look moderno y sofisticado<\/p>\n<\/li>\n<li class=\"\" data-start=\"688\" data-end=\"752\">\n<p class=\"\" data-start=\"690\" data-end=\"752\"><strong data-start=\"690\" data-end=\"702\">Material<\/strong>: Lat\u00f3n de alta calidad, resistente a la corrosi\u00f3n<\/p>\n<\/li>\n<li class=\"\" data-start=\"753\" data-end=\"829\">\n<p class=\"\" data-start=\"755\" data-end=\"829\"><strong data-start=\"755\" data-end=\"777\">Cartucho monomando<\/strong>: Facilita el ajuste preciso de temperatura y caudal<\/p>\n<\/li>\n<li class=\"\" data-start=\"830\" data-end=\"895\">\n<p class=\"\" data-start=\"832\" data-end=\"895\"><strong data-start=\"832\" data-end=\"847\">Instalaci\u00f3n<\/strong>: Empotrado, para un dise\u00f1o limpio y minimalista<\/p>\n<\/li>\n<li class=\"\" data-start=\"896\" data-end=\"1024\">\n<p class=\"\" data-start=\"898\" data-end=\"1024\"><strong data-start=\"898\" data-end=\"929\">Caracter\u00edsticas adicionales<\/strong>: Resistente a la corrosi\u00f3n, f\u00e1cil de limpiar, acabado mate que minimiza las huellas dactilares<\/p>\n<\/li>\n<\/ul>\n","protected":false},"excerpt":{"rendered":"<p>Este cuerpo empotrado monomando redondo de dos v\u00edas con acabado  [&#8230;]<\/p>\n","protected":false},"featured_media":13599,"template":"","meta":[],"product_brand":[],"product_cat":[390],"product_tag":[],"serie":[],"manual-de-instalacion":[],"color":[27],"class_list":{"0":"post-5107","1":"product","2":"type-product","3":"status-publish","4":"has-post-thumbnail","6":"product_cat-elementos-de-ducha","7":"color-negro-mate","9":"first","10":"instock","11":"taxable","12":"shipping-taxable","13":"product-type-simple"},"_links":{"self":[{"href":"https:\/\/www.valaz.es\/fr\/wp-json\/wp\/v2\/product\/5107","targetHints":{"allow":["GET"]}}],"collection":[{"href":"https:\/\/www.valaz.es\/fr\/wp-json\/wp\/v2\/product"}],"about":[{"href":"https:\/\/www.valaz.es\/fr\/wp-json\/wp\/v2\/types\/product"}],"wp:featuredmedia":[{"embeddable":true,"href":"https:\/\/www.valaz.es\/fr\/wp-json\/wp\/v2\/media\/13599"}],"wp:attachment":[{"href":"https:\/\/www.valaz.es\/fr\/wp-json\/wp\/v2\/media?parent=5107"}],"wp:term":[{"taxonomy":"product_brand","embeddable":true,"href":"https:\/\/www.valaz.es\/fr\/wp-json\/wp\/v2\/product_brand?post=5107"},{"taxonomy":"product_cat","embeddable":true,"href":"https:\/\/www.valaz.es\/fr\/wp-json\/wp\/v2\/product_cat?post=5107"},{"taxonomy":"product_tag","embeddable":true,"href":"https:\/\/www.valaz.es\/fr\/wp-json\/wp\/v2\/product_tag?post=5107"},{"taxonomy":"serie","embeddable":true,"href":"https:\/\/www.valaz.es\/fr\/wp-json\/wp\/v2\/serie?post=5107"},{"taxonomy":"manual-de-instalacion","embeddable":true,"href":"https:\/\/www.valaz.es\/fr\/wp-json\/wp\/v2\/manual-de-instalacion?post=5107"},{"taxonomy":"color","embeddable":true,"href":"https:\/\/www.valaz.es\/fr\/wp-json\/wp\/v2\/color?post=5107"}],"curies":[{"name":"wp","href":"https:\/\/api.w.org\/{rel}","templated":true}]}}