{"id":4968,"date":"2023-05-24T16:58:59","date_gmt":"2023-05-24T14:58:59","guid":{"rendered":"https:\/\/www.valaz.es\/?post_type=product&#038;p=4968"},"modified":"2026-03-04T13:23:09","modified_gmt":"2026-03-04T12:23:09","slug":"premarco-30cm-dorado-cepillado","status":"publish","type":"product","link":"https:\/\/www.valaz.es\/fr\/produit\/premarco-30cm-dorado-cepillado\/","title":{"rendered":"Premarco 30cm dorado cepillado"},"content":{"rendered":"<p class=\"\" data-start=\"58\" data-end=\"319\">El premarco de 30 cm dorado cepillado est\u00e1 dise\u00f1ado para ofrecer un toque de lujo y elegancia a tu ba\u00f1o. Con un acabado dorado cepillado, aporta un estilo sofisticado y moderno, combinando perfectamente con rociadores a techo y accesorios en acabados met\u00e1licos.<\/p>\n<p class=\"\" data-start=\"321\" data-end=\"341\"><strong data-start=\"321\" data-end=\"341\">Especificaciones<\/strong><\/p>\n<ul data-start=\"342\" data-end=\"843\">\n<li class=\"\" data-start=\"342\" data-end=\"384\">\n<p class=\"\" data-start=\"344\" data-end=\"384\"><strong data-start=\"344\" data-end=\"352\">Tipo<\/strong>: Premarco para rociador a techo<\/p>\n<\/li>\n<li class=\"\" data-start=\"385\" data-end=\"404\">\n<p class=\"\" data-start=\"387\" data-end=\"404\"><strong data-start=\"387\" data-end=\"397\">Medida<\/strong>: 30 cm<\/p>\n<\/li>\n<li class=\"\" data-start=\"405\" data-end=\"484\">\n<p class=\"\" data-start=\"407\" data-end=\"484\"><strong data-start=\"407\" data-end=\"416\">Color<\/strong>: Dorado cepillado, ideal para agregar un toque de lujo y distinci\u00f3n<\/p>\n<\/li>\n<li class=\"\" data-start=\"485\" data-end=\"559\">\n<p class=\"\" data-start=\"487\" data-end=\"559\"><strong data-start=\"487\" data-end=\"499\">Material<\/strong>: Acero resistente, proporcionando durabilidad y estabilidad<\/p>\n<\/li>\n<li class=\"\" data-start=\"560\" data-end=\"640\">\n<p class=\"\" data-start=\"562\" data-end=\"640\"><strong data-start=\"562\" data-end=\"580\">Compatibilidad<\/strong>: Compatible con rociadores a techo de instalaci\u00f3n empotrada<\/p>\n<\/li>\n<li class=\"\" data-start=\"641\" data-end=\"737\">\n<p class=\"\" data-start=\"643\" data-end=\"737\"><strong data-start=\"643\" data-end=\"658\">Instalaci\u00f3n<\/strong>: F\u00e1cil de instalar, dise\u00f1ado para asegurar el rociador de forma firme y segura<\/p>\n<\/li>\n<li class=\"\" data-start=\"738\" data-end=\"843\">\n<p class=\"\" data-start=\"740\" data-end=\"843\"><strong data-start=\"740\" data-end=\"750\">Estilo<\/strong>: Acabado dorado cepillado, adecuado para espacios que buscan una est\u00e9tica elegante y moderna<\/p>\n<\/li>\n<\/ul>\n","protected":false},"excerpt":{"rendered":"<p>El premarco de 30 cm dorado cepillado est\u00e1 dise\u00f1ado para  [&#8230;]<\/p>\n","protected":false},"featured_media":17900,"template":"","meta":[],"product_brand":[],"product_cat":[390],"product_tag":[],"serie":[],"manual-de-instalacion":[],"color":[34],"class_list":{"0":"post-4968","1":"product","2":"type-product","3":"status-publish","4":"has-post-thumbnail","6":"product_cat-elementos-de-ducha","7":"color-dorado-cepillado","9":"first","10":"instock","11":"taxable","12":"shipping-taxable","13":"product-type-simple"},"_links":{"self":[{"href":"https:\/\/www.valaz.es\/fr\/wp-json\/wp\/v2\/product\/4968","targetHints":{"allow":["GET"]}}],"collection":[{"href":"https:\/\/www.valaz.es\/fr\/wp-json\/wp\/v2\/product"}],"about":[{"href":"https:\/\/www.valaz.es\/fr\/wp-json\/wp\/v2\/types\/product"}],"wp:featuredmedia":[{"embeddable":true,"href":"https:\/\/www.valaz.es\/fr\/wp-json\/wp\/v2\/media\/17900"}],"wp:attachment":[{"href":"https:\/\/www.valaz.es\/fr\/wp-json\/wp\/v2\/media?parent=4968"}],"wp:term":[{"taxonomy":"product_brand","embeddable":true,"href":"https:\/\/www.valaz.es\/fr\/wp-json\/wp\/v2\/product_brand?post=4968"},{"taxonomy":"product_cat","embeddable":true,"href":"https:\/\/www.valaz.es\/fr\/wp-json\/wp\/v2\/product_cat?post=4968"},{"taxonomy":"product_tag","embeddable":true,"href":"https:\/\/www.valaz.es\/fr\/wp-json\/wp\/v2\/product_tag?post=4968"},{"taxonomy":"serie","embeddable":true,"href":"https:\/\/www.valaz.es\/fr\/wp-json\/wp\/v2\/serie?post=4968"},{"taxonomy":"manual-de-instalacion","embeddable":true,"href":"https:\/\/www.valaz.es\/fr\/wp-json\/wp\/v2\/manual-de-instalacion?post=4968"},{"taxonomy":"color","embeddable":true,"href":"https:\/\/www.valaz.es\/fr\/wp-json\/wp\/v2\/color?post=4968"}],"curies":[{"name":"wp","href":"https:\/\/api.w.org\/{rel}","templated":true}]}}