{"id":4843,"date":"2022-11-15T15:36:37","date_gmt":"2022-11-15T14:36:37","guid":{"rendered":"https:\/\/www.valaz.es\/producto\/mitigeur-de-cuisine-osmose-3-voies-ronde-acier-brosse-serie-nilo\/"},"modified":"2022-11-15T15:36:37","modified_gmt":"2022-11-15T14:36:37","slug":"grifo-de-cocina-osmosis-3-vias-redondo-acero-cepillado-serie-nilo","status":"publish","type":"product","link":"https:\/\/www.valaz.es\/fr\/produit\/grifo-de-cocina-osmosis-3-vias-redondo-acero-cepillado-serie-nilo\/","title":{"rendered":"Mitigeur de cuisine osmose 3 voies ronde acier bross\u00e9 Serie Nilo"},"content":{"rendered":"<p>Mitigeur de cuisine avec osmose eau froide et chaude.<\/p>\n<p>Corps du robinet: laiton<\/p>\n<p>Cartouche \u00f8 35 mm avec KTW \/ DVGW.<\/p>\n<p>Tuyau de raccordement 3\/8 &#8220;+ 1\/2&#8221; en acier inoxydable avec DVGW<\/p>\n<p>Rotatif 360\u00ba<\/p>\n","protected":false},"excerpt":{"rendered":"<p>La s\u00e9rie Nilo sont des robinets de cuisine \u00e0 osmose avec bec pivotant 360\u00ba, c&#8217;est une option tr\u00e8s polyvalente, car elle s&#8217;adapte \u00e0 tous les styles de cuisine. Nous avons diff\u00e9rents finitions: chrom\u00e9, dor\u00e9 bross\u00e9, noir mat, or vieilli, banche, acier bross\u00e9, beige, noir graphite.<\/p>\n<p>La garantie de tous nos produits est de 3 ans, pour le fonctionnement, la dur\u00e9e de l&#8217;\u00e9maillage et l&#8217;anti-corrosion.<\/p>\n<p>Nous recommandons un entretien correct pour \u00e9viter la d\u00e9t\u00e9rioration due \u00e0 l&#8217;utilisation. S\u00e9chez les gouttes d&#8217;eau apr\u00e8s utilisation, en \u00e9vitant qu&#8217;elles ne se d\u00e9posent sur la surface et d\u00e9t\u00e9riorent la finition N&#8217;utilisez pas d&#8217;\u00e9ponges qui peuvent rayer les robinets et utilisez des nettoyants tels que du vinaigre de nettoyage, de l&#8217;eau chaude et du savon au pH neutre.<\/p>\n<p>&nbsp;<\/p>\n<p><strong>Notre service technique dispose de guides pour tous nos mod\u00e8les encastrables.Si vous avez des questions sur l&#8217;installation, contactez-nous par t\u00e9l\u00e9phone, WhatsApp ou par e-mail.<strong><\/strong><\/strong><\/p>\n<p><strong>N&#8217;oubliez pas qu&#8217;une fois le corps encastrable du robinet est install\u00e9, vous devez v\u00e9rifier son bon fonctionnement (passage d&#8217;eau, cartouche&#8230;), si vous d\u00e9tectez une anomalie, contactez-nous pour vous aider, ne continuez pas avec l&#8217;installation.<\/strong><\/p>\n<p>&nbsp;<\/p>\n","protected":false},"featured_media":3993,"template":"","meta":[],"product_brand":[],"product_cat":[277],"product_tag":[],"serie":[183],"manual-de-instalacion":[216],"color":[283],"class_list":{"0":"post-4843","1":"product","2":"type-product","3":"status-publish","4":"has-post-thumbnail","6":"product_cat-robinets-de-cuisine","7":"serie-nilo-fr","8":"manual-de-instalacion-guia-instalacion-grifo-superficie-fr","9":"color-acero-cepillado-fr","11":"first","12":"instock","13":"taxable","14":"shipping-taxable","15":"product-type-simple"},"_links":{"self":[{"href":"https:\/\/www.valaz.es\/fr\/wp-json\/wp\/v2\/product\/4843","targetHints":{"allow":["GET"]}}],"collection":[{"href":"https:\/\/www.valaz.es\/fr\/wp-json\/wp\/v2\/product"}],"about":[{"href":"https:\/\/www.valaz.es\/fr\/wp-json\/wp\/v2\/types\/product"}],"wp:featuredmedia":[{"embeddable":true,"href":"https:\/\/www.valaz.es\/fr\/wp-json\/wp\/v2\/media\/3993"}],"wp:attachment":[{"href":"https:\/\/www.valaz.es\/fr\/wp-json\/wp\/v2\/media?parent=4843"}],"wp:term":[{"taxonomy":"product_brand","embeddable":true,"href":"https:\/\/www.valaz.es\/fr\/wp-json\/wp\/v2\/product_brand?post=4843"},{"taxonomy":"product_cat","embeddable":true,"href":"https:\/\/www.valaz.es\/fr\/wp-json\/wp\/v2\/product_cat?post=4843"},{"taxonomy":"product_tag","embeddable":true,"href":"https:\/\/www.valaz.es\/fr\/wp-json\/wp\/v2\/product_tag?post=4843"},{"taxonomy":"serie","embeddable":true,"href":"https:\/\/www.valaz.es\/fr\/wp-json\/wp\/v2\/serie?post=4843"},{"taxonomy":"manual-de-instalacion","embeddable":true,"href":"https:\/\/www.valaz.es\/fr\/wp-json\/wp\/v2\/manual-de-instalacion?post=4843"},{"taxonomy":"color","embeddable":true,"href":"https:\/\/www.valaz.es\/fr\/wp-json\/wp\/v2\/color?post=4843"}],"curies":[{"name":"wp","href":"https:\/\/api.w.org\/{rel}","templated":true}]}}