{"id":4836,"date":"2022-12-22T15:40:29","date_gmt":"2022-12-22T14:40:29","guid":{"rendered":"https:\/\/www.valaz.es\/producto\/douche-encastrable-monocommande-ronde-avec-bouton-chrome-au-plafond-serie-navia\/"},"modified":"2022-12-22T15:40:29","modified_gmt":"2022-12-22T14:40:29","slug":"ducha-empotrada-monomando-redonda-con-pulsadores-a-techo-cromada-serie-navia","status":"publish","type":"product","link":"https:\/\/www.valaz.es\/fr\/produit\/ducha-empotrada-monomando-redonda-con-pulsadores-a-techo-cromada-serie-navia\/","title":{"rendered":"Douche encastrable monocommande ronde avec bouton chrom\u00e9 au plafond serie Navia"},"content":{"rendered":"<p>Comprend: Corps monocommande 2 voies avec bouton, support au plafond, pommeau de douche et douchette avec support et flexible.<\/p>\n<p>Mat\u00e9riaux: Corps du robinet laiton, pommeau de douche en acier inoxydable, douchette en PVC et flexible en acier inoxydable.<\/p>\n<p>Finitions: chrom\u00e9<\/p>\n","protected":false},"excerpt":{"rendered":"<p>Serie Navia avec finitions rondes se d\u00e9marque par ses boutons pour choisir la sortie de l&#8217;eau. Pommeau de douche effet pluie ou douchette. La finition peut \u00eatre chrom\u00e9, noir mat ou dor\u00e9 bross\u00e9.<\/p>\n<p>&nbsp;<\/p>\n<p>La garantie de tous nos produits est de 3 ans, pour le fonctionnement, la dur\u00e9e de l&#8217;\u00e9maillage et l&#8217;anti-corrosion.<\/p>\n<p>Nous recommandons un entretien correct pour \u00e9viter la d\u00e9t\u00e9rioration due \u00e0 l&#8217;utilisation. S\u00e9chez les gouttes d&#8217;eau apr\u00e8s utilisation, en \u00e9vitant qu&#8217;elles ne se d\u00e9posent sur la surface et d\u00e9t\u00e9riorent la finition N&#8217;utilisez pas d&#8217;\u00e9ponges qui peuvent rayer les robinets et utilisez des nettoyants tels que du vinaigre de nettoyage, de l&#8217;eau chaude et du savon au pH neutre.<\/p>\n<p>&nbsp;<\/p>\n<p><strong>Notre service technique dispose de guides pour tous nos mod\u00e8les encastrables.Si vous avez des questions sur l&#8217;installation, contactez-nous par t\u00e9l\u00e9phone, WhatsApp ou par e-mail.<strong><\/strong><\/strong><\/p>\n<p><strong>N&#8217;oubliez pas qu&#8217;une fois le corps encastrable du robinet est install\u00e9, vous devez v\u00e9rifier son bon fonctionnement (passage d&#8217;eau, cartouche&#8230;), si vous d\u00e9tectez une anomalie, contactez-nous pour vous aider, ne continuez pas avec l&#8217;installation.<\/strong><\/p>\n<p>&nbsp;<\/p>\n","protected":false},"featured_media":3442,"template":"","meta":[],"product_brand":[],"product_cat":[262,258],"product_tag":[],"serie":[327],"manual-de-instalacion":[227],"color":[293],"class_list":{"0":"post-4836","1":"product","2":"type-product","3":"status-publish","4":"has-post-thumbnail","6":"product_cat-douches-a-litalienne","7":"product_cat-douches","8":"pa_tamano-rociador-20cm-fr","9":"pa_tamano-rociador-25cm-fr","10":"pa_tamano-rociador-30cm-fr","11":"serie-navia-fr","12":"manual-de-instalacion-guia-instalacion-duchas-empotradas-monomando-fr","13":"color-cromo-fr","15":"first","16":"instock","17":"taxable","18":"shipping-taxable","19":"product-type-variable"},"_links":{"self":[{"href":"https:\/\/www.valaz.es\/fr\/wp-json\/wp\/v2\/product\/4836","targetHints":{"allow":["GET"]}}],"collection":[{"href":"https:\/\/www.valaz.es\/fr\/wp-json\/wp\/v2\/product"}],"about":[{"href":"https:\/\/www.valaz.es\/fr\/wp-json\/wp\/v2\/types\/product"}],"wp:featuredmedia":[{"embeddable":true,"href":"https:\/\/www.valaz.es\/fr\/wp-json\/wp\/v2\/media\/3442"}],"wp:attachment":[{"href":"https:\/\/www.valaz.es\/fr\/wp-json\/wp\/v2\/media?parent=4836"}],"wp:term":[{"taxonomy":"product_brand","embeddable":true,"href":"https:\/\/www.valaz.es\/fr\/wp-json\/wp\/v2\/product_brand?post=4836"},{"taxonomy":"product_cat","embeddable":true,"href":"https:\/\/www.valaz.es\/fr\/wp-json\/wp\/v2\/product_cat?post=4836"},{"taxonomy":"product_tag","embeddable":true,"href":"https:\/\/www.valaz.es\/fr\/wp-json\/wp\/v2\/product_tag?post=4836"},{"taxonomy":"serie","embeddable":true,"href":"https:\/\/www.valaz.es\/fr\/wp-json\/wp\/v2\/serie?post=4836"},{"taxonomy":"manual-de-instalacion","embeddable":true,"href":"https:\/\/www.valaz.es\/fr\/wp-json\/wp\/v2\/manual-de-instalacion?post=4836"},{"taxonomy":"color","embeddable":true,"href":"https:\/\/www.valaz.es\/fr\/wp-json\/wp\/v2\/color?post=4836"}],"curies":[{"name":"wp","href":"https:\/\/api.w.org\/{rel}","templated":true}]}}