{"id":4812,"date":"2022-11-14T16:01:53","date_gmt":"2022-11-14T15:01:53","guid":{"rendered":"https:\/\/www.valaz.es\/producto\/douche-encastrable-ronde-a-deux-poignees-1-voie-chrome-serie-nalon\/"},"modified":"2022-11-14T16:01:53","modified_gmt":"2022-11-14T15:01:53","slug":"ducha-empotrada-bimando-redonda-de-1-salida-via-cromado-serie-nalon","status":"publish","type":"product","link":"https:\/\/www.valaz.es\/fr\/produit\/ducha-empotrada-bimando-redonda-de-1-salida-via-cromado-serie-nalon\/","title":{"rendered":"Douche encastrable ronde \u00e0 deux poign\u00e9es 1 voie chrom\u00e9 Serie Nalon"},"content":{"rendered":"<h1><\/h1>\n<div class=\"pb-left-column col-xs-12 col-sm-4 col-md-5\">\n<p>Comprend: Pommeau de douche effet pluie (20, 25 et 30 cm) avec support mural. M\u00e9langeur \u00e0 deux poign\u00e9es: eau chaude et froide<\/p>\n<\/div>\n<p>Materiaux: Pommeau de douche en acier inoxydable et poign\u00e9es en laiton.<\/p>\n<p>Finition: chrom\u00e9<\/p>\n<div class=\"pb-left-column col-xs-12 col-sm-4 col-md-5\">\n<p>Fonctions: effet pluie.<\/p>\n<\/div>\n","protected":false},"excerpt":{"rendered":"<p>Serie Nal\u00f3n remarquable pour \u00eatre \u00e0 deux poign\u00e9es un pour l&#8217;eau froide et l&#8217;autre pour l&#8217;eau chaude qui nous permet de r\u00e9guler et d&#8217;obtenir la temp\u00e9rature et le d\u00e9bit id\u00e9al. Avec des finitions chrom\u00e9, dor\u00e9 bross\u00e9, noir mat et rose. Disponible pour lavabo et douche<\/p>\n<p>La garantie de tous nos produits est de 3 ans, pour le fonctionnement, la dur\u00e9e de l&#8217;\u00e9maillage et l&#8217;anti-corrosion.<\/p>\n<p>Nous recommandons un entretien correct pour \u00e9viter la d\u00e9t\u00e9rioration due \u00e0 l&#8217;utilisation. S\u00e9chez les gouttes d&#8217;eau apr\u00e8s utilisation, en \u00e9vitant qu&#8217;elles ne se d\u00e9posent sur la surface et d\u00e9t\u00e9riorent la finition N&#8217;utilisez pas d&#8217;\u00e9ponges qui peuvent rayer les robinets et utilisez des nettoyants tels que du vinaigre de nettoyage, de l&#8217;eau chaude et du savon au pH neutre.<\/p>\n<p>&nbsp;<\/p>\n<p><strong>Notre service technique dispose de guides pour tous nos mod\u00e8les encastrables.Si vous avez des questions sur l&#8217;installation, contactez-nous par t\u00e9l\u00e9phone, WhatsApp ou par e-mail.<strong><\/strong><\/strong><\/p>\n<p><strong>N&#8217;oubliez pas qu&#8217;une fois le corps encastrable du robinet est install\u00e9, vous devez v\u00e9rifier son bon fonctionnement (passage d&#8217;eau, cartouche&#8230;), si vous d\u00e9tectez une anomalie, contactez-nous pour vous aider, ne continuez pas avec l&#8217;installation.<\/strong><\/p>\n","protected":false},"featured_media":13188,"template":"","meta":[],"product_brand":[],"product_cat":[262,258],"product_tag":[],"serie":[177],"manual-de-instalacion":[230],"color":[293],"class_list":{"0":"post-4812","1":"product","2":"type-product","3":"status-publish","4":"has-post-thumbnail","6":"product_cat-douches-a-litalienne","7":"product_cat-douches","8":"pa_tamano-rociador-20cm-fr","9":"pa_tamano-rociador-25cm-fr","10":"pa_tamano-rociador-30cm-fr","11":"serie-nalon-fr","12":"manual-de-instalacion-guia-instalacion-ducha-bimando-fr","13":"color-cromo-fr","15":"first","16":"instock","17":"taxable","18":"shipping-taxable","19":"product-type-variable"},"_links":{"self":[{"href":"https:\/\/www.valaz.es\/fr\/wp-json\/wp\/v2\/product\/4812","targetHints":{"allow":["GET"]}}],"collection":[{"href":"https:\/\/www.valaz.es\/fr\/wp-json\/wp\/v2\/product"}],"about":[{"href":"https:\/\/www.valaz.es\/fr\/wp-json\/wp\/v2\/types\/product"}],"wp:featuredmedia":[{"embeddable":true,"href":"https:\/\/www.valaz.es\/fr\/wp-json\/wp\/v2\/media\/13188"}],"wp:attachment":[{"href":"https:\/\/www.valaz.es\/fr\/wp-json\/wp\/v2\/media?parent=4812"}],"wp:term":[{"taxonomy":"product_brand","embeddable":true,"href":"https:\/\/www.valaz.es\/fr\/wp-json\/wp\/v2\/product_brand?post=4812"},{"taxonomy":"product_cat","embeddable":true,"href":"https:\/\/www.valaz.es\/fr\/wp-json\/wp\/v2\/product_cat?post=4812"},{"taxonomy":"product_tag","embeddable":true,"href":"https:\/\/www.valaz.es\/fr\/wp-json\/wp\/v2\/product_tag?post=4812"},{"taxonomy":"serie","embeddable":true,"href":"https:\/\/www.valaz.es\/fr\/wp-json\/wp\/v2\/serie?post=4812"},{"taxonomy":"manual-de-instalacion","embeddable":true,"href":"https:\/\/www.valaz.es\/fr\/wp-json\/wp\/v2\/manual-de-instalacion?post=4812"},{"taxonomy":"color","embeddable":true,"href":"https:\/\/www.valaz.es\/fr\/wp-json\/wp\/v2\/color?post=4812"}],"curies":[{"name":"wp","href":"https:\/\/api.w.org\/{rel}","templated":true}]}}