{"id":4801,"date":"2022-11-14T16:17:24","date_gmt":"2022-11-14T15:17:24","guid":{"rendered":"https:\/\/www.valaz.es\/producto\/melangeur-pour-lavabo-encastre-rond-a-deux-poignees-noir-mat-serie-nalon\/"},"modified":"2022-11-14T16:17:24","modified_gmt":"2022-11-14T15:17:24","slug":"grifo-de-lavabo-empotrado-redondo-bimando-negro-mate-serie-nalon","status":"publish","type":"product","link":"https:\/\/www.valaz.es\/fr\/produit\/grifo-de-lavabo-empotrado-redondo-bimando-negro-mate-serie-nalon\/","title":{"rendered":"M\u00e9langeur pour lavabo encastr\u00e9 rond \u00e0 deux poign\u00e9es noir mat Serie Nalon"},"content":{"rendered":"<p>Comprend: Corps du robinet en laiton, cartouche c\u00e9ramique, \u00e0 deux poign\u00e9es eau froide et chaude. Bec 21 cm.<\/p>\n<p><span class=\"a-list-item\">Finitions: Noir mat<\/span><\/p>\n","protected":false},"excerpt":{"rendered":"<p>Serie Nal\u00f3n remarquable pour \u00eatre \u00e0 deux poign\u00e9es un pour l&#8217;eau froide et l&#8217;autre pour l&#8217;eau chaude qui nous permet de r\u00e9guler et d&#8217;obtenir la temp\u00e9rature et le d\u00e9bit id\u00e9al. Avec des finitions chrom\u00e9, dor\u00e9 bross\u00e9, noir mat et rose. Disponible pour lavabo et douche<\/p>\n<p>La garantie de tous nos produits est de 3 ans, pour le fonctionnement, la dur\u00e9e de l&#8217;\u00e9maillage et l&#8217;anti-corrosion.<\/p>\n<p>Nous recommandons un entretien correct pour \u00e9viter la d\u00e9t\u00e9rioration due \u00e0 l&#8217;utilisation. S\u00e9chez les gouttes d&#8217;eau apr\u00e8s utilisation, en \u00e9vitant qu&#8217;elles ne se d\u00e9posent sur la surface et d\u00e9t\u00e9riorent la finition N&#8217;utilisez pas d&#8217;\u00e9ponges qui peuvent rayer les robinets et utilisez des nettoyants tels que du vinaigre de nettoyage, de l&#8217;eau chaude et du savon au pH neutre.<\/p>\n<p>&nbsp;<\/p>\n<p><strong>Notre service technique dispose de guides pour tous nos mod\u00e8les encastrables.Si vous avez des questions sur l&#8217;installation, contactez-nous par t\u00e9l\u00e9phone, WhatsApp ou par e-mail.<strong><\/strong><\/strong><\/p>\n<p><strong>N&#8217;oubliez pas qu&#8217;une fois le corps encastrable du robinet est install\u00e9, vous devez v\u00e9rifier son bon fonctionnement (passage d&#8217;eau, cartouche&#8230;), si vous d\u00e9tectez une anomalie, contactez-nous pour vous aider, ne continuez pas avec l&#8217;installation.<\/strong><\/p>\n","protected":false},"featured_media":20704,"template":"","meta":[],"product_brand":[],"product_cat":[276,273],"product_tag":[],"serie":[177],"manual-de-instalacion":[],"color":[308],"class_list":{"0":"post-4801","1":"product","2":"type-product","3":"status-publish","4":"has-post-thumbnail","6":"product_cat-robinets-de-bassin","7":"product_cat-robinets-de-bassin-integres","8":"serie-nalon-fr","9":"color-negro-mate-fr","11":"first","12":"instock","13":"taxable","14":"shipping-taxable","15":"product-type-simple"},"_links":{"self":[{"href":"https:\/\/www.valaz.es\/fr\/wp-json\/wp\/v2\/product\/4801","targetHints":{"allow":["GET"]}}],"collection":[{"href":"https:\/\/www.valaz.es\/fr\/wp-json\/wp\/v2\/product"}],"about":[{"href":"https:\/\/www.valaz.es\/fr\/wp-json\/wp\/v2\/types\/product"}],"wp:featuredmedia":[{"embeddable":true,"href":"https:\/\/www.valaz.es\/fr\/wp-json\/wp\/v2\/media\/20704"}],"wp:attachment":[{"href":"https:\/\/www.valaz.es\/fr\/wp-json\/wp\/v2\/media?parent=4801"}],"wp:term":[{"taxonomy":"product_brand","embeddable":true,"href":"https:\/\/www.valaz.es\/fr\/wp-json\/wp\/v2\/product_brand?post=4801"},{"taxonomy":"product_cat","embeddable":true,"href":"https:\/\/www.valaz.es\/fr\/wp-json\/wp\/v2\/product_cat?post=4801"},{"taxonomy":"product_tag","embeddable":true,"href":"https:\/\/www.valaz.es\/fr\/wp-json\/wp\/v2\/product_tag?post=4801"},{"taxonomy":"serie","embeddable":true,"href":"https:\/\/www.valaz.es\/fr\/wp-json\/wp\/v2\/serie?post=4801"},{"taxonomy":"manual-de-instalacion","embeddable":true,"href":"https:\/\/www.valaz.es\/fr\/wp-json\/wp\/v2\/manual-de-instalacion?post=4801"},{"taxonomy":"color","embeddable":true,"href":"https:\/\/www.valaz.es\/fr\/wp-json\/wp\/v2\/color?post=4801"}],"curies":[{"name":"wp","href":"https:\/\/api.w.org\/{rel}","templated":true}]}}