{"id":4610,"date":"2022-11-14T13:43:40","date_gmt":"2022-11-14T12:43:40","guid":{"rendered":"https:\/\/www.valaz.es\/producto\/douche-encastrable-monocommande-carree-mural-dore-brosse-serie-mino\/"},"modified":"2022-11-14T13:43:40","modified_gmt":"2022-11-14T12:43:40","slug":"ducha-empotrada-monomando-cuadrada-a-pared-dorado-cepillado-serie-mino","status":"publish","type":"product","link":"https:\/\/www.valaz.es\/fr\/produit\/ducha-empotrada-monomando-cuadrada-a-pared-dorado-cepillado-serie-mino\/","title":{"rendered":"Douche encastrable monocommande carr\u00e9e mural dor\u00e9 bross\u00e9 serie Mi\u00f1o"},"content":{"rendered":"<p>Comprend; Encastrable 2 voies, pommeau de douche, douchette avec support et flexible.<\/p>\n<p>Mat\u00e9riaux: Corps du robinet laiton, pommeau de douche en acier inoxydable, douchette en PVC et flexible en acier inoxydable.<\/p>\n<p>Finitions: dor\u00e9 bross\u00e9.<\/p>\n","protected":false},"excerpt":{"rendered":"<p>&nbsp;<\/p>\n<p>La s\u00e9rie Mi\u00f1o aux lignes rondes et aux finitions rectangulaires se diff\u00e9rencie par le m\u00e9lange du carr\u00e9 et du rectangulaire o\u00f9 tout est uniforme. Nous avons des finitions en chrome, or bross\u00e9, noir mat avec support mural et au ras du plafond. Notre kit de douche encastrable est livr\u00e9 avec une bo\u00eete \u00e0 2 voies, un cadre ou un support mural, une pomme de douche de votre choix, une sortie d&#8217;eau, un support de douchette et un flexible.<\/p>\n<p>La garantie de tous nos produits est de 3 ans, pour le fonctionnement, la dur\u00e9e de l&#8217;\u00e9maillage et l&#8217;anti-corrosion.<\/p>\n<p>Nous recommandons un entretien correct pour \u00e9viter la d\u00e9t\u00e9rioration due \u00e0 l&#8217;utilisation. S\u00e9chez les gouttes d&#8217;eau apr\u00e8s utilisation, en \u00e9vitant qu&#8217;elles ne se d\u00e9posent sur la surface et d\u00e9t\u00e9riorent la finition N&#8217;utilisez pas d&#8217;\u00e9ponges qui peuvent rayer les robinets et utilisez des nettoyants tels que du vinaigre de nettoyage, de l&#8217;eau chaude et du savon au pH neutre.<\/p>\n<p>&nbsp;<\/p>\n<p><strong>Notre service technique dispose de guides pour tous nos mod\u00e8les encastrables.Si vous avez des questions sur l&#8217;installation, contactez-nous par t\u00e9l\u00e9phone, WhatsApp ou par e-mail.<strong><\/strong><\/strong><\/p>\n<p><strong>N&#8217;oubliez pas qu&#8217;une fois le corps encastrable du robinet est install\u00e9, vous devez v\u00e9rifier son bon fonctionnement (passage d&#8217;eau, cartouche&#8230;), si vous d\u00e9tectez une anomalie, contactez-nous pour vous aider, ne continuez pas avec l&#8217;installation.<\/strong><\/p>\n","protected":false},"featured_media":2448,"template":"","meta":[],"product_brand":[],"product_cat":[262,258],"product_tag":[],"serie":[166],"manual-de-instalacion":[213],"color":[297],"class_list":{"0":"post-4610","1":"product","2":"type-product","3":"status-publish","4":"has-post-thumbnail","6":"product_cat-douches-a-litalienne","7":"product_cat-douches","8":"pa_tamano-rociador-20cm-fr","9":"pa_tamano-rociador-25cm-fr","10":"pa_tamano-rociador-30cm-fr","11":"pa_tamano-rociador-40cm-fr","12":"serie-mino-fr","13":"manual-de-instalacion-guia-instalacion-mino-fr","14":"color-dorado-cepillado-fr","16":"first","17":"instock","18":"taxable","19":"shipping-taxable","20":"product-type-variable"},"_links":{"self":[{"href":"https:\/\/www.valaz.es\/fr\/wp-json\/wp\/v2\/product\/4610","targetHints":{"allow":["GET"]}}],"collection":[{"href":"https:\/\/www.valaz.es\/fr\/wp-json\/wp\/v2\/product"}],"about":[{"href":"https:\/\/www.valaz.es\/fr\/wp-json\/wp\/v2\/types\/product"}],"wp:featuredmedia":[{"embeddable":true,"href":"https:\/\/www.valaz.es\/fr\/wp-json\/wp\/v2\/media\/2448"}],"wp:attachment":[{"href":"https:\/\/www.valaz.es\/fr\/wp-json\/wp\/v2\/media?parent=4610"}],"wp:term":[{"taxonomy":"product_brand","embeddable":true,"href":"https:\/\/www.valaz.es\/fr\/wp-json\/wp\/v2\/product_brand?post=4610"},{"taxonomy":"product_cat","embeddable":true,"href":"https:\/\/www.valaz.es\/fr\/wp-json\/wp\/v2\/product_cat?post=4610"},{"taxonomy":"product_tag","embeddable":true,"href":"https:\/\/www.valaz.es\/fr\/wp-json\/wp\/v2\/product_tag?post=4610"},{"taxonomy":"serie","embeddable":true,"href":"https:\/\/www.valaz.es\/fr\/wp-json\/wp\/v2\/serie?post=4610"},{"taxonomy":"manual-de-instalacion","embeddable":true,"href":"https:\/\/www.valaz.es\/fr\/wp-json\/wp\/v2\/manual-de-instalacion?post=4610"},{"taxonomy":"color","embeddable":true,"href":"https:\/\/www.valaz.es\/fr\/wp-json\/wp\/v2\/color?post=4610"}],"curies":[{"name":"wp","href":"https:\/\/api.w.org\/{rel}","templated":true}]}}