{"id":461,"date":"2022-11-09T12:16:16","date_gmt":"2022-11-09T11:16:16","guid":{"rendered":"https:\/\/www.valaz.es\/?post_type=product&#038;p=461"},"modified":"2025-10-29T11:54:24","modified_gmt":"2025-10-29T10:54:24","slug":"ducha-empotrada-de-banera-a-pared-negro-mate-serie-jucar","status":"publish","type":"product","link":"https:\/\/www.valaz.es\/fr\/produit\/ducha-empotrada-de-banera-a-pared-negro-mate-serie-jucar\/","title":{"rendered":"Ducha empotrada de ba\u00f1era a pared negro mate &#8211; Serie Jucar"},"content":{"rendered":"<p class=\"\" data-start=\"64\" data-end=\"397\">La ducha empotrada de ba\u00f1era a pared de la serie Jucar combina funcionalidad y dise\u00f1o en un acabado negro mate elegante. Ideal para quienes buscan un estilo moderno y minimalista, esta ducha incluye un rociador de 25 cm, un monomando de 3 v\u00edas y todos los elementos necesarios para una experiencia completa de ba\u00f1o.<\/p>\n<p class=\"\" data-start=\"399\" data-end=\"421\"><strong data-start=\"399\" data-end=\"419\">Especificaciones<\/strong><\/p>\n<ul data-start=\"422\" data-end=\"706\">\n<li class=\"\" data-start=\"422\" data-end=\"472\">\n<p class=\"\" data-start=\"424\" data-end=\"472\"><strong data-start=\"424\" data-end=\"442\">Tipo de ducha:<\/strong> Empotrada de ba\u00f1era a pared<\/p>\n<\/li>\n<li class=\"\" data-start=\"473\" data-end=\"516\">\n<p class=\"\" data-start=\"475\" data-end=\"516\"><strong data-start=\"475\" data-end=\"488\">Rociador:<\/strong> 25 cm con soporte a pared<\/p>\n<\/li>\n<li class=\"\" data-start=\"517\" data-end=\"617\">\n<p class=\"\" data-start=\"519\" data-end=\"617\"><strong data-start=\"519\" data-end=\"543\">Monomando de 3 v\u00edas:<\/strong> Incluye rociador efecto lluvia, alcachofa de mano y ca\u00f1o grifo de 21 cm<\/p>\n<\/li>\n<li class=\"\" data-start=\"618\" data-end=\"639\">\n<p class=\"\" data-start=\"620\" data-end=\"639\"><strong data-start=\"620\" data-end=\"630\">Flexo:<\/strong> PVC de 150 cm<\/p>\n<\/li>\n<li class=\"\" data-start=\"640\" data-end=\"678\">\n<p class=\"\" data-start=\"642\" data-end=\"678\"><strong data-start=\"642\" data-end=\"664\">Alcachofa de mano:<\/strong> PVC con soporte<\/p>\n<\/li>\n<li class=\"\" data-start=\"679\" data-end=\"706\">\n<p class=\"\" data-start=\"681\" data-end=\"706\"><strong data-start=\"681\" data-end=\"693\">Acabado:<\/strong> Negro mate<\/p>\n<\/li>\n<\/ul>\n","protected":false},"excerpt":{"rendered":"<p>Serie J\u00facar con l\u00ednea curvas y redondas aporta confort, elegancia y bienestar, perfecta para todo tipo de ba\u00f1os. Actualmente disponemos diferentes acabados cromados, acero cepillado, dorado cepilladlo, dorado envejecido, negro mate, blanco. Es una de nuestras series m\u00e1s completa, ya que tenemos una gran variedad Ducha empotrada donde puedes a\u00f1adir ca\u00f1o para el ba\u00f1o, grifo empotrado de lavabo, grifo de bid\u00e9, grifo t\u00f3tem empotrado de ba\u00f1era exenta. Todos nuestros modelos de grifer\u00eda empotrada incluyen la caja box con cartucho monomando y selector, soporte ducha, flexo y alcachofa de mano junto con el rociador.<\/p>\n<p>La garant\u00eda de todos nuestros productos es de 3 a\u00f1os, para funcionamiento, duraci\u00f3n del esmaltado y anticorrosi\u00f3n.<\/p>\n<p>Recomendamos para un correcto mantenimiento de la grifer\u00eda y evitar el deterioro por el uso. Secar las gotas de agua con un pa\u00f1o suave despu\u00e9s del uso, evitando que se posen en la superficie y deterioran el acabado, no utilizar esponjas que puedan rayar la grifer\u00eda, utilizar limpiadores como vinagre limpieza, agua caliente y jab\u00f3n con ph neutro.<\/p>\n<p>&nbsp;<\/p>\n<p><strong>Nuestro departamento\u00a0t\u00e9cnico\u00a0dispone de\u00a0gu\u00edas\u00a0de todos los\u00a0modelos\u00a0empotrados\u00a0que vendemos<\/strong><strong>,\u00a0si tiene alguna duda con la\u00a0instalaci\u00f3n\u00a0contacte con nosotros mediante\u00a0tel\u00e9fono,\u00a0WhatsApp\u00a0o email dentro del horario laboral indicado en la web.<\/strong><\/p>\n<p><strong>Recuerden que una vez instalado el cuerpo\u00a0empotrado\u00a0de la\u00a0grifer\u00eda\u00a0revisar de su correcto funcionamiento de paso de agua, comprobaci\u00f3n de cartuchos y corte de agua, si detecta alguna\u00a0anomal\u00eda\u00a0informe a nuestro\u00a0departamento\u00a0para darle una\u00a0soluci\u00f3n, no\u00a0contin\u00fae\u00a0con la\u00a0instalaci\u00f3n\u00a0de cerramiento de la pared.<\/strong><\/p>\n","protected":false},"featured_media":462,"template":"","meta":[],"product_brand":[],"product_cat":[57,61,47],"product_tag":[],"serie":[56],"manual-de-instalacion":[78],"color":[27],"class_list":{"0":"post-461","1":"product","2":"type-product","3":"status-publish","4":"has-post-thumbnail","6":"product_cat-duchas-empotradas","7":"product_cat-griferia-de-banera-empotrada","8":"product_cat-duchas","9":"pa_tamano-rociador-20cm","10":"pa_tamano-rociador-25cm","11":"pa_tamano-rociador-30cm","12":"serie-jucar","13":"manual-de-instalacion-guia-instalacion-duchas-empotradas-monomando","14":"color-negro-mate","16":"first","17":"instock","18":"taxable","19":"shipping-taxable","20":"product-type-variable"},"_links":{"self":[{"href":"https:\/\/www.valaz.es\/fr\/wp-json\/wp\/v2\/product\/461","targetHints":{"allow":["GET"]}}],"collection":[{"href":"https:\/\/www.valaz.es\/fr\/wp-json\/wp\/v2\/product"}],"about":[{"href":"https:\/\/www.valaz.es\/fr\/wp-json\/wp\/v2\/types\/product"}],"wp:featuredmedia":[{"embeddable":true,"href":"https:\/\/www.valaz.es\/fr\/wp-json\/wp\/v2\/media\/462"}],"wp:attachment":[{"href":"https:\/\/www.valaz.es\/fr\/wp-json\/wp\/v2\/media?parent=461"}],"wp:term":[{"taxonomy":"product_brand","embeddable":true,"href":"https:\/\/www.valaz.es\/fr\/wp-json\/wp\/v2\/product_brand?post=461"},{"taxonomy":"product_cat","embeddable":true,"href":"https:\/\/www.valaz.es\/fr\/wp-json\/wp\/v2\/product_cat?post=461"},{"taxonomy":"product_tag","embeddable":true,"href":"https:\/\/www.valaz.es\/fr\/wp-json\/wp\/v2\/product_tag?post=461"},{"taxonomy":"serie","embeddable":true,"href":"https:\/\/www.valaz.es\/fr\/wp-json\/wp\/v2\/serie?post=461"},{"taxonomy":"manual-de-instalacion","embeddable":true,"href":"https:\/\/www.valaz.es\/fr\/wp-json\/wp\/v2\/manual-de-instalacion?post=461"},{"taxonomy":"color","embeddable":true,"href":"https:\/\/www.valaz.es\/fr\/wp-json\/wp\/v2\/color?post=461"}],"curies":[{"name":"wp","href":"https:\/\/api.w.org\/{rel}","templated":true}]}}