{"id":4553,"date":"2022-12-15T16:33:16","date_gmt":"2022-12-15T15:33:16","guid":{"rendered":"https:\/\/www.valaz.es\/producto\/mitigeur-de-lavabo-monocommande-retro-vintage-serie-mijares\/"},"modified":"2022-12-15T16:33:16","modified_gmt":"2022-12-15T15:33:16","slug":"grifo-de-lavabo-monomando-redondo-retro-diseno-vintage-serie-mijares","status":"publish","type":"product","link":"https:\/\/www.valaz.es\/fr\/produit\/grifo-de-lavabo-monomando-redondo-retro-diseno-vintage-serie-mijares\/","title":{"rendered":"Mitigeur de lavabo monocommande r\u00e9tro vintage Serie Mijares"},"content":{"rendered":"<p>Mitigeur pour lavabo<br \/>\nCorps du robinet en laiton<br \/>\nCartouche c\u00e9ramique de 35 mm.<br \/>\nFlexible d&#8217;alimentation 3\/8<\/p>\n","protected":false},"excerpt":{"rendered":"<p>La s\u00e9rie Mijares se d\u00e9marque par son look r\u00e9tro avec une finition en or vieilli et c\u00e9ramique qui offre une \u00e9l\u00e9gance aux lignes conventionnelles.<\/p>\n<p>Nous avons des ensembles de douche, un robinet de lavabo haut et bas et baignoire autoportante.<\/p>\n<p>La garantie de tous nos produits est de 3 ans, pour le fonctionnement, la dur\u00e9e de l&#8217;\u00e9maillage et l&#8217;anti-corrosion.<\/p>\n<p>Nous recommandons un entretien correct pour \u00e9viter la d\u00e9t\u00e9rioration due \u00e0 l&#8217;utilisation. S\u00e9chez les gouttes d&#8217;eau apr\u00e8s utilisation, en \u00e9vitant qu&#8217;elles ne se d\u00e9posent sur la surface et d\u00e9t\u00e9riorent la finition N&#8217;utilisez pas d&#8217;\u00e9ponges qui peuvent rayer les robinets et utilisez des nettoyants tels que du vinaigre de nettoyage, de l&#8217;eau chaude et du savon au pH neutre.<\/p>\n<p><strong>Notre service technique dispose de guides pour tous nos mod\u00e8les encastrables.Si vous avez des questions sur l&#8217;installation, contactez-nous par t\u00e9l\u00e9phone, WhatsApp ou par e-mail.<\/strong><\/p>\n<p><strong>N&#8217;oubliez pas qu&#8217;une fois le corps encastrable du robinet est install\u00e9, vous devez v\u00e9rifier son bon fonctionnement (passage d&#8217;eau, cartouche&#8230;), si vous d\u00e9tectez une anomalie, contactez-nous pour vous aider, ne continuez pas avec l&#8217;installation.<\/strong><\/p>\n","protected":false},"featured_media":3252,"template":"","meta":[],"product_brand":[],"product_cat":[276],"product_tag":[],"serie":[174],"manual-de-instalacion":[216],"color":[299],"class_list":{"0":"post-4553","1":"product","2":"type-product","3":"status-publish","4":"has-post-thumbnail","6":"product_cat-robinets-de-bassin","7":"serie-mijares-fr","8":"manual-de-instalacion-guia-instalacion-grifo-superficie-fr","9":"color-dorado-envejecido-fr","11":"first","12":"instock","13":"taxable","14":"shipping-taxable","15":"product-type-simple"},"_links":{"self":[{"href":"https:\/\/www.valaz.es\/fr\/wp-json\/wp\/v2\/product\/4553","targetHints":{"allow":["GET"]}}],"collection":[{"href":"https:\/\/www.valaz.es\/fr\/wp-json\/wp\/v2\/product"}],"about":[{"href":"https:\/\/www.valaz.es\/fr\/wp-json\/wp\/v2\/types\/product"}],"wp:featuredmedia":[{"embeddable":true,"href":"https:\/\/www.valaz.es\/fr\/wp-json\/wp\/v2\/media\/3252"}],"wp:attachment":[{"href":"https:\/\/www.valaz.es\/fr\/wp-json\/wp\/v2\/media?parent=4553"}],"wp:term":[{"taxonomy":"product_brand","embeddable":true,"href":"https:\/\/www.valaz.es\/fr\/wp-json\/wp\/v2\/product_brand?post=4553"},{"taxonomy":"product_cat","embeddable":true,"href":"https:\/\/www.valaz.es\/fr\/wp-json\/wp\/v2\/product_cat?post=4553"},{"taxonomy":"product_tag","embeddable":true,"href":"https:\/\/www.valaz.es\/fr\/wp-json\/wp\/v2\/product_tag?post=4553"},{"taxonomy":"serie","embeddable":true,"href":"https:\/\/www.valaz.es\/fr\/wp-json\/wp\/v2\/serie?post=4553"},{"taxonomy":"manual-de-instalacion","embeddable":true,"href":"https:\/\/www.valaz.es\/fr\/wp-json\/wp\/v2\/manual-de-instalacion?post=4553"},{"taxonomy":"color","embeddable":true,"href":"https:\/\/www.valaz.es\/fr\/wp-json\/wp\/v2\/color?post=4553"}],"curies":[{"name":"wp","href":"https:\/\/api.w.org\/{rel}","templated":true}]}}