{"id":4411,"date":"2023-03-15T13:18:54","date_gmt":"2023-03-15T12:18:54","guid":{"rendered":"https:\/\/www.valaz.es\/?post_type=product&#038;p=4411"},"modified":"2025-10-21T11:54:22","modified_gmt":"2025-10-21T09:54:22","slug":"percha-de-bano-redonda-en-cromado","status":"publish","type":"product","link":"https:\/\/www.valaz.es\/fr\/produit\/percha-de-bano-redonda-en-cromado\/","title":{"rendered":"Percha de ba\u00f1o redonda en cromado"},"content":{"rendered":"<p class=\"\" data-start=\"96\" data-end=\"325\">A\u00f1ade un toque de funcionalidad y estilo a tu ba\u00f1o con esta percha redonda en acabado cromado. Su dise\u00f1o discreto y elegante permite colgar toallas, albornoces u otros accesorios de manera pr\u00e1ctica y organizada.<\/p>\n<p class=\"\" data-start=\"327\" data-end=\"349\"><strong data-start=\"327\" data-end=\"347\">Especificaciones<\/strong><\/p>\n<ul data-start=\"350\" data-end=\"510\">\n<li class=\"\" data-start=\"350\" data-end=\"374\">\n<p class=\"\" data-start=\"352\" data-end=\"374\">Tipo: percha de ba\u00f1o<\/p>\n<\/li>\n<li class=\"\" data-start=\"375\" data-end=\"394\">\n<p class=\"\" data-start=\"377\" data-end=\"394\">Dise\u00f1o: redondo<\/p>\n<\/li>\n<li class=\"\" data-start=\"395\" data-end=\"432\">\n<p class=\"\" data-start=\"397\" data-end=\"432\">Material: acero inoxidable SUS304<\/p>\n<\/li>\n<li class=\"\" data-start=\"433\" data-end=\"453\">\n<p class=\"\" data-start=\"435\" data-end=\"453\">Acabado: cromado<\/p>\n<\/li>\n<li class=\"\" data-start=\"454\" data-end=\"510\">\n<p class=\"\" data-start=\"456\" data-end=\"510\">Instalaci\u00f3n: fijaci\u00f3n a pared con torniller\u00eda incluida<\/p>\n<\/li>\n<\/ul>\n","protected":false},"excerpt":{"rendered":"<p>A\u00f1ade un toque de funcionalidad y estilo a tu ba\u00f1o  [&#8230;]<\/p>\n","protected":false},"featured_media":4412,"template":"","meta":[],"product_brand":[],"product_cat":[388],"product_tag":[],"serie":[],"manual-de-instalacion":[],"color":[26],"class_list":{"0":"post-4411","1":"product","2":"type-product","3":"status-publish","4":"has-post-thumbnail","6":"product_cat-accesorios-2","7":"color-cromo","9":"first","10":"instock","11":"taxable","12":"shipping-taxable","13":"product-type-simple"},"_links":{"self":[{"href":"https:\/\/www.valaz.es\/fr\/wp-json\/wp\/v2\/product\/4411","targetHints":{"allow":["GET"]}}],"collection":[{"href":"https:\/\/www.valaz.es\/fr\/wp-json\/wp\/v2\/product"}],"about":[{"href":"https:\/\/www.valaz.es\/fr\/wp-json\/wp\/v2\/types\/product"}],"wp:featuredmedia":[{"embeddable":true,"href":"https:\/\/www.valaz.es\/fr\/wp-json\/wp\/v2\/media\/4412"}],"wp:attachment":[{"href":"https:\/\/www.valaz.es\/fr\/wp-json\/wp\/v2\/media?parent=4411"}],"wp:term":[{"taxonomy":"product_brand","embeddable":true,"href":"https:\/\/www.valaz.es\/fr\/wp-json\/wp\/v2\/product_brand?post=4411"},{"taxonomy":"product_cat","embeddable":true,"href":"https:\/\/www.valaz.es\/fr\/wp-json\/wp\/v2\/product_cat?post=4411"},{"taxonomy":"product_tag","embeddable":true,"href":"https:\/\/www.valaz.es\/fr\/wp-json\/wp\/v2\/product_tag?post=4411"},{"taxonomy":"serie","embeddable":true,"href":"https:\/\/www.valaz.es\/fr\/wp-json\/wp\/v2\/serie?post=4411"},{"taxonomy":"manual-de-instalacion","embeddable":true,"href":"https:\/\/www.valaz.es\/fr\/wp-json\/wp\/v2\/manual-de-instalacion?post=4411"},{"taxonomy":"color","embeddable":true,"href":"https:\/\/www.valaz.es\/fr\/wp-json\/wp\/v2\/color?post=4411"}],"curies":[{"name":"wp","href":"https:\/\/api.w.org\/{rel}","templated":true}]}}