{"id":4398,"date":"2023-03-15T13:09:11","date_gmt":"2023-03-15T12:09:11","guid":{"rendered":"https:\/\/www.valaz.es\/?post_type=product&#038;p=4398"},"modified":"2026-01-14T13:23:07","modified_gmt":"2026-01-14T12:23:07","slug":"percha-de-bano-redonda-en-acero-cepillado","status":"publish","type":"product","link":"https:\/\/www.valaz.es\/fr\/produit\/percha-de-bano-redonda-en-acero-cepillado\/","title":{"rendered":"Percha de ba\u00f1o redonda en acero cepillado"},"content":{"rendered":"<p class=\"\" data-start=\"130\" data-end=\"377\">Una soluci\u00f3n elegante y funcional para mantener el orden en tu ba\u00f1o. Esta percha redonda en acero cepillado combina dise\u00f1o moderno con resistencia, ideal para colgar toallas, albornoces o accesorios de forma pr\u00e1ctica y accesible.<\/p>\n<p class=\"\" data-start=\"379\" data-end=\"401\"><strong data-start=\"379\" data-end=\"399\">Especificaciones<\/strong><\/p>\n<ul data-start=\"402\" data-end=\"570\">\n<li class=\"\" data-start=\"402\" data-end=\"426\">\n<p class=\"\" data-start=\"404\" data-end=\"426\">Tipo: percha de ba\u00f1o<\/p>\n<\/li>\n<li class=\"\" data-start=\"427\" data-end=\"446\">\n<p class=\"\" data-start=\"429\" data-end=\"446\">Dise\u00f1o: redondo<\/p>\n<\/li>\n<li class=\"\" data-start=\"447\" data-end=\"484\">\n<p class=\"\" data-start=\"449\" data-end=\"484\">Material: acero inoxidable SUS304<\/p>\n<\/li>\n<li class=\"\" data-start=\"485\" data-end=\"513\">\n<p class=\"\" data-start=\"487\" data-end=\"513\">Acabado: acero cepillado<\/p>\n<\/li>\n<li class=\"\" data-start=\"514\" data-end=\"570\">\n<p class=\"\" data-start=\"516\" data-end=\"570\">Instalaci\u00f3n: fijaci\u00f3n a pared con torniller\u00eda incluida<\/p>\n<\/li>\n<\/ul>\n","protected":false},"excerpt":{"rendered":"<p>Una soluci\u00f3n elegante y funcional para mantener el orden en  [&#8230;]<\/p>\n","protected":false},"featured_media":4399,"template":"","meta":[],"product_brand":[],"product_cat":[388],"product_tag":[],"serie":[],"manual-de-instalacion":[],"color":[28],"class_list":{"0":"post-4398","1":"product","2":"type-product","3":"status-publish","4":"has-post-thumbnail","6":"product_cat-accesorios-2","7":"color-acero-cepillado","9":"first","10":"instock","11":"taxable","12":"shipping-taxable","13":"product-type-simple"},"_links":{"self":[{"href":"https:\/\/www.valaz.es\/fr\/wp-json\/wp\/v2\/product\/4398","targetHints":{"allow":["GET"]}}],"collection":[{"href":"https:\/\/www.valaz.es\/fr\/wp-json\/wp\/v2\/product"}],"about":[{"href":"https:\/\/www.valaz.es\/fr\/wp-json\/wp\/v2\/types\/product"}],"wp:featuredmedia":[{"embeddable":true,"href":"https:\/\/www.valaz.es\/fr\/wp-json\/wp\/v2\/media\/4399"}],"wp:attachment":[{"href":"https:\/\/www.valaz.es\/fr\/wp-json\/wp\/v2\/media?parent=4398"}],"wp:term":[{"taxonomy":"product_brand","embeddable":true,"href":"https:\/\/www.valaz.es\/fr\/wp-json\/wp\/v2\/product_brand?post=4398"},{"taxonomy":"product_cat","embeddable":true,"href":"https:\/\/www.valaz.es\/fr\/wp-json\/wp\/v2\/product_cat?post=4398"},{"taxonomy":"product_tag","embeddable":true,"href":"https:\/\/www.valaz.es\/fr\/wp-json\/wp\/v2\/product_tag?post=4398"},{"taxonomy":"serie","embeddable":true,"href":"https:\/\/www.valaz.es\/fr\/wp-json\/wp\/v2\/serie?post=4398"},{"taxonomy":"manual-de-instalacion","embeddable":true,"href":"https:\/\/www.valaz.es\/fr\/wp-json\/wp\/v2\/manual-de-instalacion?post=4398"},{"taxonomy":"color","embeddable":true,"href":"https:\/\/www.valaz.es\/fr\/wp-json\/wp\/v2\/color?post=4398"}],"curies":[{"name":"wp","href":"https:\/\/api.w.org\/{rel}","templated":true}]}}