{"id":4380,"date":"2022-11-09T10:39:51","date_gmt":"2022-11-09T09:39:51","guid":{"rendered":"https:\/\/www.valaz.es\/producto\/mitigeur-pour-vasque-a-poser-rond-dore-brosse-serie-jabalon\/"},"modified":"2023-03-14T12:18:41","modified_gmt":"2023-03-14T11:18:41","slug":"grifo-de-lavabo-alto-pica-monomando-redondo-dorado-cepillado-serie-jabalon","status":"publish","type":"product","link":"https:\/\/www.valaz.es\/fr\/produit\/grifo-de-lavabo-alto-pica-monomando-redondo-dorado-cepillado-serie-jabalon\/","title":{"rendered":"Mitigeur pour vasque \u00e0 poser rond dor\u00e9 bross\u00e9 serie Jabalon"},"content":{"rendered":"<p>Mitigeur pour vasque \u00e0 poser<br \/>\nCorps du robinet laiton. Couleur dor\u00e9 bross\u00e9<br \/>\nCartouche c\u00e9ramique de 35 mm.<br \/>\nFlexible d&#8217;alimentation 3\/8 compris<\/p>\n","protected":false},"excerpt":{"rendered":"<p>Mitigeur pour vasque \u00e0 poser Corps du robinet laiton. Couleur  [&#8230;]<\/p>\n","protected":false},"featured_media":6454,"template":"","meta":[],"product_brand":[],"product_cat":[276],"product_tag":[],"serie":[154],"manual-de-instalacion":[216],"color":[297],"class_list":{"0":"post-4380","1":"product","2":"type-product","3":"status-publish","4":"has-post-thumbnail","6":"product_cat-robinets-de-bassin","7":"serie-jabalon-fr","8":"manual-de-instalacion-guia-instalacion-grifo-superficie-fr","9":"color-dorado-cepillado-fr","11":"first","12":"instock","13":"taxable","14":"shipping-taxable","15":"product-type-simple"},"_links":{"self":[{"href":"https:\/\/www.valaz.es\/fr\/wp-json\/wp\/v2\/product\/4380","targetHints":{"allow":["GET"]}}],"collection":[{"href":"https:\/\/www.valaz.es\/fr\/wp-json\/wp\/v2\/product"}],"about":[{"href":"https:\/\/www.valaz.es\/fr\/wp-json\/wp\/v2\/types\/product"}],"wp:featuredmedia":[{"embeddable":true,"href":"https:\/\/www.valaz.es\/fr\/wp-json\/wp\/v2\/media\/6454"}],"wp:attachment":[{"href":"https:\/\/www.valaz.es\/fr\/wp-json\/wp\/v2\/media?parent=4380"}],"wp:term":[{"taxonomy":"product_brand","embeddable":true,"href":"https:\/\/www.valaz.es\/fr\/wp-json\/wp\/v2\/product_brand?post=4380"},{"taxonomy":"product_cat","embeddable":true,"href":"https:\/\/www.valaz.es\/fr\/wp-json\/wp\/v2\/product_cat?post=4380"},{"taxonomy":"product_tag","embeddable":true,"href":"https:\/\/www.valaz.es\/fr\/wp-json\/wp\/v2\/product_tag?post=4380"},{"taxonomy":"serie","embeddable":true,"href":"https:\/\/www.valaz.es\/fr\/wp-json\/wp\/v2\/serie?post=4380"},{"taxonomy":"manual-de-instalacion","embeddable":true,"href":"https:\/\/www.valaz.es\/fr\/wp-json\/wp\/v2\/manual-de-instalacion?post=4380"},{"taxonomy":"color","embeddable":true,"href":"https:\/\/www.valaz.es\/fr\/wp-json\/wp\/v2\/color?post=4380"}],"curies":[{"name":"wp","href":"https:\/\/api.w.org\/{rel}","templated":true}]}}