{"id":4356,"date":"2022-12-15T12:29:47","date_gmt":"2022-12-15T11:29:47","guid":{"rendered":"https:\/\/www.valaz.es\/producto\/mitigeur-pour-bidet-poignee-carree-avec-trou-chrome-serie-guadalete\/"},"modified":"2022-12-15T12:29:47","modified_gmt":"2022-12-15T11:29:47","slug":"grifo-de-bidet-monomando-cuadrado-cromado-con-maneta-hueca-serie-guadalete","status":"publish","type":"product","link":"https:\/\/www.valaz.es\/fr\/produit\/grifo-de-bidet-monomando-cuadrado-cromado-con-maneta-hueca-serie-guadalete\/","title":{"rendered":"Mitigeur pour bidet poign\u00e9e carr\u00e9e avec trou chrom\u00e9 serie Guadalete"},"content":{"rendered":"<p>Mitigeur pour bidet<br \/>\nCartouche c\u00e9ramique de 35 mm.<br \/>\nFlexible d&#8217;alimentation 3\/8<\/p>\n","protected":false},"excerpt":{"rendered":"<p>Mitigeur pour bidet Cartouche c\u00e9ramique de 35 mm. Flexible d&#8217;alimentation  [&#8230;]<\/p>\n","protected":false},"featured_media":3030,"template":"","meta":[],"product_brand":[],"product_cat":[267],"product_tag":[],"serie":[144],"manual-de-instalacion":[],"color":[293],"class_list":{"0":"post-4356","1":"product","2":"type-product","3":"status-publish","4":"has-post-thumbnail","6":"product_cat-robinets-de-bidet","7":"serie-guadalete-fr","8":"color-cromo-fr","10":"first","11":"instock","12":"taxable","13":"shipping-taxable","14":"product-type-simple"},"_links":{"self":[{"href":"https:\/\/www.valaz.es\/fr\/wp-json\/wp\/v2\/product\/4356","targetHints":{"allow":["GET"]}}],"collection":[{"href":"https:\/\/www.valaz.es\/fr\/wp-json\/wp\/v2\/product"}],"about":[{"href":"https:\/\/www.valaz.es\/fr\/wp-json\/wp\/v2\/types\/product"}],"wp:featuredmedia":[{"embeddable":true,"href":"https:\/\/www.valaz.es\/fr\/wp-json\/wp\/v2\/media\/3030"}],"wp:attachment":[{"href":"https:\/\/www.valaz.es\/fr\/wp-json\/wp\/v2\/media?parent=4356"}],"wp:term":[{"taxonomy":"product_brand","embeddable":true,"href":"https:\/\/www.valaz.es\/fr\/wp-json\/wp\/v2\/product_brand?post=4356"},{"taxonomy":"product_cat","embeddable":true,"href":"https:\/\/www.valaz.es\/fr\/wp-json\/wp\/v2\/product_cat?post=4356"},{"taxonomy":"product_tag","embeddable":true,"href":"https:\/\/www.valaz.es\/fr\/wp-json\/wp\/v2\/product_tag?post=4356"},{"taxonomy":"serie","embeddable":true,"href":"https:\/\/www.valaz.es\/fr\/wp-json\/wp\/v2\/serie?post=4356"},{"taxonomy":"manual-de-instalacion","embeddable":true,"href":"https:\/\/www.valaz.es\/fr\/wp-json\/wp\/v2\/manual-de-instalacion?post=4356"},{"taxonomy":"color","embeddable":true,"href":"https:\/\/www.valaz.es\/fr\/wp-json\/wp\/v2\/color?post=4356"}],"curies":[{"name":"wp","href":"https:\/\/api.w.org\/{rel}","templated":true}]}}