{"id":4354,"date":"2022-12-15T12:37:35","date_gmt":"2022-12-15T11:37:35","guid":{"rendered":"https:\/\/www.valaz.es\/producto\/mitigeur-pour-vasque-a-poser-poignee-carree-avec-trou-chrome-serie-guadalete\/"},"modified":"2022-12-15T12:37:35","modified_gmt":"2022-12-15T11:37:35","slug":"grifo-de-lavabo-alto-pica-monomando-cuadrado-cromado-maneta-hueca-serie-guadalete","status":"publish","type":"product","link":"https:\/\/www.valaz.es\/fr\/produit\/grifo-de-lavabo-alto-pica-monomando-cuadrado-cromado-maneta-hueca-serie-guadalete\/","title":{"rendered":"Mitigeur pour vasque \u00e0 poser poign\u00e9e carr\u00e9e avec trou chrom\u00e9 serie Guadalete"},"content":{"rendered":"<p>Mitigeur pour vasque \u00e0 poser<br \/>\nCorps du robinet laiton chrom\u00e9<br \/>\nCartouche c\u00e9ramique de 35 mm.<br \/>\nFlexible d&#8217;alimentation 3\/8 compris<\/p>\n","protected":false},"excerpt":{"rendered":"<p>Mitigeur pour vasque \u00e0 poser Corps du robinet laiton chrom\u00e9  [&#8230;]<\/p>\n","protected":false},"featured_media":3043,"template":"","meta":[],"product_brand":[],"product_cat":[276],"product_tag":[],"serie":[144],"manual-de-instalacion":[],"color":[293],"class_list":{"0":"post-4354","1":"product","2":"type-product","3":"status-publish","4":"has-post-thumbnail","6":"product_cat-robinets-de-bassin","7":"serie-guadalete-fr","8":"color-cromo-fr","10":"first","11":"instock","12":"taxable","13":"shipping-taxable","14":"product-type-simple"},"_links":{"self":[{"href":"https:\/\/www.valaz.es\/fr\/wp-json\/wp\/v2\/product\/4354","targetHints":{"allow":["GET"]}}],"collection":[{"href":"https:\/\/www.valaz.es\/fr\/wp-json\/wp\/v2\/product"}],"about":[{"href":"https:\/\/www.valaz.es\/fr\/wp-json\/wp\/v2\/types\/product"}],"wp:featuredmedia":[{"embeddable":true,"href":"https:\/\/www.valaz.es\/fr\/wp-json\/wp\/v2\/media\/3043"}],"wp:attachment":[{"href":"https:\/\/www.valaz.es\/fr\/wp-json\/wp\/v2\/media?parent=4354"}],"wp:term":[{"taxonomy":"product_brand","embeddable":true,"href":"https:\/\/www.valaz.es\/fr\/wp-json\/wp\/v2\/product_brand?post=4354"},{"taxonomy":"product_cat","embeddable":true,"href":"https:\/\/www.valaz.es\/fr\/wp-json\/wp\/v2\/product_cat?post=4354"},{"taxonomy":"product_tag","embeddable":true,"href":"https:\/\/www.valaz.es\/fr\/wp-json\/wp\/v2\/product_tag?post=4354"},{"taxonomy":"serie","embeddable":true,"href":"https:\/\/www.valaz.es\/fr\/wp-json\/wp\/v2\/serie?post=4354"},{"taxonomy":"manual-de-instalacion","embeddable":true,"href":"https:\/\/www.valaz.es\/fr\/wp-json\/wp\/v2\/manual-de-instalacion?post=4354"},{"taxonomy":"color","embeddable":true,"href":"https:\/\/www.valaz.es\/fr\/wp-json\/wp\/v2\/color?post=4354"}],"curies":[{"name":"wp","href":"https:\/\/api.w.org\/{rel}","templated":true}]}}