{"id":4276,"date":"2022-12-22T13:49:43","date_gmt":"2022-12-22T12:49:43","guid":{"rendered":"https:\/\/www.valaz.es\/producto\/robinet-encastrable-pour-lavabo-monocommande-carre-chrome-serie-esla\/"},"modified":"2022-12-22T13:49:43","modified_gmt":"2022-12-22T12:49:43","slug":"grifo-empotrado-de-lavabo-monomando-cuadrada-cromado-serie-esla","status":"publish","type":"product","link":"https:\/\/www.valaz.es\/fr\/produit\/grifo-empotrado-de-lavabo-monomando-cuadrada-cromado-serie-esla\/","title":{"rendered":"Robinet encastrable pour lavabo monocommande carr\u00e9 chrom\u00e9 serie Esla"},"content":{"rendered":"<p>Comprend: Corps du robinet laiton, cartouche en c\u00e9ramique, mitigeur d&#8217;eau froide et chaude. Bec 21 cm.<\/p>\n<p>Finitions: chrom\u00e9<\/p>\n","protected":false},"excerpt":{"rendered":"<p>Comprend: Corps du robinet laiton, cartouche en c\u00e9ramique, mitigeur d&#8217;eau  [&#8230;]<\/p>\n","protected":false},"featured_media":3377,"template":"","meta":[],"product_brand":[],"product_cat":[276,273],"product_tag":[],"serie":[324],"manual-de-instalacion":[217],"color":[293],"class_list":{"0":"post-4276","1":"product","2":"type-product","3":"status-publish","4":"has-post-thumbnail","6":"product_cat-robinets-de-bassin","7":"product_cat-robinets-de-bassin-integres","8":"serie-esla-fr","9":"manual-de-instalacion-guia-instalacion-grifo-lavabo-empotrado-sin-caja-fr","10":"color-cromo-fr","12":"first","13":"instock","14":"taxable","15":"shipping-taxable","16":"product-type-simple"},"_links":{"self":[{"href":"https:\/\/www.valaz.es\/fr\/wp-json\/wp\/v2\/product\/4276","targetHints":{"allow":["GET"]}}],"collection":[{"href":"https:\/\/www.valaz.es\/fr\/wp-json\/wp\/v2\/product"}],"about":[{"href":"https:\/\/www.valaz.es\/fr\/wp-json\/wp\/v2\/types\/product"}],"wp:featuredmedia":[{"embeddable":true,"href":"https:\/\/www.valaz.es\/fr\/wp-json\/wp\/v2\/media\/3377"}],"wp:attachment":[{"href":"https:\/\/www.valaz.es\/fr\/wp-json\/wp\/v2\/media?parent=4276"}],"wp:term":[{"taxonomy":"product_brand","embeddable":true,"href":"https:\/\/www.valaz.es\/fr\/wp-json\/wp\/v2\/product_brand?post=4276"},{"taxonomy":"product_cat","embeddable":true,"href":"https:\/\/www.valaz.es\/fr\/wp-json\/wp\/v2\/product_cat?post=4276"},{"taxonomy":"product_tag","embeddable":true,"href":"https:\/\/www.valaz.es\/fr\/wp-json\/wp\/v2\/product_tag?post=4276"},{"taxonomy":"serie","embeddable":true,"href":"https:\/\/www.valaz.es\/fr\/wp-json\/wp\/v2\/serie?post=4276"},{"taxonomy":"manual-de-instalacion","embeddable":true,"href":"https:\/\/www.valaz.es\/fr\/wp-json\/wp\/v2\/manual-de-instalacion?post=4276"},{"taxonomy":"color","embeddable":true,"href":"https:\/\/www.valaz.es\/fr\/wp-json\/wp\/v2\/color?post=4276"}],"curies":[{"name":"wp","href":"https:\/\/api.w.org\/{rel}","templated":true}]}}