{"id":4264,"date":"2022-12-22T13:29:49","date_gmt":"2022-12-22T12:29:49","guid":{"rendered":"https:\/\/www.valaz.es\/producto\/douche-encastrable-monocommande-oval-carree-mural-noir-mat-serie-esla\/"},"modified":"2022-12-22T13:29:49","modified_gmt":"2022-12-22T12:29:49","slug":"ducha-empotrada-monomando-a-pared-ovalada-cuadrada-a-pared-negro-mate-serie-esla","status":"publish","type":"product","link":"https:\/\/www.valaz.es\/fr\/produit\/ducha-empotrada-monomando-a-pared-ovalada-cuadrada-a-pared-negro-mate-serie-esla\/","title":{"rendered":"Douche encastrable monocommande oval\/carr\u00e9e mural noir mat serie Esla"},"content":{"rendered":"<p>Comprend: pommeau de douche disponible en 20\u00d720, 25\u00d725 et 30\u00d730 avec support au mur, mitigeur 2 voies (pommeau de douche effet pluie et douchette) ef flexible de 150cm.<\/p>\n<p>Mat\u00e9riaux: Pommeau de douche en acier inoxydable, mitigeur en laiton, douchette en PVC et flexible en acier inoxydable.<\/p>\n<p>Finitions: Couleur noir mat.<\/p>\n<p>Fonctions: Douche avec fonction effet pluie et douchette.<\/p>\n","protected":false},"excerpt":{"rendered":"<p>Comprend: pommeau de douche disponible en 20\u00d720, 25\u00d725 et 30\u00d730  [&#8230;]<\/p>\n","protected":false},"featured_media":3393,"template":"","meta":[],"product_brand":[],"product_cat":[262,258],"product_tag":[],"serie":[324],"manual-de-instalacion":[227],"color":[308],"class_list":{"0":"post-4264","1":"product","2":"type-product","3":"status-publish","4":"has-post-thumbnail","6":"product_cat-douches-a-litalienne","7":"product_cat-douches","8":"pa_tamano-rociador-20cm-fr","9":"pa_tamano-rociador-25cm-fr","10":"pa_tamano-rociador-30cm-fr","11":"pa_tamano-rociador-40cm-fr","12":"serie-esla-fr","13":"manual-de-instalacion-guia-instalacion-duchas-empotradas-monomando-fr","14":"color-negro-mate-fr","16":"first","17":"instock","18":"taxable","19":"shipping-taxable","20":"product-type-variable"},"_links":{"self":[{"href":"https:\/\/www.valaz.es\/fr\/wp-json\/wp\/v2\/product\/4264","targetHints":{"allow":["GET"]}}],"collection":[{"href":"https:\/\/www.valaz.es\/fr\/wp-json\/wp\/v2\/product"}],"about":[{"href":"https:\/\/www.valaz.es\/fr\/wp-json\/wp\/v2\/types\/product"}],"wp:featuredmedia":[{"embeddable":true,"href":"https:\/\/www.valaz.es\/fr\/wp-json\/wp\/v2\/media\/3393"}],"wp:attachment":[{"href":"https:\/\/www.valaz.es\/fr\/wp-json\/wp\/v2\/media?parent=4264"}],"wp:term":[{"taxonomy":"product_brand","embeddable":true,"href":"https:\/\/www.valaz.es\/fr\/wp-json\/wp\/v2\/product_brand?post=4264"},{"taxonomy":"product_cat","embeddable":true,"href":"https:\/\/www.valaz.es\/fr\/wp-json\/wp\/v2\/product_cat?post=4264"},{"taxonomy":"product_tag","embeddable":true,"href":"https:\/\/www.valaz.es\/fr\/wp-json\/wp\/v2\/product_tag?post=4264"},{"taxonomy":"serie","embeddable":true,"href":"https:\/\/www.valaz.es\/fr\/wp-json\/wp\/v2\/serie?post=4264"},{"taxonomy":"manual-de-instalacion","embeddable":true,"href":"https:\/\/www.valaz.es\/fr\/wp-json\/wp\/v2\/manual-de-instalacion?post=4264"},{"taxonomy":"color","embeddable":true,"href":"https:\/\/www.valaz.es\/fr\/wp-json\/wp\/v2\/color?post=4264"}],"curies":[{"name":"wp","href":"https:\/\/api.w.org\/{rel}","templated":true}]}}