{"id":4177,"date":"2022-11-11T13:29:01","date_gmt":"2022-11-11T12:29:01","guid":{"rendered":"https:\/\/www.valaz.es\/producto\/colonne-de-douche-baignoire-thermostatique-acier-brosse-serie-ebro\/"},"modified":"2022-11-11T13:29:01","modified_gmt":"2022-11-11T12:29:01","slug":"barra-de-ducha-banera-termostatica-redonda-acero-cepillado-serie-ebro","status":"publish","type":"product","link":"https:\/\/www.valaz.es\/fr\/produit\/barra-de-ducha-banera-termostatica-redonda-acero-cepillado-serie-ebro\/","title":{"rendered":"Colonne de douche\/baignoire thermostatique acier brosse Serie Ebro"},"content":{"rendered":"<p>Colonne de douche\/baignoire ronde chrom\u00e9<\/p>\n<p>Couleur: acier bross\u00e9<\/p>\n<p>Mat\u00e9riaux: corps du robinet laiton, pommeau de douche et flexible en acier inoxydable et douchette en PVC.<\/p>\n<p>Hauteur r\u00e9glable de 90 a 150 cm.<\/p>\n","protected":false},"excerpt":{"rendered":"<p>Colonne de douche\/baignoire ronde chrom\u00e9 Couleur: acier bross\u00e9 Mat\u00e9riaux: corps  [&#8230;]<\/p>\n","protected":false},"featured_media":2334,"template":"","meta":[],"product_brand":[],"product_cat":[261,258],"product_tag":[],"serie":[137],"manual-de-instalacion":[],"color":[283],"class_list":{"0":"post-4177","1":"product","2":"type-product","3":"status-publish","4":"has-post-thumbnail","6":"product_cat-barres-de-douche","7":"product_cat-douches","8":"pa_tamano-rociador-20cm-fr","9":"pa_tamano-rociador-25cm-fr","10":"pa_tamano-rociador-30cm-fr","11":"serie-ebro-fr","12":"color-acero-cepillado-fr","14":"first","15":"instock","16":"taxable","17":"shipping-taxable","18":"product-type-variable"},"_links":{"self":[{"href":"https:\/\/www.valaz.es\/fr\/wp-json\/wp\/v2\/product\/4177","targetHints":{"allow":["GET"]}}],"collection":[{"href":"https:\/\/www.valaz.es\/fr\/wp-json\/wp\/v2\/product"}],"about":[{"href":"https:\/\/www.valaz.es\/fr\/wp-json\/wp\/v2\/types\/product"}],"wp:featuredmedia":[{"embeddable":true,"href":"https:\/\/www.valaz.es\/fr\/wp-json\/wp\/v2\/media\/2334"}],"wp:attachment":[{"href":"https:\/\/www.valaz.es\/fr\/wp-json\/wp\/v2\/media?parent=4177"}],"wp:term":[{"taxonomy":"product_brand","embeddable":true,"href":"https:\/\/www.valaz.es\/fr\/wp-json\/wp\/v2\/product_brand?post=4177"},{"taxonomy":"product_cat","embeddable":true,"href":"https:\/\/www.valaz.es\/fr\/wp-json\/wp\/v2\/product_cat?post=4177"},{"taxonomy":"product_tag","embeddable":true,"href":"https:\/\/www.valaz.es\/fr\/wp-json\/wp\/v2\/product_tag?post=4177"},{"taxonomy":"serie","embeddable":true,"href":"https:\/\/www.valaz.es\/fr\/wp-json\/wp\/v2\/serie?post=4177"},{"taxonomy":"manual-de-instalacion","embeddable":true,"href":"https:\/\/www.valaz.es\/fr\/wp-json\/wp\/v2\/manual-de-instalacion?post=4177"},{"taxonomy":"color","embeddable":true,"href":"https:\/\/www.valaz.es\/fr\/wp-json\/wp\/v2\/color?post=4177"}],"curies":[{"name":"wp","href":"https:\/\/api.w.org\/{rel}","templated":true}]}}