{"id":4164,"date":"2022-11-14T13:30:56","date_gmt":"2022-11-14T12:30:56","guid":{"rendered":"https:\/\/www.valaz.es\/producto\/robinet-encastrable-pour-lavabo-dore-brosse-serie-duero\/"},"modified":"2022-11-14T13:30:56","modified_gmt":"2022-11-14T12:30:56","slug":"grifo-de-lavabo-empotrado-redondo-monomando-dorado-cepillado-serie-duero","status":"publish","type":"product","link":"https:\/\/www.valaz.es\/fr\/produit\/grifo-de-lavabo-empotrado-redondo-monomando-dorado-cepillado-serie-duero\/","title":{"rendered":"Robinet encastrable pour lavabo dor\u00e9 bross\u00e9 Serie Duero"},"content":{"rendered":"<p>Comprend: Corps du robinet laiton, cartouche en c\u00e9ramique, mitigeur d&#8217;eau froide et chaude. Bec 21 cm.<\/p>\n<p><span class=\"a-list-item\">Finition: Dor\u00e9 bross\u00e9<\/span><\/p>\n","protected":false},"excerpt":{"rendered":"<p>Comprend: Corps du robinet laiton, cartouche en c\u00e9ramique, mitigeur d&#8217;eau  [&#8230;]<\/p>\n","protected":false},"featured_media":2421,"template":"","meta":[],"product_brand":[],"product_cat":[276,273],"product_tag":[],"serie":[134],"manual-de-instalacion":[222],"color":[297],"class_list":{"0":"post-4164","1":"product","2":"type-product","3":"status-publish","4":"has-post-thumbnail","6":"product_cat-robinets-de-bassin","7":"product_cat-robinets-de-bassin-integres","8":"serie-duero-fr","9":"manual-de-instalacion-guia-instalacion-grifo-lavabo-empotrado-con-caja-fr","10":"color-dorado-cepillado-fr","12":"first","13":"instock","14":"taxable","15":"shipping-taxable","16":"product-type-simple"},"_links":{"self":[{"href":"https:\/\/www.valaz.es\/fr\/wp-json\/wp\/v2\/product\/4164","targetHints":{"allow":["GET"]}}],"collection":[{"href":"https:\/\/www.valaz.es\/fr\/wp-json\/wp\/v2\/product"}],"about":[{"href":"https:\/\/www.valaz.es\/fr\/wp-json\/wp\/v2\/types\/product"}],"wp:featuredmedia":[{"embeddable":true,"href":"https:\/\/www.valaz.es\/fr\/wp-json\/wp\/v2\/media\/2421"}],"wp:attachment":[{"href":"https:\/\/www.valaz.es\/fr\/wp-json\/wp\/v2\/media?parent=4164"}],"wp:term":[{"taxonomy":"product_brand","embeddable":true,"href":"https:\/\/www.valaz.es\/fr\/wp-json\/wp\/v2\/product_brand?post=4164"},{"taxonomy":"product_cat","embeddable":true,"href":"https:\/\/www.valaz.es\/fr\/wp-json\/wp\/v2\/product_cat?post=4164"},{"taxonomy":"product_tag","embeddable":true,"href":"https:\/\/www.valaz.es\/fr\/wp-json\/wp\/v2\/product_tag?post=4164"},{"taxonomy":"serie","embeddable":true,"href":"https:\/\/www.valaz.es\/fr\/wp-json\/wp\/v2\/serie?post=4164"},{"taxonomy":"manual-de-instalacion","embeddable":true,"href":"https:\/\/www.valaz.es\/fr\/wp-json\/wp\/v2\/manual-de-instalacion?post=4164"},{"taxonomy":"color","embeddable":true,"href":"https:\/\/www.valaz.es\/fr\/wp-json\/wp\/v2\/color?post=4164"}],"curies":[{"name":"wp","href":"https:\/\/api.w.org\/{rel}","templated":true}]}}