{"id":4127,"date":"2022-11-15T16:35:15","date_gmt":"2022-11-15T15:35:15","guid":{"rendered":"https:\/\/www.valaz.es\/producto\/mitigeur-lavabo-bec-cygne-encastrable-dore-brosse-serie-aragon\/"},"modified":"2022-11-15T16:35:15","modified_gmt":"2022-11-15T15:35:15","slug":"grifo-de-lavabo-encastrado-monomando-cuello-cisne-dorado-cepillado-serie-aragon","status":"publish","type":"product","link":"https:\/\/www.valaz.es\/fr\/produit\/grifo-de-lavabo-encastrado-monomando-cuello-cisne-dorado-cepillado-serie-aragon\/","title":{"rendered":"Mitigeur lavabo bec cygne encastrable dor\u00e9 bross\u00e9 serie Arag\u00f3n"},"content":{"rendered":"<p>Mitigeur pivotant 360\u00ba<\/p>\n<p>Corps du robinet laiton dor\u00e9 bross\u00e9<\/p>\n<p>Cartouche c\u00e9ramique de 35 mm.<\/p>\n<p>Flexible 50cm.<\/p>\n","protected":false},"excerpt":{"rendered":"<p>Mitigeur pivotant 360\u00ba Corps du robinet laiton dor\u00e9 bross\u00e9 Cartouche  [&#8230;]<\/p>\n","protected":false},"featured_media":2664,"template":"","meta":[],"product_brand":[],"product_cat":[276],"product_tag":[],"serie":[126],"manual-de-instalacion":[],"color":[297],"class_list":{"0":"post-4127","1":"product","2":"type-product","3":"status-publish","4":"has-post-thumbnail","6":"product_cat-robinets-de-bassin","7":"serie-aragon-fr","8":"color-dorado-cepillado-fr","10":"first","11":"instock","12":"taxable","13":"shipping-taxable","14":"product-type-simple"},"_links":{"self":[{"href":"https:\/\/www.valaz.es\/fr\/wp-json\/wp\/v2\/product\/4127","targetHints":{"allow":["GET"]}}],"collection":[{"href":"https:\/\/www.valaz.es\/fr\/wp-json\/wp\/v2\/product"}],"about":[{"href":"https:\/\/www.valaz.es\/fr\/wp-json\/wp\/v2\/types\/product"}],"wp:featuredmedia":[{"embeddable":true,"href":"https:\/\/www.valaz.es\/fr\/wp-json\/wp\/v2\/media\/2664"}],"wp:attachment":[{"href":"https:\/\/www.valaz.es\/fr\/wp-json\/wp\/v2\/media?parent=4127"}],"wp:term":[{"taxonomy":"product_brand","embeddable":true,"href":"https:\/\/www.valaz.es\/fr\/wp-json\/wp\/v2\/product_brand?post=4127"},{"taxonomy":"product_cat","embeddable":true,"href":"https:\/\/www.valaz.es\/fr\/wp-json\/wp\/v2\/product_cat?post=4127"},{"taxonomy":"product_tag","embeddable":true,"href":"https:\/\/www.valaz.es\/fr\/wp-json\/wp\/v2\/product_tag?post=4127"},{"taxonomy":"serie","embeddable":true,"href":"https:\/\/www.valaz.es\/fr\/wp-json\/wp\/v2\/serie?post=4127"},{"taxonomy":"manual-de-instalacion","embeddable":true,"href":"https:\/\/www.valaz.es\/fr\/wp-json\/wp\/v2\/manual-de-instalacion?post=4127"},{"taxonomy":"color","embeddable":true,"href":"https:\/\/www.valaz.es\/fr\/wp-json\/wp\/v2\/color?post=4127"}],"curies":[{"name":"wp","href":"https:\/\/api.w.org\/{rel}","templated":true}]}}